{"id":14890,"date":"2023-11-20T16:19:15","date_gmt":"2023-11-20T14:19:15","guid":{"rendered":"https:\/\/toolhouse.fi\/produkt\/kuorintapihdit-automaatti\/"},"modified":"2025-12-28T00:48:34","modified_gmt":"2025-12-27T22:48:34","slug":"kuorintapihdit-automaatti","status":"publish","type":"product","link":"https:\/\/toolhouse.fi\/fi\/tuote\/kuorintapihdit-automaatti\/","title":{"rendered":"Kuorintapihdit automaatti"},"content":{"rendered":"","protected":false},"excerpt":{"rendered":"<p>&nbsp;<\/p>\n<h3>Automaattiset johtojen kuorimapihdit 0,2-6mm2 johdoille<\/h3>\n<ul>\n<li>Kuorimiskapasiteetti 0.2-6mm2 (10-24AWG)<\/li>\n<li>S\u00e4\u00e4dett\u00e4v\u00e4 kuorimapituus 6-18 mm.<\/li>\n<li>S\u00e4\u00e4dett\u00e4v\u00e4 kuorintavoima.<\/li>\n<li>Puristuskapasiteetti eristetyille liittimille\u00a022-18 AWG (4-6mm\u00b2).<\/li>\n<li>Puristuskapasiteetti erist\u00e4m\u00e4tt\u00f6mille liittimille 12-10 AWG (4-6mm\u00b2) \/ 16-14 AWG (1.5-2.5mm\u00b2) \/ 22-18 AWG (4-6mm\u00b2)<\/li>\n<li>Voidaan k\u00e4ytt\u00e4\u00e4 my\u00f6s leikkurina.<\/li>\n<li>Leuat Cr12MoV ter\u00e4st\u00e4.<\/li>\n<li>Luistamattomat kahvat.<\/li>\n<li>Paino 0,35 kg<\/li>\n<\/ul>\n","protected":false},"featured_media":14884,"template":"","meta":{"_acf_changed":false,"_seopress_robots_primary_cat":"","_seopress_titles_title":"","_seopress_titles_desc":"","_seopress_robots_index":""},"product_cat":[488,337,40],"product_tag":[],"class_list":{"0":"post-14890","1":"product","2":"type-product","3":"status-publish","4":"has-post-thumbnail","6":"product_cat-kasityokalut","7":"product_cat-tyokalut","8":"product_cat-korjaamolaitteet","9":"product_shipping_class-tillbehor-590e","11":"first","12":"instock","13":"taxable","14":"shipping-taxable","15":"purchasable","16":"product-type-simple","swatches":"rey-swatches","show_selected":""},"acf":[],"_links":{"self":[{"href":"https:\/\/toolhouse.fi\/fi\/wp-json\/wp\/v2\/product\/14890","targetHints":{"allow":["GET"]}}],"collection":[{"href":"https:\/\/toolhouse.fi\/fi\/wp-json\/wp\/v2\/product"}],"about":[{"href":"https:\/\/toolhouse.fi\/fi\/wp-json\/wp\/v2\/types\/product"}],"version-history":[{"count":0,"href":"https:\/\/toolhouse.fi\/fi\/wp-json\/wp\/v2\/product\/14890\/revisions"}],"wp:featuredmedia":[{"embeddable":true,"href":"https:\/\/toolhouse.fi\/fi\/wp-json\/wp\/v2\/media\/14884"}],"wp:attachment":[{"href":"https:\/\/toolhouse.fi\/fi\/wp-json\/wp\/v2\/media?parent=14890"}],"wp:term":[{"taxonomy":"product_cat","embeddable":true,"href":"https:\/\/toolhouse.fi\/fi\/wp-json\/wp\/v2\/product_cat?post=14890"},{"taxonomy":"product_tag","embeddable":true,"href":"https:\/\/toolhouse.fi\/fi\/wp-json\/wp\/v2\/product_tag?post=14890"}],"curies":[{"name":"wp","href":"https:\/\/api.w.org\/{rel}","templated":true}]}}