{"id":14904,"date":"2023-11-20T18:43:44","date_gmt":"2023-11-20T16:43:44","guid":{"rendered":"https:\/\/toolhouse.fi\/produkt\/hydrauliprassin-rakennussarja-30-ton\/"},"modified":"2025-10-20T15:33:58","modified_gmt":"2025-10-20T12:33:58","slug":"hydrauliprassin-rakennussarja-30-ton","status":"publish","type":"product","link":"https:\/\/toolhouse.fi\/fi\/tuote\/hydrauliprassin-rakennussarja-30-ton\/","title":{"rendered":"Hydraulipr\u00e4ssin rakennussarja 30 Ton"},"content":{"rendered":"","protected":false},"excerpt":{"rendered":"<p>&nbsp;<\/p>\n<p>Sarja sis\u00e4lt\u00e4\u00e4:<\/p>\n<ul>\n<li>Sylinteri, mutterit ja pikaliitin.<\/li>\n<li class=\"LC20lb MBeuO DKV0Md\">Hydrauliikkaletku pikaliittimill\u00e4<\/li>\n<li>2-vaiheinen hydraulipumppu (nopea ja tarkka asetus)<\/li>\n<li>Painemittari ja tiiviste<\/li>\n<li>Sylinterin ja pumpun v\u00e4ri: musta<\/li>\n<\/ul>\n<table class=\"n54117_dictionary\">\n<tbody>\n<tr>\n<td class=\"n54117_item_a1\"><span class=\"n67256colon\">Sylinterin tekniset tiedot:<\/span><\/td>\n<td class=\"n54117_item_b1\"><\/td>\n<\/tr>\n<tr>\n<td class=\"n54117_item_a2\"><span class=\"n67256colon\">Malli:<\/span><\/td>\n<td class=\"n54117_item_b2\">\n<div class=\"n54117_item_b_sub\">30T<\/div>\n<\/td>\n<\/tr>\n<tr>\n<td class=\"n54117_item_a1\">Iskunpituus:<\/td>\n<td class=\"n54117_item_b1\">\n<div class=\"n54117_item_b_sub\">170 mm<\/div>\n<\/td>\n<\/tr>\n<tr>\n<td class=\"n54117_item_a2\">M\u00e4nn\u00e4nvarren halkaisija:<\/p>\n<p>M\u00e4nn\u00e4n halkaisija:<\/p>\n<p>Ulkohalkaisija:<\/td>\n<td class=\"n54117_item_b2\">56 mm<\/p>\n<p>86 mm<\/p>\n<p>92 mm<\/td>\n<\/tr>\n<tr>\n<td class=\"n54117_item_a1\">Mukana:<\/td>\n<td class=\"n54117_item_b1\">\n<div class=\"n54117_item_b_sub\">Mutterit 2kpl<\/div>\n<div>Pikaliitin<\/div>\n<div>Sylinterin p\u00e4\u00e4<\/div>\n<\/td>\n<\/tr>\n<tr>\n<td class=\"n54117_item_a2\">Takuu:<\/td>\n<td class=\"n54117_item_b2\">12 kuukautta<\/td>\n<\/tr>\n<\/tbody>\n<\/table>\n","protected":false},"featured_media":15988,"template":"","meta":{"_acf_changed":false,"_seopress_robots_primary_cat":"none","_seopress_titles_title":"","_seopress_titles_desc":"","_seopress_robots_index":""},"product_cat":[138,462],"product_tag":[],"class_list":{"0":"post-14904","1":"product","2":"type-product","3":"status-publish","4":"has-post-thumbnail","6":"product_cat-hydrauliprassit","7":"product_cat-varaosat-ja-tarvikkeet-hydrauliprassit","8":"product_shipping_class-tillbehor-790e","10":"first","11":"outofstock","12":"taxable","13":"shipping-taxable","14":"purchasable","15":"product-type-simple","swatches":"rey-swatches","show_selected":""},"acf":[],"_links":{"self":[{"href":"https:\/\/toolhouse.fi\/fi\/wp-json\/wp\/v2\/product\/14904","targetHints":{"allow":["GET"]}}],"collection":[{"href":"https:\/\/toolhouse.fi\/fi\/wp-json\/wp\/v2\/product"}],"about":[{"href":"https:\/\/toolhouse.fi\/fi\/wp-json\/wp\/v2\/types\/product"}],"version-history":[{"count":2,"href":"https:\/\/toolhouse.fi\/fi\/wp-json\/wp\/v2\/product\/14904\/revisions"}],"predecessor-version":[{"id":28530,"href":"https:\/\/toolhouse.fi\/fi\/wp-json\/wp\/v2\/product\/14904\/revisions\/28530"}],"wp:featuredmedia":[{"embeddable":true,"href":"https:\/\/toolhouse.fi\/fi\/wp-json\/wp\/v2\/media\/15988"}],"wp:attachment":[{"href":"https:\/\/toolhouse.fi\/fi\/wp-json\/wp\/v2\/media?parent=14904"}],"wp:term":[{"taxonomy":"product_cat","embeddable":true,"href":"https:\/\/toolhouse.fi\/fi\/wp-json\/wp\/v2\/product_cat?post=14904"},{"taxonomy":"product_tag","embeddable":true,"href":"https:\/\/toolhouse.fi\/fi\/wp-json\/wp\/v2\/product_tag?post=14904"}],"curies":[{"name":"wp","href":"https:\/\/api.w.org\/{rel}","templated":true}]}}