{"id":14931,"date":"2023-11-21T13:56:20","date_gmt":"2023-11-21T11:56:20","guid":{"rendered":"https:\/\/toolhouse.fi\/produkt\/hydraulinen-puominostin\/"},"modified":"2025-11-05T14:26:53","modified_gmt":"2025-11-05T12:26:53","slug":"hydraulinen-puominostin","status":"publish","type":"product","link":"https:\/\/toolhouse.fi\/fi\/tuote\/hydraulinen-puominostin\/","title":{"rendered":"Hydraulinen puominostin 450kg \/ 360\u00b0"},"content":{"rendered":"","protected":false},"excerpt":{"rendered":"<p>360\u00b0 py\u00f6riv\u00e4 hydraulinen puominostin vinssill\u00e4.<\/p>\n<p>Esimerkiksi ty\u00f6pajaan, autotalliin, lava-autoihin sek\u00e4 monenlaisiin muihin nostot\u00f6ihin.<\/p>\n<p>&nbsp;<\/p>\n<ul>\n<li>Nostokyky max 450 kg.<\/li>\n<li>Nostokorkeus max 2000 mm.<\/li>\n<li>K\u00e4\u00e4nnett\u00e4viss\u00e4 360\u00b0.<\/li>\n<li>Suuri asennuslevy jossa kiinnitysreiki\u00e4.<\/li>\n<li>Taitettava.<\/li>\n<li>Nostopuomien pituus 780 mm &#8211; 1300 mm<\/li>\n<li>Nostokapasiteetti:\u00a0 225 kg \/ 270 kg \/ 320 kg \/ 450 kg.<\/li>\n<li>CE-hyv\u00e4ksytty.<\/li>\n<li>Paino 42 kg.<\/li>\n<\/ul>\n<p>&nbsp;<\/p>\n","protected":false},"featured_media":14916,"template":"","meta":{"_acf_changed":false,"_seopress_robots_primary_cat":"","_seopress_titles_title":"","_seopress_titles_desc":"","_seopress_robots_index":""},"product_cat":[455,288,456,40],"product_tag":[],"class_list":{"0":"post-14931","1":"product","2":"type-product","3":"status-publish","4":"has-post-thumbnail","6":"product_cat-ajoneuvonostimet","7":"product_cat-moottori-ja-vaihdelaatikkonostimet","8":"product_cat-moottorinostimet","9":"product_cat-korjaamolaitteet","10":"product_shipping_class-h-370-43e","12":"first","13":"instock","14":"taxable","15":"shipping-taxable","16":"purchasable","17":"product-type-simple","swatches":"rey-swatches","show_selected":""},"acf":[],"_links":{"self":[{"href":"https:\/\/toolhouse.fi\/fi\/wp-json\/wp\/v2\/product\/14931","targetHints":{"allow":["GET"]}}],"collection":[{"href":"https:\/\/toolhouse.fi\/fi\/wp-json\/wp\/v2\/product"}],"about":[{"href":"https:\/\/toolhouse.fi\/fi\/wp-json\/wp\/v2\/types\/product"}],"version-history":[{"count":1,"href":"https:\/\/toolhouse.fi\/fi\/wp-json\/wp\/v2\/product\/14931\/revisions"}],"predecessor-version":[{"id":29062,"href":"https:\/\/toolhouse.fi\/fi\/wp-json\/wp\/v2\/product\/14931\/revisions\/29062"}],"wp:featuredmedia":[{"embeddable":true,"href":"https:\/\/toolhouse.fi\/fi\/wp-json\/wp\/v2\/media\/14916"}],"wp:attachment":[{"href":"https:\/\/toolhouse.fi\/fi\/wp-json\/wp\/v2\/media?parent=14931"}],"wp:term":[{"taxonomy":"product_cat","embeddable":true,"href":"https:\/\/toolhouse.fi\/fi\/wp-json\/wp\/v2\/product_cat?post=14931"},{"taxonomy":"product_tag","embeddable":true,"href":"https:\/\/toolhouse.fi\/fi\/wp-json\/wp\/v2\/product_tag?post=14931"}],"curies":[{"name":"wp","href":"https:\/\/api.w.org\/{rel}","templated":true}]}}