{"id":14963,"date":"2023-11-22T15:38:55","date_gmt":"2023-11-22T13:38:55","guid":{"rendered":"https:\/\/toolhouse.fi\/produkt\/moottorinostin-1000kg\/"},"modified":"2024-11-19T13:29:08","modified_gmt":"2024-11-19T11:29:08","slug":"moottorinostin-1000kg","status":"publish","type":"product","link":"https:\/\/toolhouse.fi\/fi\/tuote\/moottorinostin-1000kg\/","title":{"rendered":"Moottorinostin 1000kg matalaprofiili"},"content":{"rendered":"","protected":false},"excerpt":{"rendered":"<p>Tukeva matalaprofiili korjaamonosturi matalilla py\u00f6rill\u00e4 &amp; varsilla &#8211; korkeus vain 85mm, sopii my\u00f6s matalien autojen alle.<\/p>\n<p><img alt=\"\" fetchpriority=\"high\" decoding=\"async\" class=\" wp-image-16015 alignright\" src=\"http:\/\/toolhouse.fi\/wp-content\/uploads\/2023\/11\/Moottorinostin-1000kg-matala-2.jpg\" alt=\"\" width=\"367\" height=\"367\" srcset=\"https:\/\/toolhouse.fi\/wp-content\/uploads\/2023\/11\/Moottorinostin-1000kg-matala-2.jpg 1000w, https:\/\/toolhouse.fi\/wp-content\/uploads\/2023\/11\/Moottorinostin-1000kg-matala-2-300x300.jpg 300w, https:\/\/toolhouse.fi\/wp-content\/uploads\/2023\/11\/Moottorinostin-1000kg-matala-2-100x100.jpg 100w, https:\/\/toolhouse.fi\/wp-content\/uploads\/2023\/11\/Moottorinostin-1000kg-matala-2-510x510.jpg 510w, https:\/\/toolhouse.fi\/wp-content\/uploads\/2023\/11\/Moottorinostin-1000kg-matala-2-150x150.jpg 150w, https:\/\/toolhouse.fi\/wp-content\/uploads\/2023\/11\/Moottorinostin-1000kg-matala-2-768x768.jpg 768w\" sizes=\"(max-width: 367px) 100vw, 367px\" \/><\/p>\n<ul>\n<li>Nostokyky: 1000kg \/ 750kg \/ 500kg<\/li>\n<li>Nostopuomin pituus: 105 \/ 117 \/ 129 cm<\/li>\n<li>Nostokorkeus 220 cm<\/li>\n<li>Alustan korkeus: 8,5 cm<\/li>\n<li>Alustan suurin leveys 100 cm<\/li>\n<li>Tukijalkojen pituus: 146 cm<\/li>\n<li>Korkeus: 146 cm<\/li>\n<li>Paino: 74 kg<\/li>\n<li>Py\u00f6riv\u00e4 nostokoukku<\/li>\n<li>Kokoontaitettava<\/li>\n<li>Ce-hyv\u00e4ksytty<\/li>\n<li>Takuu: 12 kuukautta<\/li>\n<\/ul>\n","protected":false},"featured_media":14953,"template":"","meta":{"_acf_changed":false,"_seopress_robots_primary_cat":"","_seopress_titles_title":"","_seopress_titles_desc":"","_seopress_robots_index":""},"product_cat":[455,288,456],"product_tag":[548],"class_list":{"0":"post-14963","1":"product","2":"type-product","3":"status-publish","4":"has-post-thumbnail","6":"product_cat-ajoneuvonostimet","7":"product_cat-moottori-ja-vaihdelaatikkonostimet","8":"product_cat-moottorinostimet","9":"product_tag-1000-kg-2","10":"product_shipping_class-frakt53e-fi","12":"first","13":"instock","14":"taxable","15":"shipping-taxable","16":"purchasable","17":"product-type-simple","swatches":"rey-swatches","show_selected":""},"acf":[],"_links":{"self":[{"href":"https:\/\/toolhouse.fi\/fi\/wp-json\/wp\/v2\/product\/14963","targetHints":{"allow":["GET"]}}],"collection":[{"href":"https:\/\/toolhouse.fi\/fi\/wp-json\/wp\/v2\/product"}],"about":[{"href":"https:\/\/toolhouse.fi\/fi\/wp-json\/wp\/v2\/types\/product"}],"version-history":[{"count":0,"href":"https:\/\/toolhouse.fi\/fi\/wp-json\/wp\/v2\/product\/14963\/revisions"}],"wp:featuredmedia":[{"embeddable":true,"href":"https:\/\/toolhouse.fi\/fi\/wp-json\/wp\/v2\/media\/14953"}],"wp:attachment":[{"href":"https:\/\/toolhouse.fi\/fi\/wp-json\/wp\/v2\/media?parent=14963"}],"wp:term":[{"taxonomy":"product_cat","embeddable":true,"href":"https:\/\/toolhouse.fi\/fi\/wp-json\/wp\/v2\/product_cat?post=14963"},{"taxonomy":"product_tag","embeddable":true,"href":"https:\/\/toolhouse.fi\/fi\/wp-json\/wp\/v2\/product_tag?post=14963"}],"curies":[{"name":"wp","href":"https:\/\/api.w.org\/{rel}","templated":true}]}}