{"id":15001,"date":"2023-11-25T13:00:16","date_gmt":"2023-11-25T11:00:16","guid":{"rendered":"https:\/\/toolhouse.fi\/produkt\/korinoikaisusarja-10-t\/"},"modified":"2023-11-25T13:00:16","modified_gmt":"2023-11-25T11:00:16","slug":"korinoikaisusarja-10-t","status":"publish","type":"product","link":"https:\/\/toolhouse.fi\/fi\/tuote\/korinoikaisusarja-10-t\/","title":{"rendered":"Korinoikaisusarja 10 t"},"content":{"rendered":"","protected":false},"excerpt":{"rendered":"<p>T\u00e4ydellinen sarja painamiseen, nostamiseen ja puristamiseen.<\/p>\n<p>Pumppua voidaan k\u00e4ytt\u00e4\u00e4 vaaka- tai pystyasennossa.<br \/>\nMekaanisissa osissa on pikalukitus,<\/p>\n<p>Pakattu tukevaan muovilaatikkoon siirtopy\u00f6rill\u00e4.<\/p>\n<ul>\n<li>Pumppu 10 t<\/li>\n<li>Painesylinteri, 10 t<\/li>\n<li>Iskunpituus 130 mm<\/li>\n<li>4kpl jatkotangot: 13 cm, 25 cm, 35 cm, 50 cm<\/li>\n<li>Hydrauliletku<\/li>\n<li>Levitin 1\/2 t<\/li>\n<li>Jalusta kumisuojuksilla<\/li>\n<li>Adapteri kierteill\u00e4<\/li>\n<li>Uritettu tukilaippa<\/li>\n<li>Levitin<\/li>\n<li>Kumip\u00e4\u00e4<\/li>\n<li>Kiila<\/li>\n<li>90\u00ba V-tuki<\/li>\n<li>3kpl liitinpalat<\/li>\n<li>Muovilaatikko py\u00f6rill\u00e4.(100x50x20 cm)<\/li>\n<li>Paino 28 kg<\/li>\n<li>Ce-hyv\u00e4ksytty<\/li>\n<li>Takuu 12 kuukautta<\/li>\n<\/ul>\n","protected":false},"featured_media":14991,"template":"","meta":{"_acf_changed":false,"_seopress_robots_primary_cat":"","_seopress_titles_title":"","_seopress_titles_desc":"","_seopress_robots_index":""},"product_cat":[339,138,461,40],"product_tag":[],"class_list":{"0":"post-15001","1":"product","2":"type-product","3":"status-publish","4":"has-post-thumbnail","6":"product_cat-autotyokalut","7":"product_cat-hydrauliprassit","8":"product_cat-korinoikaisusarjat","9":"product_cat-korjaamolaitteet","10":"product_shipping_class-k-160-1090e","12":"first","13":"instock","14":"taxable","15":"shipping-taxable","16":"purchasable","17":"product-type-simple","swatches":"rey-swatches","show_selected":""},"acf":[],"_links":{"self":[{"href":"https:\/\/toolhouse.fi\/fi\/wp-json\/wp\/v2\/product\/15001","targetHints":{"allow":["GET"]}}],"collection":[{"href":"https:\/\/toolhouse.fi\/fi\/wp-json\/wp\/v2\/product"}],"about":[{"href":"https:\/\/toolhouse.fi\/fi\/wp-json\/wp\/v2\/types\/product"}],"version-history":[{"count":0,"href":"https:\/\/toolhouse.fi\/fi\/wp-json\/wp\/v2\/product\/15001\/revisions"}],"wp:featuredmedia":[{"embeddable":true,"href":"https:\/\/toolhouse.fi\/fi\/wp-json\/wp\/v2\/media\/14991"}],"wp:attachment":[{"href":"https:\/\/toolhouse.fi\/fi\/wp-json\/wp\/v2\/media?parent=15001"}],"wp:term":[{"taxonomy":"product_cat","embeddable":true,"href":"https:\/\/toolhouse.fi\/fi\/wp-json\/wp\/v2\/product_cat?post=15001"},{"taxonomy":"product_tag","embeddable":true,"href":"https:\/\/toolhouse.fi\/fi\/wp-json\/wp\/v2\/product_tag?post=15001"}],"curies":[{"name":"wp","href":"https:\/\/api.w.org\/{rel}","templated":true}]}}