{"id":15032,"date":"2023-11-25T17:37:45","date_gmt":"2023-11-25T15:37:45","guid":{"rendered":"https:\/\/toolhouse.fi\/produkt\/moottorin-tasapainoittaja-900kg\/"},"modified":"2025-07-22T07:01:08","modified_gmt":"2025-07-22T04:01:08","slug":"moottorin-tasapainoittaja-900kg","status":"publish","type":"product","link":"https:\/\/toolhouse.fi\/fi\/tuote\/moottorin-tasapainoittaja-900kg\/","title":{"rendered":"Moottorin tasapainoittaja 900kg"},"content":{"rendered":"","protected":false},"excerpt":{"rendered":"<p>&nbsp;<\/p>\n<h3>Korkealaatuinen moottorin tasapainotin puominosturiin.<\/h3>\n<p>&nbsp;<\/p>\n<ul>\n<li>Nopea s\u00e4\u00e4t\u00f6 trapetsikierteell\u00e4<\/li>\n<li>2 kpl nostoketju<\/li>\n<li>Enimm\u00e4iskuorma\u00a0 908 kg<\/li>\n<li>Leveys 400 mm<\/li>\n<li>Paino 7 kg<\/li>\n<\/ul>\n","protected":false},"featured_media":15025,"template":"","meta":{"_acf_changed":false,"_seopress_robots_primary_cat":"","_seopress_titles_title":"","_seopress_titles_desc":"","_seopress_robots_index":""},"product_cat":[455,288,456],"product_tag":[],"class_list":{"0":"post-15032","1":"product","2":"type-product","3":"status-publish","4":"has-post-thumbnail","6":"product_cat-ajoneuvonostimet","7":"product_cat-moottori-ja-vaihdelaatikkonostimet","8":"product_cat-moottorinostimet","9":"product_shipping_class-tillbehor-790e","11":"first","12":"instock","13":"taxable","14":"shipping-taxable","15":"purchasable","16":"product-type-simple","swatches":"rey-swatches","show_selected":""},"acf":[],"_links":{"self":[{"href":"https:\/\/toolhouse.fi\/fi\/wp-json\/wp\/v2\/product\/15032","targetHints":{"allow":["GET"]}}],"collection":[{"href":"https:\/\/toolhouse.fi\/fi\/wp-json\/wp\/v2\/product"}],"about":[{"href":"https:\/\/toolhouse.fi\/fi\/wp-json\/wp\/v2\/types\/product"}],"version-history":[{"count":1,"href":"https:\/\/toolhouse.fi\/fi\/wp-json\/wp\/v2\/product\/15032\/revisions"}],"predecessor-version":[{"id":17664,"href":"https:\/\/toolhouse.fi\/fi\/wp-json\/wp\/v2\/product\/15032\/revisions\/17664"}],"wp:featuredmedia":[{"embeddable":true,"href":"https:\/\/toolhouse.fi\/fi\/wp-json\/wp\/v2\/media\/15025"}],"wp:attachment":[{"href":"https:\/\/toolhouse.fi\/fi\/wp-json\/wp\/v2\/media?parent=15032"}],"wp:term":[{"taxonomy":"product_cat","embeddable":true,"href":"https:\/\/toolhouse.fi\/fi\/wp-json\/wp\/v2\/product_cat?post=15032"},{"taxonomy":"product_tag","embeddable":true,"href":"https:\/\/toolhouse.fi\/fi\/wp-json\/wp\/v2\/product_tag?post=15032"}],"curies":[{"name":"wp","href":"https:\/\/api.w.org\/{rel}","templated":true}]}}