{"id":15038,"date":"2023-11-25T18:46:49","date_gmt":"2023-11-25T16:46:49","guid":{"rendered":"https:\/\/toolhouse.fi\/produkt\/puristuspaine-mittari\/"},"modified":"2026-01-11T17:45:40","modified_gmt":"2026-01-11T15:45:40","slug":"puristuspaine-mittari","status":"publish","type":"product","link":"https:\/\/toolhouse.fi\/fi\/tuote\/puristuspaine-mittari\/","title":{"rendered":"Puristuspainemittari digitaalinen"},"content":{"rendered":"","protected":false},"excerpt":{"rendered":"<p><strong>Tarkka puristuspainemittari digitaalisella n\u00e4yt\u00f6ll\u00e4 ja kuudella eri sovittimella.<\/strong><\/p>\n<p>&nbsp;<\/p>\n<ul>\n<li class=\"product_title entry-title\">Bensiinimoottoreille<\/li>\n<li>Sopii eri sytytystulppien kierrekokoihin 10, 12, 14, 18 mm<\/li>\n<li>4 eri yksik\u00f6ss\u00e4: psi, Kpa, bar, Kgf \/ cm\u00b2.<\/li>\n<li>Mittausalue: max. 14 baaria (200 psi)<\/li>\n<li>Tarkkuus 0,1 bar<\/li>\n<li>Varustettu sivuventtiilill\u00e4 nopeaa uudelleentestausta<\/li>\n<li>virtal\u00e4hde: 2x AAA paristo(Mukana paristot)<\/li>\n<\/ul>\n<p><strong>Pakkaus sis\u00e4lt\u00e4\u00e4:<\/strong><\/p>\n<ul>\n<li>Kulmakumitiivisteinen painekappale 150 mm<\/li>\n<li>Suora kumitiivisteinen painekappale 150 mm<\/li>\n<li>Sovitin M10x1,0 mm<\/li>\n<li>Sovitin M12x1,25 mm<\/li>\n<li>Sovitin M14x1,25 mm<\/li>\n<li>Sovitin M18x1,5 mm<\/li>\n<li>Manometri LCD 63 mm suojakuorella<\/li>\n<li>500 mm joustava letku pikaliit\u00e4nn\u00e4ll\u00e4<\/li>\n<\/ul>\n","protected":false},"featured_media":15037,"template":"","meta":{"_acf_changed":false,"_seopress_robots_primary_cat":"","_seopress_titles_title":"","_seopress_titles_desc":"","_seopress_robots_index":""},"product_cat":[339,480,40],"product_tag":[],"class_list":{"0":"post-15038","1":"product","2":"type-product","3":"status-publish","4":"has-post-thumbnail","6":"product_cat-autotyokalut","7":"product_cat-moottorityokalut","8":"product_cat-korjaamolaitteet","9":"product_shipping_class-tillbehor-790e","11":"first","12":"instock","13":"taxable","14":"shipping-taxable","15":"purchasable","16":"product-type-simple","swatches":"rey-swatches","show_selected":""},"acf":[],"_links":{"self":[{"href":"https:\/\/toolhouse.fi\/fi\/wp-json\/wp\/v2\/product\/15038","targetHints":{"allow":["GET"]}}],"collection":[{"href":"https:\/\/toolhouse.fi\/fi\/wp-json\/wp\/v2\/product"}],"about":[{"href":"https:\/\/toolhouse.fi\/fi\/wp-json\/wp\/v2\/types\/product"}],"version-history":[{"count":0,"href":"https:\/\/toolhouse.fi\/fi\/wp-json\/wp\/v2\/product\/15038\/revisions"}],"wp:featuredmedia":[{"embeddable":true,"href":"https:\/\/toolhouse.fi\/fi\/wp-json\/wp\/v2\/media\/15037"}],"wp:attachment":[{"href":"https:\/\/toolhouse.fi\/fi\/wp-json\/wp\/v2\/media?parent=15038"}],"wp:term":[{"taxonomy":"product_cat","embeddable":true,"href":"https:\/\/toolhouse.fi\/fi\/wp-json\/wp\/v2\/product_cat?post=15038"},{"taxonomy":"product_tag","embeddable":true,"href":"https:\/\/toolhouse.fi\/fi\/wp-json\/wp\/v2\/product_tag?post=15038"}],"curies":[{"name":"wp","href":"https:\/\/api.w.org\/{rel}","templated":true}]}}