{"id":15062,"date":"2023-11-27T14:10:08","date_gmt":"2023-11-27T12:10:08","guid":{"rendered":"https:\/\/toolhouse.fi\/produkt\/suodatinavain-80-105mm\/"},"modified":"2025-10-22T21:40:51","modified_gmt":"2025-10-22T18:40:51","slug":"suodatinavain-80-105mm","status":"publish","type":"product","link":"https:\/\/toolhouse.fi\/fi\/tuote\/suodatinavain-80-105mm\/","title":{"rendered":"Suodatinty\u00f6kalu 80 &#8211; 105mm"},"content":{"rendered":"","protected":false},"excerpt":{"rendered":"<p>Automaattisesti s\u00e4\u00e4tyv\u00e4 kaksisuuntainen suodatinavain<\/p>\n<p>Luistamattomat hammastetut ter\u00e4sleuat tarttuvat j\u00e4m\u00e4k\u00e4sti \u00f6ljynsuodattimeen.<\/p>\n<p>Suodatinavain puristuu sit\u00e4 lujemmin kiinni, mit\u00e4 lujemmin t\u00e4ytyy v\u00e4\u00e4nt\u00e4\u00e4 suodatin auki.<\/p>\n<p>Pystyy l\u00f6ys\u00e4\u00e4m\u00e4\u00e4n todella tiukat suodattimet.<\/p>\n<p>&nbsp;<\/p>\n<ul>\n<li>Koko: 80 &#8211; 105 mm<\/li>\n<li>Kaksisuuntainen<\/li>\n<li>V\u00e4\u00e4nti\u00f6: 1\/2&#8243; ja 22 mm<\/li>\n<li>Kromimolybdeeniter\u00e4st\u00e4<\/li>\n<li>Paino 0,86 kg<\/li>\n<\/ul>\n","protected":false},"featured_media":15059,"template":"","meta":{"_acf_changed":false,"_seopress_robots_primary_cat":"","_seopress_titles_title":"","_seopress_titles_desc":"","_seopress_robots_index":""},"product_cat":[339,341,40],"product_tag":[],"class_list":{"0":"post-15062","1":"product","2":"type-product","3":"status-publish","4":"has-post-thumbnail","6":"product_cat-autotyokalut","7":"product_cat-oljynvaihto","8":"product_cat-korjaamolaitteet","9":"product_shipping_class-tillbehor-790e","11":"first","12":"instock","13":"taxable","14":"shipping-taxable","15":"purchasable","16":"product-type-simple","swatches":"rey-swatches","show_selected":""},"acf":[],"_links":{"self":[{"href":"https:\/\/toolhouse.fi\/fi\/wp-json\/wp\/v2\/product\/15062","targetHints":{"allow":["GET"]}}],"collection":[{"href":"https:\/\/toolhouse.fi\/fi\/wp-json\/wp\/v2\/product"}],"about":[{"href":"https:\/\/toolhouse.fi\/fi\/wp-json\/wp\/v2\/types\/product"}],"version-history":[{"count":0,"href":"https:\/\/toolhouse.fi\/fi\/wp-json\/wp\/v2\/product\/15062\/revisions"}],"wp:featuredmedia":[{"embeddable":true,"href":"https:\/\/toolhouse.fi\/fi\/wp-json\/wp\/v2\/media\/15059"}],"wp:attachment":[{"href":"https:\/\/toolhouse.fi\/fi\/wp-json\/wp\/v2\/media?parent=15062"}],"wp:term":[{"taxonomy":"product_cat","embeddable":true,"href":"https:\/\/toolhouse.fi\/fi\/wp-json\/wp\/v2\/product_cat?post=15062"},{"taxonomy":"product_tag","embeddable":true,"href":"https:\/\/toolhouse.fi\/fi\/wp-json\/wp\/v2\/product_tag?post=15062"}],"curies":[{"name":"wp","href":"https:\/\/api.w.org\/{rel}","templated":true}]}}