{"id":15088,"date":"2023-11-27T17:28:42","date_gmt":"2023-11-27T15:28:42","guid":{"rendered":"https:\/\/toolhouse.fi\/produkt\/15088\/"},"modified":"2026-03-25T14:48:49","modified_gmt":"2026-03-25T12:48:49","slug":"laakerinulosvedinsarja-sisapuolinen-8-58mm","status":"publish","type":"product","link":"https:\/\/toolhouse.fi\/fi\/tuote\/laakerinulosvedinsarja-sisapuolinen-8-58mm\/","title":{"rendered":"Laakerinulosvedinsarja sis\u00e4puolinen 8 &#8211; 58mm"},"content":{"rendered":"","protected":false},"excerpt":{"rendered":"<p>Sis\u00e4puolinen laakerinulosvet\u00e4j\u00e4sarja on tarkoitettu vet\u00e4m\u00e4\u00e4n esim. laakerit, puslat ulos laakeripes\u00e4st\u00e4.<\/p>\n<p>Kiert\u00e4m\u00e4ll\u00e4 adapteria my\u00f6t\u00e4p\u00e4iv\u00e4\u00e4n laakerin sis\u00e4puolinen ulosvedin laajenee laakerin sis\u00e4reunaan tiukasti kiinni, mik\u00e4 j\u00e4lkeen laakeri voidaan ulosvet\u00e4\u00e4 pois laakeripes\u00e4st\u00e4 liukuvasaralla tai ulosvetimell\u00e4.<\/p>\n<p>&nbsp;<\/p>\n<p><strong>Sarja sis\u00e4lt\u00e4\u00e4:<\/strong><\/p>\n<ul>\n<li>Kierreadapteria: M6x1.0, M8x1.25, M10x1.5<\/li>\n<li>Liukuvasara 285 mm, M10<\/li>\n<li><span class=\"base\" data-ui-id=\"page-title-wrapper\">Keski\u00f6k\u00e4rki<\/span><\/li>\n<li>Ulosvedin.<\/li>\n<\/ul>\n<p><strong>10 kpl levi\u00e4vi\u00e4 adapterit:<\/strong><\/p>\n<ul>\n<li>8-11 mm<\/li>\n<li>12-17 mm<\/li>\n<li>18-23 mm<\/li>\n<li>24-29 mm<\/li>\n<li>30-34 mm<\/li>\n<li>34-38 mm<\/li>\n<li>39-43 mm<\/li>\n<li>44-48 mm<\/li>\n<li>49-53 mm<\/li>\n<li>54-58 mm<\/li>\n<\/ul>\n<p>Paino 6kg<\/p>\n<p>&nbsp;<\/p>\n","protected":false},"featured_media":15077,"template":"","meta":{"_acf_changed":false,"_seopress_robots_primary_cat":"","_seopress_titles_title":"","_seopress_titles_desc":"","_seopress_robots_index":""},"product_cat":[339,337,40,486],"product_tag":[],"class_list":{"0":"post-15088","1":"product","2":"type-product","3":"status-publish","4":"has-post-thumbnail","6":"product_cat-autotyokalut","7":"product_cat-tyokalut","8":"product_cat-korjaamolaitteet","9":"product_cat-ulosvetajat","10":"product_shipping_class-tillbehor-790e","12":"first","13":"instock","14":"taxable","15":"shipping-taxable","16":"purchasable","17":"product-type-simple","swatches":"rey-swatches","show_selected":""},"acf":[],"_links":{"self":[{"href":"https:\/\/toolhouse.fi\/fi\/wp-json\/wp\/v2\/product\/15088","targetHints":{"allow":["GET"]}}],"collection":[{"href":"https:\/\/toolhouse.fi\/fi\/wp-json\/wp\/v2\/product"}],"about":[{"href":"https:\/\/toolhouse.fi\/fi\/wp-json\/wp\/v2\/types\/product"}],"version-history":[{"count":0,"href":"https:\/\/toolhouse.fi\/fi\/wp-json\/wp\/v2\/product\/15088\/revisions"}],"wp:featuredmedia":[{"embeddable":true,"href":"https:\/\/toolhouse.fi\/fi\/wp-json\/wp\/v2\/media\/15077"}],"wp:attachment":[{"href":"https:\/\/toolhouse.fi\/fi\/wp-json\/wp\/v2\/media?parent=15088"}],"wp:term":[{"taxonomy":"product_cat","embeddable":true,"href":"https:\/\/toolhouse.fi\/fi\/wp-json\/wp\/v2\/product_cat?post=15088"},{"taxonomy":"product_tag","embeddable":true,"href":"https:\/\/toolhouse.fi\/fi\/wp-json\/wp\/v2\/product_tag?post=15088"}],"curies":[{"name":"wp","href":"https:\/\/api.w.org\/{rel}","templated":true}]}}