{"id":15103,"date":"2023-11-28T16:46:01","date_gmt":"2023-11-28T14:46:01","guid":{"rendered":"https:\/\/toolhouse.fi\/produkt\/mannanrengastyokalu-sarja\/"},"modified":"2026-03-02T19:00:30","modified_gmt":"2026-03-02T17:00:30","slug":"mannanrengastyokalu-sarja","status":"publish","type":"product","link":"https:\/\/toolhouse.fi\/fi\/tuote\/mannanrengastyokalu-sarja\/","title":{"rendered":"M\u00e4nn\u00e4nrengasty\u00f6kalu-sarja"},"content":{"rendered":"","protected":false},"excerpt":{"rendered":"<p>Kattava ty\u00f6kalusarja m\u00e4nn\u00e4nrenkaiden asennukseen \u00a050 &#8211; 175mm.<\/p>\n<p>Sarjasta l\u00f6ytyy tarvittavat ty\u00f6kalut m\u00e4nn\u00e4nrenkaan uran puhdistukseen sek\u00e4 m\u00e4nn\u00e4nrenkaiden asennukseen.<br \/>\nSarjaan kuuluu m\u00e4nn\u00e4nrengaspihdit, m\u00e4nn\u00e4nrenkaan uran puhdistusty\u00f6kalu vaihtop\u00e4ineen sek\u00e4 kolme erikokoista itselukittuvat m\u00e4nn\u00e4nrengaspantaa.<\/p>\n<p>&nbsp;<\/p>\n<ul>\n<li>M\u00e4nn\u00e4nrengaspanta: pituus: 75mm, halkaisija 53 &#8211; 125mm<\/li>\n<li>M\u00e4nn\u00e4nrengaspanta: pituus: 75mm, halkaisija 90 &#8211; 175mm<\/li>\n<li>M\u00e4nn\u00e4nrengaspanta: pituus: 100mm, halkaisija 90 &#8211; 175mm<\/li>\n<li>M\u00e4nn\u00e4nrengaspihdit: halkaisija 50 &#8211; 100mm<\/li>\n<li>Uran puhdistusty\u00f6kalu: halkaisija:51-127mm<\/li>\n<li>Puhdistusty\u00f6kalun vaihtop\u00e4\u00e4: 1\/16&#8243; &#8211; 3\/16&#8243;<\/li>\n<li>Puhdistusty\u00f6kalun vaihtop\u00e4\u00e4: 2.0mm &#8211; 4.5mm &amp; 1\/4&#8243;<\/li>\n<li>Puhdistusty\u00f6kalun vaihtop\u00e4\u00e4: 1.2mm &#8211; 5.5mm<\/li>\n<li>Ph meisseli<\/li>\n<li>S\u00e4ilytyskotelo<\/li>\n<\/ul>\n","protected":false},"featured_media":15100,"template":"","meta":{"_acf_changed":false,"_seopress_robots_primary_cat":"","_seopress_titles_title":"","_seopress_titles_desc":"","_seopress_robots_index":""},"product_cat":[339,480,40],"product_tag":[],"class_list":{"0":"post-15103","1":"product","2":"type-product","3":"status-publish","4":"has-post-thumbnail","6":"product_cat-autotyokalut","7":"product_cat-moottorityokalut","8":"product_cat-korjaamolaitteet","9":"product_shipping_class-tillbehor-790e","11":"first","12":"instock","13":"taxable","14":"shipping-taxable","15":"purchasable","16":"product-type-simple","swatches":"rey-swatches","show_selected":""},"acf":[],"_links":{"self":[{"href":"https:\/\/toolhouse.fi\/fi\/wp-json\/wp\/v2\/product\/15103","targetHints":{"allow":["GET"]}}],"collection":[{"href":"https:\/\/toolhouse.fi\/fi\/wp-json\/wp\/v2\/product"}],"about":[{"href":"https:\/\/toolhouse.fi\/fi\/wp-json\/wp\/v2\/types\/product"}],"version-history":[{"count":0,"href":"https:\/\/toolhouse.fi\/fi\/wp-json\/wp\/v2\/product\/15103\/revisions"}],"wp:featuredmedia":[{"embeddable":true,"href":"https:\/\/toolhouse.fi\/fi\/wp-json\/wp\/v2\/media\/15100"}],"wp:attachment":[{"href":"https:\/\/toolhouse.fi\/fi\/wp-json\/wp\/v2\/media?parent=15103"}],"wp:term":[{"taxonomy":"product_cat","embeddable":true,"href":"https:\/\/toolhouse.fi\/fi\/wp-json\/wp\/v2\/product_cat?post=15103"},{"taxonomy":"product_tag","embeddable":true,"href":"https:\/\/toolhouse.fi\/fi\/wp-json\/wp\/v2\/product_tag?post=15103"}],"curies":[{"name":"wp","href":"https:\/\/api.w.org\/{rel}","templated":true}]}}