{"id":15116,"date":"2023-11-29T17:01:43","date_gmt":"2023-11-29T15:01:43","guid":{"rendered":"https:\/\/toolhouse.fi\/produkt\/puhdistuslaikka-pyorannavalle\/"},"modified":"2025-08-08T22:46:37","modified_gmt":"2025-08-08T19:46:37","slug":"puhdistuslaikka-pyorannavalle","status":"publish","type":"product","link":"https:\/\/toolhouse.fi\/fi\/tuote\/puhdistuslaikka-pyorannavalle\/","title":{"rendered":"Puhdistuslaikka py\u00f6r\u00e4nnavalle"},"content":{"rendered":"","protected":false},"excerpt":{"rendered":"<p>&nbsp;<\/p>\n<p>Nopeaan lian ja ruosteen poistoon py\u00f6r\u00e4n navoista, jarrulevyist\u00e4 ja pinnapulteista.<\/p>\n<ul>\n<li>6 mm adapteri porakoneeseen.<\/li>\n<li>6 kpl puhdistuslaikkoja<\/li>\n<li>Halkaisija 40 mm<\/li>\n<\/ul>\n","protected":false},"featured_media":15111,"template":"","meta":{"_acf_changed":false,"_seopress_robots_primary_cat":"","_seopress_titles_title":"","_seopress_titles_desc":"","_seopress_robots_index":"","_seopress_analysis_target_kw":""},"product_cat":[481,339,163,40],"product_tag":[],"class_list":{"0":"post-15116","1":"product","2":"type-product","3":"status-publish","4":"has-post-thumbnail","6":"product_cat-alusta-ja-voimansiirtotyokalut","7":"product_cat-autotyokalut","8":"product_cat-rengaskoneiden-tarvikkeet","9":"product_cat-korjaamolaitteet","10":"product_shipping_class-tillbehor-790e","12":"first","13":"instock","14":"taxable","15":"shipping-taxable","16":"purchasable","17":"product-type-simple","swatches":"rey-swatches","show_selected":""},"acf":[],"_links":{"self":[{"href":"https:\/\/toolhouse.fi\/fi\/wp-json\/wp\/v2\/product\/15116","targetHints":{"allow":["GET"]}}],"collection":[{"href":"https:\/\/toolhouse.fi\/fi\/wp-json\/wp\/v2\/product"}],"about":[{"href":"https:\/\/toolhouse.fi\/fi\/wp-json\/wp\/v2\/types\/product"}],"version-history":[{"count":0,"href":"https:\/\/toolhouse.fi\/fi\/wp-json\/wp\/v2\/product\/15116\/revisions"}],"wp:featuredmedia":[{"embeddable":true,"href":"https:\/\/toolhouse.fi\/fi\/wp-json\/wp\/v2\/media\/15111"}],"wp:attachment":[{"href":"https:\/\/toolhouse.fi\/fi\/wp-json\/wp\/v2\/media?parent=15116"}],"wp:term":[{"taxonomy":"product_cat","embeddable":true,"href":"https:\/\/toolhouse.fi\/fi\/wp-json\/wp\/v2\/product_cat?post=15116"},{"taxonomy":"product_tag","embeddable":true,"href":"https:\/\/toolhouse.fi\/fi\/wp-json\/wp\/v2\/product_tag?post=15116"}],"curies":[{"name":"wp","href":"https:\/\/api.w.org\/{rel}","templated":true}]}}