{"id":15118,"date":"2023-11-29T17:32:54","date_gmt":"2023-11-29T15:32:54","guid":{"rendered":"https:\/\/toolhouse.fi\/produkt\/15118\/"},"modified":"2026-04-30T12:32:26","modified_gmt":"2026-04-30T09:32:26","slug":"sylinterikannen-vuototesti","status":"publish","type":"product","link":"https:\/\/toolhouse.fi\/fi\/tuote\/sylinterikannen-vuototesti\/","title":{"rendered":"Sylinterikannen vuototesti"},"content":{"rendered":"","protected":false},"excerpt":{"rendered":"<p>Sylinterinkannen CO2\u00a0vuototestisarja<\/p>\n<ul>\n<li>Sis\u00e4lt\u00e4\u00e4 50 ml nestett\u00e4,riitt\u00e4\u00e4 25 testiin<\/li>\n<li>Sovitekartio 25mm-55mm<\/li>\n<li>Testikammio<\/li>\n<li>Polttomoottoreiden vuotojen paikantamiseen<\/li>\n<li>Nopea ja luotettava halkeamien ja vuotojen havaitseminen<\/li>\n<li>J\u00e4\u00e4hdytysnesteen CO2-pitoisuus havaitaan<\/li>\n<li>Ihanteellinen k\u00e4ytett\u00e4v\u00e4ksi sylinterinkansien, sylinterikannen tiivisteiden ja moottorilohkojen kanssa<\/li>\n<li>Vuoto n\u00e4kyy testinesteen v\u00e4rj\u00e4ytymisen kautta<\/li>\n<li>Kaikille tavallisille vesij\u00e4\u00e4hdytteisill\u00e4 moottoreilla varustetuille ajoneuvoille (kaasu, diesel ja bensiini)<\/li>\n<\/ul>\n<p>Jos neste muuttuu keltaiseksi tai vihre\u00e4ksi, polttokammion ja j\u00e4\u00e4hdytysj\u00e4rjestelm\u00e4n v\u00e4lill\u00e4 on vuoto.<br \/>\nNesteen v\u00e4ri muuttuu, jos se on kosketuksissa CO2 kaasun kanssa.<\/p>\n<p>Jos neste pysyy sinisen\u00e4, vuotoa ei ole.<\/p>\n","protected":false},"featured_media":15122,"template":"","meta":{"_acf_changed":false,"_seopress_robots_primary_cat":"","_seopress_titles_title":"","_seopress_titles_desc":"","_seopress_robots_index":""},"product_cat":[339,480,40],"product_tag":[],"class_list":{"0":"post-15118","1":"product","2":"type-product","3":"status-publish","4":"has-post-thumbnail","6":"product_cat-autotyokalut","7":"product_cat-moottorityokalut","8":"product_cat-korjaamolaitteet","10":"first","11":"instock","12":"taxable","13":"shipping-taxable","14":"purchasable","15":"product-type-simple","swatches":"rey-swatches","show_selected":""},"acf":[],"_links":{"self":[{"href":"https:\/\/toolhouse.fi\/fi\/wp-json\/wp\/v2\/product\/15118","targetHints":{"allow":["GET"]}}],"collection":[{"href":"https:\/\/toolhouse.fi\/fi\/wp-json\/wp\/v2\/product"}],"about":[{"href":"https:\/\/toolhouse.fi\/fi\/wp-json\/wp\/v2\/types\/product"}],"version-history":[{"count":0,"href":"https:\/\/toolhouse.fi\/fi\/wp-json\/wp\/v2\/product\/15118\/revisions"}],"wp:featuredmedia":[{"embeddable":true,"href":"https:\/\/toolhouse.fi\/fi\/wp-json\/wp\/v2\/media\/15122"}],"wp:attachment":[{"href":"https:\/\/toolhouse.fi\/fi\/wp-json\/wp\/v2\/media?parent=15118"}],"wp:term":[{"taxonomy":"product_cat","embeddable":true,"href":"https:\/\/toolhouse.fi\/fi\/wp-json\/wp\/v2\/product_cat?post=15118"},{"taxonomy":"product_tag","embeddable":true,"href":"https:\/\/toolhouse.fi\/fi\/wp-json\/wp\/v2\/product_tag?post=15118"}],"curies":[{"name":"wp","href":"https:\/\/api.w.org\/{rel}","templated":true}]}}