{"id":15134,"date":"2023-11-29T19:34:55","date_gmt":"2023-11-29T17:34:55","guid":{"rendered":"https:\/\/toolhouse.fi\/produkt\/15134\/"},"modified":"2026-05-01T19:24:18","modified_gmt":"2026-05-01T16:24:18","slug":"jakohihnan-kireysmittari","status":"publish","type":"product","link":"https:\/\/toolhouse.fi\/fi\/tuote\/jakohihnan-kireysmittari\/","title":{"rendered":"Jakohihnan kireysmittari"},"content":{"rendered":"","protected":false},"excerpt":{"rendered":"<p>Helppok\u00e4ytt\u00f6inen jakohihnan kireysmittari tarkoitettu tarkkaan kiristykseen jossa ajoitushihnan liike on mitattu kuorman mukaan. (N)<\/p>\n<p>&nbsp;<\/p>\n<ul>\n<li>Nm asteikko<\/li>\n<li>Voidaan lukea ty\u00f6kalun edest\u00e4 ja takaa<\/li>\n<li>Pehme\u00e4sti py\u00f6riv\u00e4 kiristin<\/li>\n<li>Hihnan kireysarvot on tarkistettava valmistajan korjaamok\u00e4sikirjasta.<\/li>\n<\/ul>\n<p>&nbsp;<\/p>\n","protected":false},"featured_media":15129,"template":"","meta":{"_acf_changed":false,"_seopress_robots_primary_cat":"","_seopress_titles_title":"","_seopress_titles_desc":"","_seopress_robots_index":""},"product_cat":[339,480,40],"product_tag":[],"class_list":{"0":"post-15134","1":"product","2":"type-product","3":"status-publish","4":"has-post-thumbnail","6":"product_cat-autotyokalut","7":"product_cat-moottorityokalut","8":"product_cat-korjaamolaitteet","9":"product_shipping_class-tillbehor-790e","11":"first","12":"instock","13":"taxable","14":"shipping-taxable","15":"purchasable","16":"product-type-simple","swatches":"rey-swatches","show_selected":""},"acf":[],"_links":{"self":[{"href":"https:\/\/toolhouse.fi\/fi\/wp-json\/wp\/v2\/product\/15134","targetHints":{"allow":["GET"]}}],"collection":[{"href":"https:\/\/toolhouse.fi\/fi\/wp-json\/wp\/v2\/product"}],"about":[{"href":"https:\/\/toolhouse.fi\/fi\/wp-json\/wp\/v2\/types\/product"}],"version-history":[{"count":0,"href":"https:\/\/toolhouse.fi\/fi\/wp-json\/wp\/v2\/product\/15134\/revisions"}],"wp:featuredmedia":[{"embeddable":true,"href":"https:\/\/toolhouse.fi\/fi\/wp-json\/wp\/v2\/media\/15129"}],"wp:attachment":[{"href":"https:\/\/toolhouse.fi\/fi\/wp-json\/wp\/v2\/media?parent=15134"}],"wp:term":[{"taxonomy":"product_cat","embeddable":true,"href":"https:\/\/toolhouse.fi\/fi\/wp-json\/wp\/v2\/product_cat?post=15134"},{"taxonomy":"product_tag","embeddable":true,"href":"https:\/\/toolhouse.fi\/fi\/wp-json\/wp\/v2\/product_tag?post=15134"}],"curies":[{"name":"wp","href":"https:\/\/api.w.org\/{rel}","templated":true}]}}