{"id":15148,"date":"2023-11-29T20:26:47","date_gmt":"2023-11-29T18:26:47","guid":{"rendered":"https:\/\/toolhouse.fi\/produkt\/anturin-ja-tunnistimen-hylsysarja\/"},"modified":"2025-09-22T19:21:28","modified_gmt":"2025-09-22T16:21:28","slug":"anturin-ja-tunnistimen-hylsysarja","status":"publish","type":"product","link":"https:\/\/toolhouse.fi\/fi\/tuote\/anturin-ja-tunnistimen-hylsysarja\/","title":{"rendered":"Anturin ja tunnistimen hylsysarja"},"content":{"rendered":"","protected":false},"excerpt":{"rendered":"<p>&nbsp;<\/p>\n<p>Hylsysarja soveltuu \u00f6ljynpaine-, alipaine-, lambda ja dieselsuuttimille<\/p>\n<ul>\n<li>22mm (7\/8&#8243;) lambda hylsy -korkeus\u00a0 30mm . 3\/8<\/li>\n<li>22 mm (7\/8&#8243;) leve\u00e4urallinen lambda hylsy &#8211; korkeus 90 mm. 3\/8<\/li>\n<li>22 mm (7\/8&#8243;) kapea alipaineanturin hylsy &#8211; korkeus 80 mm.\u00a0 3\/8<\/li>\n<li>27 mm (1 1\/16&#8243;) \u00f6ljynanturin hylsy &#8211; korkeus 74 mm. 3\/8<\/li>\n<\/ul>\n<p>&nbsp;<\/p>\n<ul>\n<li>22 mm (8-k\u00e4rkinen) l\u00e4mmitetty lambda hylsy &#8211; korkeus 50 mm. 1\/2<\/li>\n<li>27 mm (1 1\/16&#8243;) suutinhylsy &#8211; korkeus 85 mm. 1\/2<\/li>\n<li>29 mm lambda hylsy &#8211; korkeus 90 mm. 1\/2<\/li>\n<\/ul>\n<p>&nbsp;<\/p>\n<ul>\n<li>Cr-V ter\u00e4s<\/li>\n<li>3\/8&#8243;- ja 1\/2&#8243;-v\u00e4\u00e4nti\u00f6ille<\/li>\n<li>Paino 2,2 kg<\/li>\n<\/ul>\n","protected":false},"featured_media":15147,"template":"","meta":{"_acf_changed":false,"_seopress_robots_primary_cat":"","_seopress_titles_title":"","_seopress_titles_desc":"","_seopress_robots_index":""},"product_cat":[339,480,40],"product_tag":[],"class_list":{"0":"post-15148","1":"product","2":"type-product","3":"status-publish","4":"has-post-thumbnail","6":"product_cat-autotyokalut","7":"product_cat-moottorityokalut","8":"product_cat-korjaamolaitteet","9":"product_shipping_class-tillbehor-790e","11":"first","12":"instock","13":"taxable","14":"shipping-taxable","15":"purchasable","16":"product-type-simple","swatches":"rey-swatches","show_selected":""},"acf":[],"_links":{"self":[{"href":"https:\/\/toolhouse.fi\/fi\/wp-json\/wp\/v2\/product\/15148","targetHints":{"allow":["GET"]}}],"collection":[{"href":"https:\/\/toolhouse.fi\/fi\/wp-json\/wp\/v2\/product"}],"about":[{"href":"https:\/\/toolhouse.fi\/fi\/wp-json\/wp\/v2\/types\/product"}],"version-history":[{"count":0,"href":"https:\/\/toolhouse.fi\/fi\/wp-json\/wp\/v2\/product\/15148\/revisions"}],"wp:featuredmedia":[{"embeddable":true,"href":"https:\/\/toolhouse.fi\/fi\/wp-json\/wp\/v2\/media\/15147"}],"wp:attachment":[{"href":"https:\/\/toolhouse.fi\/fi\/wp-json\/wp\/v2\/media?parent=15148"}],"wp:term":[{"taxonomy":"product_cat","embeddable":true,"href":"https:\/\/toolhouse.fi\/fi\/wp-json\/wp\/v2\/product_cat?post=15148"},{"taxonomy":"product_tag","embeddable":true,"href":"https:\/\/toolhouse.fi\/fi\/wp-json\/wp\/v2\/product_tag?post=15148"}],"curies":[{"name":"wp","href":"https:\/\/api.w.org\/{rel}","templated":true}]}}