{"id":15164,"date":"2023-11-30T16:49:36","date_gmt":"2023-11-30T14:49:36","guid":{"rendered":"https:\/\/toolhouse.fi\/produkt\/pakoputken-laajennustyokalu\/"},"modified":"2026-03-11T12:35:45","modified_gmt":"2026-03-11T10:35:45","slug":"pakoputken-laajennustyokalu","status":"publish","type":"product","link":"https:\/\/toolhouse.fi\/fi\/tuote\/pakoputken-laajennustyokalu\/","title":{"rendered":"Pakoputken laajennusty\u00f6kalu"},"content":{"rendered":"","protected":false},"excerpt":{"rendered":"<p>Levitysty\u00f6kalu ohuille putkille muhviliitoksen parantamiseen\/lommon oikaisuun.<\/p>\n<p>Laajennusty\u00f6kalu laajentaa kiinnikkeen halkaisijaa niin, ett\u00e4 pakoputki saadaan paikalleen kiinnikkeeseen<\/p>\n<p>&nbsp;<\/p>\n<p>L\u00e4mmitt\u00e4 putkea ennen ty\u00f6kalun k\u00e4ytt\u00f6\u00e4 v\u00e4hent\u00e4\u00e4ksesi ty\u00f6kaluun aiheutuvaa kuormitusta, ty\u00f6kalua ei ole tarkoitettu suorien putkien laajentamiseen, vain putkille ja osille, jotka on jo varustettu muhvilla.<\/p>\n<p>&nbsp;<\/p>\n<p><strong>3-osainen sarja:<\/strong><\/p>\n<ul>\n<li>29-45 mm<\/li>\n<li>38-64 mm<\/li>\n<li>54-89 mm<\/li>\n<\/ul>\n","protected":false},"featured_media":15157,"template":"","meta":{"_acf_changed":false,"_seopress_robots_primary_cat":"","_seopress_titles_title":"","_seopress_titles_desc":"","_seopress_robots_index":""},"product_cat":[481,339,488,350,337,40],"product_tag":[],"class_list":{"0":"post-15164","1":"product","2":"type-product","3":"status-publish","4":"has-post-thumbnail","6":"product_cat-alusta-ja-voimansiirtotyokalut","7":"product_cat-autotyokalut","8":"product_cat-kasityokalut","9":"product_cat-muut","10":"product_cat-tyokalut","11":"product_cat-korjaamolaitteet","12":"product_shipping_class-tillbehor-790e","14":"first","15":"instock","16":"taxable","17":"shipping-taxable","18":"purchasable","19":"product-type-simple","swatches":"rey-swatches","show_selected":""},"acf":[],"_links":{"self":[{"href":"https:\/\/toolhouse.fi\/fi\/wp-json\/wp\/v2\/product\/15164","targetHints":{"allow":["GET"]}}],"collection":[{"href":"https:\/\/toolhouse.fi\/fi\/wp-json\/wp\/v2\/product"}],"about":[{"href":"https:\/\/toolhouse.fi\/fi\/wp-json\/wp\/v2\/types\/product"}],"version-history":[{"count":0,"href":"https:\/\/toolhouse.fi\/fi\/wp-json\/wp\/v2\/product\/15164\/revisions"}],"wp:featuredmedia":[{"embeddable":true,"href":"https:\/\/toolhouse.fi\/fi\/wp-json\/wp\/v2\/media\/15157"}],"wp:attachment":[{"href":"https:\/\/toolhouse.fi\/fi\/wp-json\/wp\/v2\/media?parent=15164"}],"wp:term":[{"taxonomy":"product_cat","embeddable":true,"href":"https:\/\/toolhouse.fi\/fi\/wp-json\/wp\/v2\/product_cat?post=15164"},{"taxonomy":"product_tag","embeddable":true,"href":"https:\/\/toolhouse.fi\/fi\/wp-json\/wp\/v2\/product_tag?post=15164"}],"curies":[{"name":"wp","href":"https:\/\/api.w.org\/{rel}","templated":true}]}}