{"id":15184,"date":"2023-12-01T14:54:14","date_gmt":"2023-12-01T12:54:14","guid":{"rendered":"https:\/\/toolhouse.fi\/produkt\/ohivuotomittari\/"},"modified":"2026-05-07T15:11:53","modified_gmt":"2026-05-07T12:11:53","slug":"ohivuotomittari","status":"publish","type":"product","link":"https:\/\/toolhouse.fi\/fi\/tuote\/ohivuotomittari\/","title":{"rendered":"Ohivuotomittari"},"content":{"rendered":"","protected":false},"excerpt":{"rendered":"<p>Ohivuotomittari mahdollistaa nopean\u00a0 diagnosoinnin esim. venttiileiss\u00e4, kannentiivisteess\u00e4 ja m\u00e4nn\u00e4nrenkaissa.<\/p>\n<p>Sopii bensiinimoottoreihin, joissa sytytystulppakierteet M10 x 1,0 \/ M12 x 1,25 \/ M14 x 1,25<\/p>\n<p>&nbsp;<\/p>\n<p>&nbsp;<\/p>\n","protected":false},"featured_media":15183,"template":"","meta":{"_acf_changed":false,"_seopress_robots_primary_cat":"","_seopress_titles_title":"","_seopress_titles_desc":"","_seopress_robots_index":""},"product_cat":[339,480,40],"product_tag":[],"class_list":{"0":"post-15184","1":"product","2":"type-product","3":"status-publish","4":"has-post-thumbnail","6":"product_cat-autotyokalut","7":"product_cat-moottorityokalut","8":"product_cat-korjaamolaitteet","9":"product_shipping_class-tillbehor-790e","11":"first","12":"instock","13":"taxable","14":"shipping-taxable","15":"purchasable","16":"product-type-simple","swatches":"rey-swatches","show_selected":""},"acf":[],"_links":{"self":[{"href":"https:\/\/toolhouse.fi\/fi\/wp-json\/wp\/v2\/product\/15184","targetHints":{"allow":["GET"]}}],"collection":[{"href":"https:\/\/toolhouse.fi\/fi\/wp-json\/wp\/v2\/product"}],"about":[{"href":"https:\/\/toolhouse.fi\/fi\/wp-json\/wp\/v2\/types\/product"}],"version-history":[{"count":0,"href":"https:\/\/toolhouse.fi\/fi\/wp-json\/wp\/v2\/product\/15184\/revisions"}],"wp:featuredmedia":[{"embeddable":true,"href":"https:\/\/toolhouse.fi\/fi\/wp-json\/wp\/v2\/media\/15183"}],"wp:attachment":[{"href":"https:\/\/toolhouse.fi\/fi\/wp-json\/wp\/v2\/media?parent=15184"}],"wp:term":[{"taxonomy":"product_cat","embeddable":true,"href":"https:\/\/toolhouse.fi\/fi\/wp-json\/wp\/v2\/product_cat?post=15184"},{"taxonomy":"product_tag","embeddable":true,"href":"https:\/\/toolhouse.fi\/fi\/wp-json\/wp\/v2\/product_tag?post=15184"}],"curies":[{"name":"wp","href":"https:\/\/api.w.org\/{rel}","templated":true}]}}