{"id":15225,"date":"2023-12-03T18:55:18","date_gmt":"2023-12-03T16:55:18","guid":{"rendered":"https:\/\/toolhouse.fi\/produkt\/ajoitustyokalusarja-vag\/"},"modified":"2025-10-02T13:04:20","modified_gmt":"2025-10-02T10:04:20","slug":"ajoitustyokalusarja-vag","status":"publish","type":"product","link":"https:\/\/toolhouse.fi\/fi\/tuote\/ajoitustyokalusarja-vag\/","title":{"rendered":"Ajoitusty\u00f6kalusarja VAG"},"content":{"rendered":"","protected":false},"excerpt":{"rendered":"<p>Suuri ajoitussarja Volkswagen, Audi, Seat, Skoda.<\/p>\n<p>&nbsp;<\/p>\n<p><strong>Sopii seuraaviin moottoreihin:<\/strong><\/p>\n<ul>\n<li>1.9\/2.0 TDI<\/li>\n<li>2.5 V6 TDI<\/li>\n<li>3.3 V8-TDI<\/li>\n<li>1.2 3-sylinterinen<\/li>\n<li>1.4\/1.6 bensiinimoottori<\/li>\n<\/ul>\n<p><strong>Sis\u00e4lt\u00e4\u00e4<\/strong>:<\/p>\n<ul>\n<li>Nokka-akselin asetusty\u00f6kalut, k\u00e4ytet\u00e4\u00e4n kuten <span class=\"caps\">OEM<\/span>\u00a0T10123, T10120, 3458, 3418, 2065A, 3366, T10098 \/ 3418<\/li>\n<li>Kampiakselin ty\u00f6kaluja, k\u00e4ytet\u00e4\u00e4n kuten <span class=\"caps\">OEM<\/span>\u00a0T10121, 3242, T10050, T10100<\/li>\n<li>Kiristimen hihnapy\u00f6r\u00e4n lukitustapit, k\u00e4ytet\u00e4\u00e4n kuten <span class=\"caps\">OEM<\/span>\u00a0T10060A, T10020, T10008, T40011<\/li>\n<li>Ruiskutuspumppu lukitusty\u00f6kalut, k\u00e4ytet\u00e4\u00e4n kuten <span class=\"caps\">OEM<\/span>\u00a03359, 2064<\/li>\n<li>Asetusmitta nokka-akselille (esim. VW 1.9 L <span class=\"caps\">TDI<\/span>)<\/li>\n<li>Lukitusty\u00f6kalu jakohihnalle (esim. VW \/ Skoda 1,9 l \/ 2,0 l <span class=\"caps\">TDI<\/span>\u00a0pumppu \/ suutin)<\/li>\n<li>Nokka-akselin lukitusty\u00f6kalu (esim. VW \/ Audi 2,5 l V6 <span class=\"caps\">TDI<\/span>)<\/li>\n<li>S\u00e4\u00e4dett\u00e4v\u00e4 kiristin avaimella (yleismalli VW \/ Audi)<\/li>\n<li>Ruiskutuspumpun lukitustappi (esim. VW \/ Audi \/ Seat \/ Skoda)<\/li>\n<li>Asennuslevy jakohihnan kiristin (VW \/ Skoda 4 syl. <span class=\"caps\">TDI<\/span>\u00a0pumppu \/ suutin)<\/li>\n<li>22mm avoin hylsy diesel-suuttimille<\/li>\n<li>Muut tarvikkeet<\/li>\n<\/ul>\n","protected":false},"featured_media":15216,"template":"","meta":{"_acf_changed":false,"_seopress_robots_primary_cat":"","_seopress_titles_title":"","_seopress_titles_desc":"","_seopress_robots_index":""},"product_cat":[339,480,40],"product_tag":[],"class_list":{"0":"post-15225","1":"product","2":"type-product","3":"status-publish","4":"has-post-thumbnail","6":"product_cat-autotyokalut","7":"product_cat-moottorityokalut","8":"product_cat-korjaamolaitteet","9":"product_shipping_class-tillbehor-790e","11":"first","12":"instock","13":"taxable","14":"shipping-taxable","15":"purchasable","16":"product-type-simple","swatches":"rey-swatches","show_selected":""},"acf":[],"_links":{"self":[{"href":"https:\/\/toolhouse.fi\/fi\/wp-json\/wp\/v2\/product\/15225","targetHints":{"allow":["GET"]}}],"collection":[{"href":"https:\/\/toolhouse.fi\/fi\/wp-json\/wp\/v2\/product"}],"about":[{"href":"https:\/\/toolhouse.fi\/fi\/wp-json\/wp\/v2\/types\/product"}],"version-history":[{"count":0,"href":"https:\/\/toolhouse.fi\/fi\/wp-json\/wp\/v2\/product\/15225\/revisions"}],"wp:featuredmedia":[{"embeddable":true,"href":"https:\/\/toolhouse.fi\/fi\/wp-json\/wp\/v2\/media\/15216"}],"wp:attachment":[{"href":"https:\/\/toolhouse.fi\/fi\/wp-json\/wp\/v2\/media?parent=15225"}],"wp:term":[{"taxonomy":"product_cat","embeddable":true,"href":"https:\/\/toolhouse.fi\/fi\/wp-json\/wp\/v2\/product_cat?post=15225"},{"taxonomy":"product_tag","embeddable":true,"href":"https:\/\/toolhouse.fi\/fi\/wp-json\/wp\/v2\/product_tag?post=15225"}],"curies":[{"name":"wp","href":"https:\/\/api.w.org\/{rel}","templated":true}]}}