{"id":15256,"date":"2023-12-06T12:17:55","date_gmt":"2023-12-06T10:17:55","guid":{"rendered":"https:\/\/toolhouse.fi\/produkt\/paineilmaletku-20m-8x12mm\/"},"modified":"2026-03-03T21:43:51","modified_gmt":"2026-03-03T19:43:51","slug":"paineilmaletku-20m-8x12mm","status":"publish","type":"product","link":"https:\/\/toolhouse.fi\/fi\/tuote\/paineilmaletku-20m-8x12mm\/","title":{"rendered":"Paineilmaletku 20m 8x12mm"},"content":{"rendered":"","protected":false},"excerpt":{"rendered":"<p class=\"page-title h1\">Paineilmaletku liittimill\u00e4\u00a0 PU 8\/12mm 20m.<\/p>\n<p>&nbsp;<\/p>\n<ul>\n<li>Materiaali: polyuretaani PU<\/li>\n<li>Yleisliitimet<\/li>\n<li>Pituus: 20 m<\/li>\n<li>Sis\u00e4halkaisija: 8 mm<\/li>\n<li>Ulkohalkaisija: 12 mm<\/li>\n<li>Maksimipaine: 20 bar<\/li>\n<li>K\u00e4ytt\u00f6l\u00e4mp\u00f6tila: -40\u00b0C &#8211; +70\u00b0C<\/li>\n<\/ul>\n","protected":false},"featured_media":15255,"template":"","meta":{"_acf_changed":false,"_seopress_robots_primary_cat":"none","_seopress_titles_title":"","_seopress_titles_desc":"","_seopress_robots_index":""},"product_cat":[217,325],"product_tag":[],"class_list":{"0":"post-15256","1":"product","2":"type-product","3":"status-publish","4":"has-post-thumbnail","6":"product_cat-kompressori-ja-paineilma","7":"product_cat-letkut-ja-kelat","8":"product_shipping_class-tillbehor-790e","10":"first","11":"instock","12":"sale","13":"taxable","14":"shipping-taxable","15":"purchasable","16":"product-type-simple","swatches":"rey-swatches","show_selected":""},"acf":[],"_links":{"self":[{"href":"https:\/\/toolhouse.fi\/fi\/wp-json\/wp\/v2\/product\/15256","targetHints":{"allow":["GET"]}}],"collection":[{"href":"https:\/\/toolhouse.fi\/fi\/wp-json\/wp\/v2\/product"}],"about":[{"href":"https:\/\/toolhouse.fi\/fi\/wp-json\/wp\/v2\/types\/product"}],"version-history":[{"count":0,"href":"https:\/\/toolhouse.fi\/fi\/wp-json\/wp\/v2\/product\/15256\/revisions"}],"wp:featuredmedia":[{"embeddable":true,"href":"https:\/\/toolhouse.fi\/fi\/wp-json\/wp\/v2\/media\/15255"}],"wp:attachment":[{"href":"https:\/\/toolhouse.fi\/fi\/wp-json\/wp\/v2\/media?parent=15256"}],"wp:term":[{"taxonomy":"product_cat","embeddable":true,"href":"https:\/\/toolhouse.fi\/fi\/wp-json\/wp\/v2\/product_cat?post=15256"},{"taxonomy":"product_tag","embeddable":true,"href":"https:\/\/toolhouse.fi\/fi\/wp-json\/wp\/v2\/product_tag?post=15256"}],"curies":[{"name":"wp","href":"https:\/\/api.w.org\/{rel}","templated":true}]}}