{"id":15276,"date":"2023-12-06T14:31:46","date_gmt":"2023-12-06T12:31:46","guid":{"rendered":"https:\/\/toolhouse.fi\/produkt\/epakeskohiomakone-150mm\/"},"modified":"2025-05-13T20:46:48","modified_gmt":"2025-05-13T17:46:48","slug":"epakeskohiomakone-150mm","status":"publish","type":"product","link":"https:\/\/toolhouse.fi\/fi\/tuote\/epakeskohiomakone-150mm\/","title":{"rendered":"Ep\u00e4keskohiomakone 150mm \/ 5mm"},"content":{"rendered":"","protected":false},"excerpt":{"rendered":"<h3>Tehokas ep\u00e4keskohiomakone, suurella 5 mm:n hiomaliikkeell\u00e4 saadaan hienoa viimeistelyj\u00e4lke\u00e4.<\/h3>\n<ul>\n<li>Hioma-alusta 150 mm (6&#8243;)<\/li>\n<li>Vapaa kierrosluku 10000 rpm<\/li>\n<li>Ilmankulutus 226 l\/min<\/li>\n<li>Ep\u00e4keskoliike 5 mm<\/li>\n<li>Sis\u00e4\u00e4nrakennettu ilmans\u00e4\u00e4din mahdollistaa hionta nopeuden s\u00e4\u00e4t\u00e4misen<\/li>\n<li>Tarrapy\u00f6r\u00f6ille<\/li>\n<li>Ilmaliitin 1\/4&#8243;<\/li>\n<li>Suositeltavan letkun 3\/8&#8243; \/ 10 mm<\/li>\n<li>Ty\u00f6skentelypaine 6,3 bar<\/li>\n<li>Itseimev\u00e4<\/li>\n<li>\u00c4\u00e4nitaso 77 dB<\/li>\n<li>Paino 1,3 kg<\/li>\n<\/ul>\n","protected":false},"featured_media":15265,"template":"","meta":{"_acf_changed":false,"_seopress_robots_primary_cat":"","_seopress_titles_title":"","_seopress_titles_desc":"","_seopress_robots_index":""},"product_cat":[217,483,331],"product_tag":[],"class_list":{"0":"post-15276","1":"product","2":"type-product","3":"status-publish","4":"has-post-thumbnail","6":"product_cat-kompressori-ja-paineilma","7":"product_cat-korityokalut","8":"product_cat-muut-paineilmalaitteet","9":"product_shipping_class-tillbehor-790e","11":"first","12":"instock","13":"taxable","14":"shipping-taxable","15":"purchasable","16":"product-type-simple","swatches":"rey-swatches","show_selected":""},"acf":[],"_links":{"self":[{"href":"https:\/\/toolhouse.fi\/fi\/wp-json\/wp\/v2\/product\/15276","targetHints":{"allow":["GET"]}}],"collection":[{"href":"https:\/\/toolhouse.fi\/fi\/wp-json\/wp\/v2\/product"}],"about":[{"href":"https:\/\/toolhouse.fi\/fi\/wp-json\/wp\/v2\/types\/product"}],"version-history":[{"count":0,"href":"https:\/\/toolhouse.fi\/fi\/wp-json\/wp\/v2\/product\/15276\/revisions"}],"wp:featuredmedia":[{"embeddable":true,"href":"https:\/\/toolhouse.fi\/fi\/wp-json\/wp\/v2\/media\/15265"}],"wp:attachment":[{"href":"https:\/\/toolhouse.fi\/fi\/wp-json\/wp\/v2\/media?parent=15276"}],"wp:term":[{"taxonomy":"product_cat","embeddable":true,"href":"https:\/\/toolhouse.fi\/fi\/wp-json\/wp\/v2\/product_cat?post=15276"},{"taxonomy":"product_tag","embeddable":true,"href":"https:\/\/toolhouse.fi\/fi\/wp-json\/wp\/v2\/product_tag?post=15276"}],"curies":[{"name":"wp","href":"https:\/\/api.w.org\/{rel}","templated":true}]}}