{"id":15312,"date":"2023-12-06T19:01:53","date_gmt":"2023-12-06T17:01:53","guid":{"rendered":"https:\/\/toolhouse.fi\/produkt\/vesivaaka-digitaalinen\/"},"modified":"2025-11-10T16:37:48","modified_gmt":"2025-11-10T14:37:48","slug":"vesivaaka-digitaalinen","status":"publish","type":"product","link":"https:\/\/toolhouse.fi\/fi\/tuote\/vesivaaka-digitaalinen\/","title":{"rendered":"Vesivaaka, digitaalinen, magneettinen 40cm"},"content":{"rendered":"","protected":false},"excerpt":{"rendered":"<p>Digitaalinen ja magneettinen 40 cm vesivaaka\u00a0 vaaka- ja pystysuorilla libelleill\u00e4, taustavalaistu LCD-n\u00e4yt\u00f6ll\u00e4 sek\u00e4 kallistuslukemilla, hold-toiminto mittausten s\u00e4ilytt\u00e4miseen n\u00e4yt\u00f6ll\u00e4 sek\u00e4.<\/p>\n<p>Alumiininen, vahvistettu profiili ja voimakkaat, profiiliin upotetut neodyymimagneetit pit\u00e4v\u00e4t voimakkaasti metallipinnoilla.<\/p>\n<p>&nbsp;<\/p>\n<ul>\n<li>Selke\u00e4 taustavalaistu, LCD n\u00e4ytt\u00f6<\/li>\n<li>Libellin tarkkuus: 0,5 mm\/metri<\/li>\n<li>Tarkkuus (elektroninen): \u00b1 0,1\u00b0<\/li>\n<li>ZERO\/REF toiminto<\/li>\n<li>HOLD toiminto<\/li>\n<li>Mittausalue: 4 x 90\u00b0<\/li>\n<li>Paristo: 2 x AAA (ei sis\u00e4lly toimitukseen)<\/li>\n<li>Mittaustavat: aste, tuuma\/jalka, milli\/metri, sek\u00e4 prosenttimittaus<\/li>\n<li>\u00c4\u00e4nimerkki<\/li>\n<li>Automaattinen sammutus:\u00a03 minuutin\u00a0k\u00e4ytt\u00e4m\u00e4tt\u00f6myyden j\u00e4lkeen<\/li>\n<li>Mitat: 415 x 50 x 21 mm<\/li>\n<li>Paino: 1 kg<\/li>\n<\/ul>\n","protected":false},"featured_media":15296,"template":"","meta":{"_acf_changed":false,"_seopress_robots_primary_cat":"","_seopress_titles_title":"","_seopress_titles_desc":"","_seopress_robots_index":""},"product_cat":[491,350,337,40],"product_tag":[],"class_list":{"0":"post-15312","1":"product","2":"type-product","3":"status-publish","4":"has-post-thumbnail","6":"product_cat-mittavalineet","7":"product_cat-muut","8":"product_cat-tyokalut","9":"product_cat-korjaamolaitteet","10":"product_shipping_class-tillbehor-790e","12":"first","13":"instock","14":"taxable","15":"shipping-taxable","16":"purchasable","17":"product-type-simple","swatches":"rey-swatches","show_selected":""},"acf":[],"_links":{"self":[{"href":"https:\/\/toolhouse.fi\/fi\/wp-json\/wp\/v2\/product\/15312","targetHints":{"allow":["GET"]}}],"collection":[{"href":"https:\/\/toolhouse.fi\/fi\/wp-json\/wp\/v2\/product"}],"about":[{"href":"https:\/\/toolhouse.fi\/fi\/wp-json\/wp\/v2\/types\/product"}],"version-history":[{"count":0,"href":"https:\/\/toolhouse.fi\/fi\/wp-json\/wp\/v2\/product\/15312\/revisions"}],"wp:featuredmedia":[{"embeddable":true,"href":"https:\/\/toolhouse.fi\/fi\/wp-json\/wp\/v2\/media\/15296"}],"wp:attachment":[{"href":"https:\/\/toolhouse.fi\/fi\/wp-json\/wp\/v2\/media?parent=15312"}],"wp:term":[{"taxonomy":"product_cat","embeddable":true,"href":"https:\/\/toolhouse.fi\/fi\/wp-json\/wp\/v2\/product_cat?post=15312"},{"taxonomy":"product_tag","embeddable":true,"href":"https:\/\/toolhouse.fi\/fi\/wp-json\/wp\/v2\/product_tag?post=15312"}],"curies":[{"name":"wp","href":"https:\/\/api.w.org\/{rel}","templated":true}]}}