{"id":15343,"date":"2023-12-08T10:20:12","date_gmt":"2023-12-08T08:20:12","guid":{"rendered":"https:\/\/toolhouse.fi\/produkt\/astehylsy-1-2%e2%80%b3\/"},"modified":"2025-02-04T22:24:17","modified_gmt":"2025-02-04T20:24:17","slug":"astehylsy-1-2","status":"publish","type":"product","link":"https:\/\/toolhouse.fi\/fi\/tuote\/astehylsy-1-2\/","title":{"rendered":"Astehylsy, 1\/2\u2033"},"content":{"rendered":"","protected":false},"excerpt":{"rendered":"<ul>\n<li class=\"ProductExtraInfo--property-19\">V\u00e4\u00e4nti\u00f6:\u00a01\/2&#8243;<\/li>\n<li>Asteikko 0-360\u00b0<\/li>\n<li>0-kohta asetettavissa py\u00f6ritt\u00e4m\u00e4ll\u00e4 osoitinlevy\u00e4<\/li>\n<\/ul>\n","protected":false},"featured_media":15342,"template":"","meta":{"_acf_changed":false,"_seopress_robots_primary_cat":"","_seopress_titles_title":"","_seopress_titles_desc":"","_seopress_robots_index":""},"product_cat":[485,337,40],"product_tag":[],"class_list":{"0":"post-15343","1":"product","2":"type-product","3":"status-publish","4":"has-post-thumbnail","6":"product_cat-momenttiavaimet","7":"product_cat-tyokalut","8":"product_cat-korjaamolaitteet","9":"product_shipping_class-tillbehor-590e","11":"first","12":"instock","13":"taxable","14":"shipping-taxable","15":"purchasable","16":"product-type-simple","swatches":"rey-swatches","show_selected":""},"acf":[],"_links":{"self":[{"href":"https:\/\/toolhouse.fi\/fi\/wp-json\/wp\/v2\/product\/15343","targetHints":{"allow":["GET"]}}],"collection":[{"href":"https:\/\/toolhouse.fi\/fi\/wp-json\/wp\/v2\/product"}],"about":[{"href":"https:\/\/toolhouse.fi\/fi\/wp-json\/wp\/v2\/types\/product"}],"version-history":[{"count":0,"href":"https:\/\/toolhouse.fi\/fi\/wp-json\/wp\/v2\/product\/15343\/revisions"}],"wp:featuredmedia":[{"embeddable":true,"href":"https:\/\/toolhouse.fi\/fi\/wp-json\/wp\/v2\/media\/15342"}],"wp:attachment":[{"href":"https:\/\/toolhouse.fi\/fi\/wp-json\/wp\/v2\/media?parent=15343"}],"wp:term":[{"taxonomy":"product_cat","embeddable":true,"href":"https:\/\/toolhouse.fi\/fi\/wp-json\/wp\/v2\/product_cat?post=15343"},{"taxonomy":"product_tag","embeddable":true,"href":"https:\/\/toolhouse.fi\/fi\/wp-json\/wp\/v2\/product_tag?post=15343"}],"curies":[{"name":"wp","href":"https:\/\/api.w.org\/{rel}","templated":true}]}}