{"id":15355,"date":"2023-12-08T11:16:03","date_gmt":"2023-12-08T09:16:03","guid":{"rendered":"https:\/\/toolhouse.fi\/produkt\/momenttiavain-1-2\/"},"modified":"2026-01-28T13:02:17","modified_gmt":"2026-01-28T11:02:17","slug":"momenttiavain-1-2","status":"publish","type":"product","link":"https:\/\/toolhouse.fi\/fi\/tuote\/momenttiavain-1-2\/","title":{"rendered":"Momenttiavain 1\/2\u2033"},"content":{"rendered":"","protected":false},"excerpt":{"rendered":"<p class=\"product-title product_title entry-title\">Momenttiavain 1\/2\u2033, 28 &#8211; 210 Nm + aluvannehylsyt.<\/p>\n<ul>\n<li>V\u00e4\u00e4nti\u00f6: 1\/2\u2033<\/li>\n<li>Momenttialue: 28 &#8211; 210 Nm<\/li>\n<li>Pituus: 460\u00a0mm<\/li>\n<li>Pakattu muoviseen s\u00e4ilytyslaatikkoon<\/li>\n<li>Aluvannehylsyt 17mm, 19mm, 21mm<\/li>\n<\/ul>\n","protected":false},"featured_media":15350,"template":"","meta":{"_acf_changed":false,"_seopress_robots_primary_cat":"","_seopress_titles_title":"","_seopress_titles_desc":"","_seopress_robots_index":""},"product_cat":[485,163,337,40],"product_tag":[],"class_list":{"0":"post-15355","1":"product","2":"type-product","3":"status-publish","4":"has-post-thumbnail","6":"product_cat-momenttiavaimet","7":"product_cat-rengaskoneiden-tarvikkeet","8":"product_cat-tyokalut","9":"product_cat-korjaamolaitteet","10":"product_shipping_class-tillbehor-790e","12":"first","13":"instock","14":"taxable","15":"shipping-taxable","16":"purchasable","17":"product-type-simple","swatches":"rey-swatches","show_selected":""},"acf":[],"_links":{"self":[{"href":"https:\/\/toolhouse.fi\/fi\/wp-json\/wp\/v2\/product\/15355","targetHints":{"allow":["GET"]}}],"collection":[{"href":"https:\/\/toolhouse.fi\/fi\/wp-json\/wp\/v2\/product"}],"about":[{"href":"https:\/\/toolhouse.fi\/fi\/wp-json\/wp\/v2\/types\/product"}],"version-history":[{"count":0,"href":"https:\/\/toolhouse.fi\/fi\/wp-json\/wp\/v2\/product\/15355\/revisions"}],"wp:featuredmedia":[{"embeddable":true,"href":"https:\/\/toolhouse.fi\/fi\/wp-json\/wp\/v2\/media\/15350"}],"wp:attachment":[{"href":"https:\/\/toolhouse.fi\/fi\/wp-json\/wp\/v2\/media?parent=15355"}],"wp:term":[{"taxonomy":"product_cat","embeddable":true,"href":"https:\/\/toolhouse.fi\/fi\/wp-json\/wp\/v2\/product_cat?post=15355"},{"taxonomy":"product_tag","embeddable":true,"href":"https:\/\/toolhouse.fi\/fi\/wp-json\/wp\/v2\/product_tag?post=15355"}],"curies":[{"name":"wp","href":"https:\/\/api.w.org\/{rel}","templated":true}]}}