{"id":15367,"date":"2023-12-08T14:58:56","date_gmt":"2023-12-08T12:58:56","guid":{"rendered":"https:\/\/toolhouse.fi\/produkt\/adapterisarja-voimahylsyille\/"},"modified":"2025-10-22T14:18:55","modified_gmt":"2025-10-22T11:18:55","slug":"adapterisarja-voimahylsyille","status":"publish","type":"product","link":"https:\/\/toolhouse.fi\/fi\/tuote\/adapterisarja-voimahylsyille\/","title":{"rendered":"Adapterisarja voimahylsyille"},"content":{"rendered":"","protected":false},"excerpt":{"rendered":"<p>Laadukas adapterisarja voimahylsyille.<\/p>\n<p>&nbsp;<\/p>\n<p><strong>Sis\u00e4lt\u00e4\u00e4 seuraavat adapterit:<\/strong><\/p>\n<ul>\n<li>1\/4&#8243; &#8211; 3\/8&#8243;<\/li>\n<li>3\/8&#8243; &#8211; 1\/2&#8243;<\/li>\n<li>1\/2&#8243; &#8211; 3\/4&#8243;<\/li>\n<li>3\/4&#8243; &#8211; 1&#8243;<\/li>\n<li>3\/8&#8243; &#8211; 1\/4&#8243;<\/li>\n<li>1\/2&#8243; &#8211; 3\/8&#8243;<\/li>\n<li>3\/4&#8243;-1\/2&#8243;<\/li>\n<li>1&#8243; &#8211; 3\/4&#8243;<\/li>\n<\/ul>\n","protected":false},"featured_media":15362,"template":"","meta":{"_acf_changed":false,"_seopress_robots_primary_cat":"","_seopress_titles_title":"","_seopress_titles_desc":"","_seopress_robots_index":""},"product_cat":[487,337,40],"product_tag":[],"class_list":{"0":"post-15367","1":"product","2":"type-product","3":"status-publish","4":"has-post-thumbnail","6":"product_cat-hylsytyokalut-vaantotyokalut","7":"product_cat-tyokalut","8":"product_cat-korjaamolaitteet","9":"product_shipping_class-tillbehor-590e","11":"first","12":"instock","13":"taxable","14":"shipping-taxable","15":"purchasable","16":"product-type-simple","swatches":"rey-swatches","show_selected":""},"acf":[],"_links":{"self":[{"href":"https:\/\/toolhouse.fi\/fi\/wp-json\/wp\/v2\/product\/15367","targetHints":{"allow":["GET"]}}],"collection":[{"href":"https:\/\/toolhouse.fi\/fi\/wp-json\/wp\/v2\/product"}],"about":[{"href":"https:\/\/toolhouse.fi\/fi\/wp-json\/wp\/v2\/types\/product"}],"version-history":[{"count":0,"href":"https:\/\/toolhouse.fi\/fi\/wp-json\/wp\/v2\/product\/15367\/revisions"}],"wp:featuredmedia":[{"embeddable":true,"href":"https:\/\/toolhouse.fi\/fi\/wp-json\/wp\/v2\/media\/15362"}],"wp:attachment":[{"href":"https:\/\/toolhouse.fi\/fi\/wp-json\/wp\/v2\/media?parent=15367"}],"wp:term":[{"taxonomy":"product_cat","embeddable":true,"href":"https:\/\/toolhouse.fi\/fi\/wp-json\/wp\/v2\/product_cat?post=15367"},{"taxonomy":"product_tag","embeddable":true,"href":"https:\/\/toolhouse.fi\/fi\/wp-json\/wp\/v2\/product_tag?post=15367"}],"curies":[{"name":"wp","href":"https:\/\/api.w.org\/{rel}","templated":true}]}}