{"id":15396,"date":"2023-12-08T17:47:30","date_gmt":"2023-12-08T15:47:30","guid":{"rendered":"https:\/\/toolhouse.fi\/produkt\/hylsysarja-3-4-21-65mm\/"},"modified":"2025-12-03T08:54:54","modified_gmt":"2025-12-03T06:54:54","slug":"hylsysarja-3-4-21-65mm","status":"publish","type":"product","link":"https:\/\/toolhouse.fi\/fi\/tuote\/hylsysarja-3-4-21-65mm\/","title":{"rendered":"Hylsysarja 3\/4&#8243; 21-65mm"},"content":{"rendered":"","protected":false},"excerpt":{"rendered":"<h3>Laadukas 12-kulmainen 3\/4&#8243; hylsysarja, 21 &#8211; 65mm.<\/h3>\n<p>&nbsp;<\/p>\n<p><strong>Sis\u00e4lt\u00e4\u00e4:<\/strong><\/p>\n<ul>\n<li>12-kulmaiset hylsyt 3\/4&#8243;: 21, 22, 23, 24, 26, 27, 28, 29, 30, 31, 32, 34, 36, 38, 41, 46, 50 mm<\/li>\n<li>12-kulmaiset hylsyt 1&#8243;: 55, 60, 65 mm<\/li>\n<li>R\u00e4ikk\u00e4v\u00e4\u00e4nnin 3\/4&#8243; (Pituus: 180 mm ilman varsi)<\/li>\n<li>T-v\u00e4\u00e4nnin 3\/4&#8243;, pituus 525 mm<\/li>\n<li>Nivelv\u00e4\u00e4nnin 3\/4&#8243;<\/li>\n<li>Adapteri 3\/4&#8243; &#8211; 1&#8243; pituus 80 mm<\/li>\n<li>Jatkokappale 3\/4&#8243;: pituus 200 mm<\/li>\n<li>Jatkokappale \/varsi\u00a0 3\/4&#8243; pituus 525 mm<\/li>\n<li>Tukeva muovisalkku<\/li>\n<\/ul>\n<p>Materiaali: CrV-ter\u00e4s.<\/p>\n<p>Paino: 20 kg<\/p>\n<p><img alt=\"\" fetchpriority=\"high\" decoding=\"async\" class=\"wp-image-15394 size-full alignnone\" src=\"http:\/\/toolhouse.fi\/wp-content\/uploads\/2023\/12\/webs3.jpg\" alt=\"\" width=\"862\" height=\"245\" srcset=\"https:\/\/toolhouse.fi\/wp-content\/uploads\/2023\/12\/webs3.jpg 862w, https:\/\/toolhouse.fi\/wp-content\/uploads\/2023\/12\/webs3-300x85.jpg 300w, https:\/\/toolhouse.fi\/wp-content\/uploads\/2023\/12\/webs3-510x145.jpg 510w, https:\/\/toolhouse.fi\/wp-content\/uploads\/2023\/12\/webs3-768x218.jpg 768w\" sizes=\"(max-width: 862px) 100vw, 862px\" \/><\/p>\n","protected":false},"featured_media":15389,"template":"","meta":{"_acf_changed":false,"_seopress_robots_primary_cat":"","_seopress_titles_title":"","_seopress_titles_desc":"","_seopress_robots_index":""},"product_cat":[487,337,40],"product_tag":[],"class_list":{"0":"post-15396","1":"product","2":"type-product","3":"status-publish","4":"has-post-thumbnail","6":"product_cat-hylsytyokalut-vaantotyokalut","7":"product_cat-tyokalut","8":"product_cat-korjaamolaitteet","9":"product_shipping_class-tillbehor-790e","11":"first","12":"instock","13":"taxable","14":"shipping-taxable","15":"purchasable","16":"product-type-simple","swatches":"rey-swatches","show_selected":""},"acf":[],"_links":{"self":[{"href":"https:\/\/toolhouse.fi\/fi\/wp-json\/wp\/v2\/product\/15396","targetHints":{"allow":["GET"]}}],"collection":[{"href":"https:\/\/toolhouse.fi\/fi\/wp-json\/wp\/v2\/product"}],"about":[{"href":"https:\/\/toolhouse.fi\/fi\/wp-json\/wp\/v2\/types\/product"}],"version-history":[{"count":0,"href":"https:\/\/toolhouse.fi\/fi\/wp-json\/wp\/v2\/product\/15396\/revisions"}],"wp:featuredmedia":[{"embeddable":true,"href":"https:\/\/toolhouse.fi\/fi\/wp-json\/wp\/v2\/media\/15389"}],"wp:attachment":[{"href":"https:\/\/toolhouse.fi\/fi\/wp-json\/wp\/v2\/media?parent=15396"}],"wp:term":[{"taxonomy":"product_cat","embeddable":true,"href":"https:\/\/toolhouse.fi\/fi\/wp-json\/wp\/v2\/product_cat?post=15396"},{"taxonomy":"product_tag","embeddable":true,"href":"https:\/\/toolhouse.fi\/fi\/wp-json\/wp\/v2\/product_tag?post=15396"}],"curies":[{"name":"wp","href":"https:\/\/api.w.org\/{rel}","templated":true}]}}