{"id":15403,"date":"2023-12-08T20:30:00","date_gmt":"2023-12-08T18:30:00","guid":{"rendered":"https:\/\/toolhouse.fi\/produkt\/hylsysarja-1-4-1-2\/"},"modified":"2025-11-27T21:27:44","modified_gmt":"2025-11-27T19:27:44","slug":"hylsysarja-1-4-1-2","status":"publish","type":"product","link":"https:\/\/toolhouse.fi\/fi\/tuote\/hylsysarja-1-4-1-2\/","title":{"rendered":"Hylsysarja 1\/4&#8243;, 1\/2&#8243;"},"content":{"rendered":"","protected":false},"excerpt":{"rendered":"<p>Edullinen 94 -osainen ty\u00f6kalusarja 4-32 mm \u00a0jossa 1\/2&#8243; ja 1\/4&#8243; v\u00e4\u00e4nti\u00f6ll\u00e4 olevia ty\u00f6kaluja.<\/p>\n<p>&nbsp;<\/p>\n<p><b>sis\u00e4ltyy:<\/b><\/p>\n<ul>\n<li>1\/2&#8243; ja 1\/4&#8243; r\u00e4ikk\u00e4v\u00e4\u00e4ntimet<\/li>\n<li>1\/2&#8243; Pitk\u00e4t hylsyt: 14, 15, 17 ja 19 mm<\/li>\n<li>1\/4&#8243; Pitk\u00e4t hylsyt: 6, 7, 8, 9, 10, 11, 12 ja 13 mm<\/li>\n<li>2 kpl 1\/2&#8243; Tulppa-avaimet: 16 ja 21 mm<\/li>\n<li>1\/2&#8243; Hylsyt 10, 11, 12, 13, 14, 15, 16, 17, 18, 19, 20, 21, 22, 23, 24, 27, 30 ja 32 mm<\/li>\n<li>1\/4&#8243; Hylsyt 4, 4.5, 5, 5.5, 6, 7, 8, 9, 10, 11, 12, 13 ja 14 mm<\/li>\n<li>Jatkovarret 1\/2 &#8221;: 125 ja 250 mm,<\/li>\n<li>Nivelkappale 1\/2&#8243;.<\/li>\n<li>Jatkovarret 1\/4 &#8221;: 50 ja 100 mm,<\/li>\n<li>T-V\u00e4\u00e4nnin 1\/4&#8243;<\/li>\n<li>Nivelkappale,1\/4&#8243;<\/li>\n<li>Taipuisa jatko, 150 mm 1\/4&#8243;<\/li>\n<li>Kuusiokoloavaimet: 1.5, 2.5 ja 3 mm<\/li>\n<li>1\/2&#8243; bitsipidin<\/li>\n<li>1\/4&#8243; bitsadapteri<\/li>\n<\/ul>\n<p>Hylsy ruuvausk\u00e4rjet 1\/4&#8243;:<\/p>\n<ul>\n<li>T8, T10, T15, T20, T25 ja T30<\/li>\n<li>PZ1 ja PZ2<\/li>\n<li>Ura 4, 5.5 ja 7 mm<\/li>\n<li>PH1 ja PH2<\/li>\n<\/ul>\n<p>Ruuvausk\u00e4rjet:<\/p>\n<ul>\n<li>Kuusiokolo 8, 10, 12 ja 14<\/li>\n<li>Philips PH3 ja PH4<\/li>\n<li>Ura 8, 10 ja 12 mm<\/li>\n<li>Pozidrive PZ3 ja PZ4<\/li>\n<li>Torx T40, T45, T50 ja T55<\/li>\n<\/ul>\n","protected":false},"featured_media":15402,"template":"","meta":{"_acf_changed":false,"_seopress_robots_primary_cat":"","_seopress_titles_title":"","_seopress_titles_desc":"","_seopress_robots_index":""},"product_cat":[487,337,40],"product_tag":[],"class_list":{"0":"post-15403","1":"product","2":"type-product","3":"status-publish","4":"has-post-thumbnail","6":"product_cat-hylsytyokalut-vaantotyokalut","7":"product_cat-tyokalut","8":"product_cat-korjaamolaitteet","9":"product_shipping_class-tillbehor-790e","11":"first","12":"instock","13":"taxable","14":"shipping-taxable","15":"purchasable","16":"product-type-simple","swatches":"rey-swatches","show_selected":""},"acf":[],"_links":{"self":[{"href":"https:\/\/toolhouse.fi\/fi\/wp-json\/wp\/v2\/product\/15403","targetHints":{"allow":["GET"]}}],"collection":[{"href":"https:\/\/toolhouse.fi\/fi\/wp-json\/wp\/v2\/product"}],"about":[{"href":"https:\/\/toolhouse.fi\/fi\/wp-json\/wp\/v2\/types\/product"}],"version-history":[{"count":0,"href":"https:\/\/toolhouse.fi\/fi\/wp-json\/wp\/v2\/product\/15403\/revisions"}],"wp:featuredmedia":[{"embeddable":true,"href":"https:\/\/toolhouse.fi\/fi\/wp-json\/wp\/v2\/media\/15402"}],"wp:attachment":[{"href":"https:\/\/toolhouse.fi\/fi\/wp-json\/wp\/v2\/media?parent=15403"}],"wp:term":[{"taxonomy":"product_cat","embeddable":true,"href":"https:\/\/toolhouse.fi\/fi\/wp-json\/wp\/v2\/product_cat?post=15403"},{"taxonomy":"product_tag","embeddable":true,"href":"https:\/\/toolhouse.fi\/fi\/wp-json\/wp\/v2\/product_tag?post=15403"}],"curies":[{"name":"wp","href":"https:\/\/api.w.org\/{rel}","templated":true}]}}