{"id":15425,"date":"2023-12-09T11:36:51","date_gmt":"2023-12-09T09:36:51","guid":{"rendered":"https:\/\/toolhouse.fi\/produkt\/oljynsuodatinavainsarja-23-osaa\/"},"modified":"2025-11-29T22:13:29","modified_gmt":"2025-11-29T20:13:29","slug":"oljynsuodatinavainsarja-23-osaa","status":"publish","type":"product","link":"https:\/\/toolhouse.fi\/fi\/tuote\/oljynsuodatinavainsarja-23-osaa\/","title":{"rendered":"\u00d6ljynsuodatinavainsarja 23 osaa"},"content":{"rendered":"","protected":false},"excerpt":{"rendered":"<p>Kattava \u00f6ljynsuodatinavainsarja tukevassa muovisalkussa.<\/p>\n<p>Alumiiniset suodatinavaimet on kevyit\u00e4 ja kest\u00e4vi\u00e4 k\u00e4sitell\u00e4<\/p>\n<p>&nbsp;<\/p>\n<ul>\n<li>\u00d8 65 mm, 14-kulmainen: Daihatsu, Toyota, Nissan, Fiat<\/li>\n<li>\u00d8 67 mm 14-kulmainen: Daihatsu, Toyota, Mitsubishi, Jeep<\/li>\n<li>\u00d8 73 mm, 14-kulmainen: Toyota, Lexus, Nissan<\/li>\n<li>\u00d8 73 mm 15-kulmainen: GM, Chrysler, Buick, Mitsubishi<\/li>\n<li>\u00d8 74 mm, 14-kulmainen: VW, Fiat, BMW, Audi, Opel<\/li>\n<li>\u00d8 74 mm, 14-kulmainen: VW, GM, Chrysler, Lexus<\/li>\n<li>\u00d8 74 mm 15-kulmainen: Audi, Rover, Chrysler<\/li>\n<li>\u00d8 74 mm 15-kulmainen: GM, Chrysler, Buick<\/li>\n<li>\u00d8 74 mm 8-kulmainen: Fiat<\/li>\n<li>\u00d8 75 mm 12-kulmainen: Peugeot<\/li>\n<li>\u00d8 75 mm 15-kulmainen: GM, Chrysler<\/li>\n<li>\u00d8 76 mm, 12-kulmainen: Fiat, Ford, Mazda, Mitsubishi, Mercedes, Renault<\/li>\n<li>\u00d8 79 mm, 15-kulmainen: Kia, Hyundai, Honda, Ford<\/li>\n<li>\u00d8 80 mm, 15-kulmainen: Subaru, Toyota, Honda, Nissan<\/li>\n<li>\u00d8 84 mm 18-kulmainen: Citro\u00ebn, Peugeot, Renault<\/li>\n<li>\u00d8 89 mm 15-kulmainen: Honda, Mitsubishi, Isuzu<\/li>\n<li>\u00d8 90 mm 15-kulmainen: Fiat<\/li>\n<li>\u00d8 91 mm 15-kulmainen: Toyota<\/li>\n<li>\u00d8 92 mm 15-kulmainen: Mitsubishi<\/li>\n<li>\u00d8 95 mm, 15-kulmainen: Toyota, Alfa Romeo, Ford<\/li>\n<li>\u00d8 101 mm, 15-kulmainen: Mazda, Mitsubishi, Toyota<\/li>\n<li>27 mm avain<\/li>\n<li>R\u00e4ikk\u00e4v\u00e4\u00e4nnin 1\/2&#8243;<\/li>\n<\/ul>\n<ul>\n<li>Kiinnitys: 1\/2\u2033 ja 27 mm<\/li>\n<li>Materiaali: alumiini<\/li>\n<li>Paino: 4 kg<\/li>\n<\/ul>\n","protected":false},"featured_media":15424,"template":"","meta":{"_acf_changed":false,"_seopress_robots_primary_cat":"","_seopress_titles_title":"","_seopress_titles_desc":"","_seopress_robots_index":""},"product_cat":[339,341,40],"product_tag":[556],"class_list":{"0":"post-15425","1":"product","2":"type-product","3":"status-publish","4":"has-post-thumbnail","6":"product_cat-autotyokalut","7":"product_cat-oljynvaihto","8":"product_cat-korjaamolaitteet","9":"product_tag-1-75-kg-2","10":"product_shipping_class-tillbehor-790e","12":"first","13":"instock","14":"taxable","15":"shipping-taxable","16":"purchasable","17":"product-type-simple","swatches":"rey-swatches","show_selected":""},"acf":[],"_links":{"self":[{"href":"https:\/\/toolhouse.fi\/fi\/wp-json\/wp\/v2\/product\/15425","targetHints":{"allow":["GET"]}}],"collection":[{"href":"https:\/\/toolhouse.fi\/fi\/wp-json\/wp\/v2\/product"}],"about":[{"href":"https:\/\/toolhouse.fi\/fi\/wp-json\/wp\/v2\/types\/product"}],"version-history":[{"count":0,"href":"https:\/\/toolhouse.fi\/fi\/wp-json\/wp\/v2\/product\/15425\/revisions"}],"wp:featuredmedia":[{"embeddable":true,"href":"https:\/\/toolhouse.fi\/fi\/wp-json\/wp\/v2\/media\/15424"}],"wp:attachment":[{"href":"https:\/\/toolhouse.fi\/fi\/wp-json\/wp\/v2\/media?parent=15425"}],"wp:term":[{"taxonomy":"product_cat","embeddable":true,"href":"https:\/\/toolhouse.fi\/fi\/wp-json\/wp\/v2\/product_cat?post=15425"},{"taxonomy":"product_tag","embeddable":true,"href":"https:\/\/toolhouse.fi\/fi\/wp-json\/wp\/v2\/product_tag?post=15425"}],"curies":[{"name":"wp","href":"https:\/\/api.w.org\/{rel}","templated":true}]}}