{"id":15431,"date":"2023-12-09T12:13:07","date_gmt":"2023-12-09T10:13:07","guid":{"rendered":"https:\/\/toolhouse.fi\/produkt\/xzn-hylsysarja-m14-16-18-vag\/"},"modified":"2026-03-22T16:55:06","modified_gmt":"2026-03-22T14:55:06","slug":"xzn-hylsysarja-m14-16-18-vag","status":"publish","type":"product","link":"https:\/\/toolhouse.fi\/fi\/tuote\/xzn-hylsysarja-m14-16-18-vag\/","title":{"rendered":"XZN hylsysarja M14\/16\/18 VAG"},"content":{"rendered":"","protected":false},"excerpt":{"rendered":"<p>Erityisesti VAG-konsernin (VW, Seat, Audi, Skoda) suosimia xzn-hylsyj\u00e4 sis\u00e4lt\u00e4v\u00e4 sarja.<\/p>\n<p>Sis\u00e4lt\u00e4\u00e4:<\/p>\n<ul>\n<li>M14 x 43mm<\/li>\n<li>M16 x 43mm<\/li>\n<li>M18 x 43mm<\/li>\n<li>M14 x 78mm<\/li>\n<li>M16 x 78mm<\/li>\n<li>M18 x 78mm<\/li>\n<\/ul>\n<ul>\n<li>1\/2&#8243; v\u00e4\u00e4nti\u00f6<\/li>\n<li class=\"page_title\">Kromimolybdeeniter\u00e4st\u00e4<\/li>\n<li>Paino: 0,9 kg<\/li>\n<\/ul>\n","protected":false},"featured_media":15428,"template":"","meta":{"_acf_changed":false,"_seopress_robots_primary_cat":"","_seopress_titles_title":"","_seopress_titles_desc":"","_seopress_robots_index":""},"product_cat":[481,339,487,480,337,40],"product_tag":[],"class_list":{"0":"post-15431","1":"product","2":"type-product","3":"status-publish","4":"has-post-thumbnail","6":"product_cat-alusta-ja-voimansiirtotyokalut","7":"product_cat-autotyokalut","8":"product_cat-hylsytyokalut-vaantotyokalut","9":"product_cat-moottorityokalut","10":"product_cat-tyokalut","11":"product_cat-korjaamolaitteet","12":"product_shipping_class-tillbehor-590e","14":"first","15":"instock","16":"taxable","17":"shipping-taxable","18":"purchasable","19":"product-type-simple","swatches":"rey-swatches","show_selected":""},"acf":[],"_links":{"self":[{"href":"https:\/\/toolhouse.fi\/fi\/wp-json\/wp\/v2\/product\/15431","targetHints":{"allow":["GET"]}}],"collection":[{"href":"https:\/\/toolhouse.fi\/fi\/wp-json\/wp\/v2\/product"}],"about":[{"href":"https:\/\/toolhouse.fi\/fi\/wp-json\/wp\/v2\/types\/product"}],"version-history":[{"count":0,"href":"https:\/\/toolhouse.fi\/fi\/wp-json\/wp\/v2\/product\/15431\/revisions"}],"wp:featuredmedia":[{"embeddable":true,"href":"https:\/\/toolhouse.fi\/fi\/wp-json\/wp\/v2\/media\/15428"}],"wp:attachment":[{"href":"https:\/\/toolhouse.fi\/fi\/wp-json\/wp\/v2\/media?parent=15431"}],"wp:term":[{"taxonomy":"product_cat","embeddable":true,"href":"https:\/\/toolhouse.fi\/fi\/wp-json\/wp\/v2\/product_cat?post=15431"},{"taxonomy":"product_tag","embeddable":true,"href":"https:\/\/toolhouse.fi\/fi\/wp-json\/wp\/v2\/product_tag?post=15431"}],"curies":[{"name":"wp","href":"https:\/\/api.w.org\/{rel}","templated":true}]}}