{"id":15443,"date":"2023-12-09T12:43:26","date_gmt":"2023-12-09T10:43:26","guid":{"rendered":"https:\/\/toolhouse.fi\/produkt\/huoltovaunu\/"},"modified":"2026-03-31T14:00:24","modified_gmt":"2026-03-31T11:00:24","slug":"huoltovaunu","status":"publish","type":"product","link":"https:\/\/toolhouse.fi\/fi\/tuote\/huoltovaunu\/","title":{"rendered":"Huoltovaunu"},"content":{"rendered":"","protected":false},"excerpt":{"rendered":"<p>3-tasoinen ty\u00f6kaluvaunu, joka sopii erinomaisesti mm. autotalleihin, korjaamoihin ja varastoihin. Kaksi py\u00f6rist\u00e4 on varustettu jarruilla.<\/p>\n<ul>\n<li>Korkeus: 78.4 cm<\/li>\n<li>Pituus: 66.3 cm<\/li>\n<li>Leveys: 35 cm<\/li>\n<li>Kantavuus\u00a0: 150 kg<\/li>\n<li>Paino: 9 kg<\/li>\n<\/ul>\n","protected":false},"featured_media":15442,"template":"","meta":{"_acf_changed":false,"_seopress_robots_primary_cat":"","_seopress_titles_title":"","_seopress_titles_desc":"","_seopress_robots_index":""},"product_cat":[350,337,40,484],"product_tag":[],"class_list":{"0":"post-15443","1":"product","2":"type-product","3":"status-publish","4":"has-post-thumbnail","6":"product_cat-muut","7":"product_cat-tyokalut","8":"product_cat-korjaamolaitteet","9":"product_cat-tyokaluvaunut-tyokalujen-sailytys","10":"product_shipping_class-k-160-1090e","12":"first","13":"instock","14":"taxable","15":"shipping-taxable","16":"purchasable","17":"product-type-simple","swatches":"rey-swatches","show_selected":""},"acf":[],"_links":{"self":[{"href":"https:\/\/toolhouse.fi\/fi\/wp-json\/wp\/v2\/product\/15443","targetHints":{"allow":["GET"]}}],"collection":[{"href":"https:\/\/toolhouse.fi\/fi\/wp-json\/wp\/v2\/product"}],"about":[{"href":"https:\/\/toolhouse.fi\/fi\/wp-json\/wp\/v2\/types\/product"}],"version-history":[{"count":0,"href":"https:\/\/toolhouse.fi\/fi\/wp-json\/wp\/v2\/product\/15443\/revisions"}],"wp:featuredmedia":[{"embeddable":true,"href":"https:\/\/toolhouse.fi\/fi\/wp-json\/wp\/v2\/media\/15442"}],"wp:attachment":[{"href":"https:\/\/toolhouse.fi\/fi\/wp-json\/wp\/v2\/media?parent=15443"}],"wp:term":[{"taxonomy":"product_cat","embeddable":true,"href":"https:\/\/toolhouse.fi\/fi\/wp-json\/wp\/v2\/product_cat?post=15443"},{"taxonomy":"product_tag","embeddable":true,"href":"https:\/\/toolhouse.fi\/fi\/wp-json\/wp\/v2\/product_tag?post=15443"}],"curies":[{"name":"wp","href":"https:\/\/api.w.org\/{rel}","templated":true}]}}