{"id":15567,"date":"2023-12-16T14:44:25","date_gmt":"2023-12-16T12:44:25","guid":{"rendered":"https:\/\/toolhouse.fi\/produkt\/akkutesteri-lcd-12v\/"},"modified":"2026-03-25T11:48:21","modified_gmt":"2026-03-25T09:48:21","slug":"akkutesteri-lcd-12v","status":"publish","type":"product","link":"https:\/\/toolhouse.fi\/fi\/tuote\/akkutesteri-lcd-12v\/","title":{"rendered":"Akkutesteri LCD, 12V"},"content":{"rendered":"","protected":false},"excerpt":{"rendered":"<div class=\"collapsible-panel\">\n<div class=\"body\">\n<div class=\"description\">\n<p>Akkutesteri helppolukuisella LCD-n\u00e4yt\u00f6ll\u00e4 joka testaa lyijyhappoakkuja jopa 1400 CCA:n asti.<\/p>\n<\/div>\n<\/div>\n<\/div>\n<div class=\"collapsible-panel\">\n<div class=\"title\">\n<p>&nbsp;<\/p>\n<ul>\n<li>12 VDC<\/li>\n<li>Ty\u00f6alue 150 &#8211; 1400 CCA (kylm\u00e4k\u00e4ynnistysampeeria).<\/li>\n<li>Kapaciteetti: 100 A<\/li>\n<li>CCA\u00a0 : 150-1400<\/li>\n<li>J\u00e4nnitealue: 8.5-25 VDC<\/li>\n<li>K\u00e4ytt\u00f6l\u00e4mp\u00f6tila: 0 &#8211; 40\u00baC<\/li>\n<li>LCD n\u00e4ytt\u00f6<\/li>\n<\/ul>\n<\/div>\n<\/div>\n","protected":false},"featured_media":15566,"template":"","meta":{"_acf_changed":false,"_seopress_robots_primary_cat":"","_seopress_titles_title":"","_seopress_titles_desc":"","_seopress_robots_index":""},"product_cat":[343,491,350,337,40],"product_tag":[525],"class_list":{"0":"post-15567","1":"product","2":"type-product","3":"status-publish","4":"has-post-thumbnail","6":"product_cat-akkulaturit","7":"product_cat-mittavalineet","8":"product_cat-muut","9":"product_cat-tyokalut","10":"product_cat-korjaamolaitteet","11":"product_tag-1-02kg-2","12":"product_shipping_class-tillbehor-790e","14":"first","15":"instock","16":"taxable","17":"shipping-taxable","18":"purchasable","19":"product-type-simple","swatches":"rey-swatches","show_selected":""},"acf":[],"_links":{"self":[{"href":"https:\/\/toolhouse.fi\/fi\/wp-json\/wp\/v2\/product\/15567","targetHints":{"allow":["GET"]}}],"collection":[{"href":"https:\/\/toolhouse.fi\/fi\/wp-json\/wp\/v2\/product"}],"about":[{"href":"https:\/\/toolhouse.fi\/fi\/wp-json\/wp\/v2\/types\/product"}],"version-history":[{"count":0,"href":"https:\/\/toolhouse.fi\/fi\/wp-json\/wp\/v2\/product\/15567\/revisions"}],"wp:featuredmedia":[{"embeddable":true,"href":"https:\/\/toolhouse.fi\/fi\/wp-json\/wp\/v2\/media\/15566"}],"wp:attachment":[{"href":"https:\/\/toolhouse.fi\/fi\/wp-json\/wp\/v2\/media?parent=15567"}],"wp:term":[{"taxonomy":"product_cat","embeddable":true,"href":"https:\/\/toolhouse.fi\/fi\/wp-json\/wp\/v2\/product_cat?post=15567"},{"taxonomy":"product_tag","embeddable":true,"href":"https:\/\/toolhouse.fi\/fi\/wp-json\/wp\/v2\/product_tag?post=15567"}],"curies":[{"name":"wp","href":"https:\/\/api.w.org\/{rel}","templated":true}]}}