{"id":15656,"date":"2023-12-20T16:47:46","date_gmt":"2023-12-20T14:47:46","guid":{"rendered":"https:\/\/toolhouse.fi\/produkt\/osienpesukaappi-lammittimella\/"},"modified":"2025-10-22T14:18:55","modified_gmt":"2025-10-22T11:18:55","slug":"osienpesukaappi-lammittimella","status":"publish","type":"product","link":"https:\/\/toolhouse.fi\/fi\/tuote\/osienpesukaappi-lammittimella\/","title":{"rendered":"Osienpesukaappi l\u00e4mmittimell\u00e4"},"content":{"rendered":"<table class=\"n54117_dictionary\" style=\"height: 508px;\" width=\"318\">\n<tbody>\n<tr>\n<td class=\"n54117_item_a1\"><span class=\"n67256colon\" style=\"color: #333333;\">Valmistaja:<\/span><\/p>\n<p><span style=\"color: #333333;\">Malli :<\/span><\/td>\n<td class=\"n54117_item_b1\">\n<div><span style=\"color: #333333;\">Redats<\/span><\/div>\n<div><\/div>\n<div class=\"n54117_item_b_sub\"><span style=\"color: #333333;\">D-490<\/span><\/div>\n<\/td>\n<\/tr>\n<tr>\n<td class=\"n54117_item_a2\"><span class=\"n67256colon\" style=\"color: #333333;\">Teho:<\/span><\/p>\n<p><span style=\"color: #333333;\">J\u00e4nnite :<\/span><\/td>\n<td class=\"n54117_item_b2\">\n<div class=\"n54117_item_b_sub\"><span style=\"color: #333333;\">2000W<\/span><\/div>\n<div><span style=\"color: #333333;\">230V<\/span><\/div>\n<\/td>\n<\/tr>\n<tr>\n<td class=\"n54117_item_a1\"><span class=\"n67256colon\" style=\"color: #333333;\">Pesupaine:<\/span><\/td>\n<td class=\"n54117_item_b1\">\n<div class=\"n54117_item_b_sub\"><span style=\"color: #333333;\">4,8 \u2013 8,2 bar<\/span><\/div>\n<\/td>\n<\/tr>\n<tr>\n<td class=\"n54117_item_a2\"><span class=\"n67256colon\" style=\"color: #333333;\">Max l\u00e4mp\u00f6tila:<\/span><\/td>\n<td class=\"n54117_item_b2\">\n<div class=\"n54117_item_b_sub\"><span style=\"color: #333333;\">50\u00b0C<\/span><\/div>\n<\/td>\n<\/tr>\n<tr>\n<td class=\"n54117_item_a1\"><span class=\"n67256colon\" style=\"color: #333333;\">Sis\u00e4mitat:<\/span><\/p>\n<p><span style=\"color: #333333;\">Pesuliuoksen kapasiteetti :<\/span><\/td>\n<td class=\"n54117_item_b1\">\n<div class=\"n54117_item_b_sub\"><span style=\"color: #333333;\">737 x 559 x 452 mm<\/span><\/div>\n<div><\/div>\n<div><span style=\"color: #333333;\">8 &#8211; 14 L<\/span><\/div>\n<\/td>\n<\/tr>\n<tr>\n<td class=\"n54117_item_a2\"><span class=\"n67256colon\" style=\"color: #333333;\">Korkeus:<\/span><\/td>\n<td class=\"n54117_item_b2\">\n<div class=\"n54117_item_b_sub\"><span style=\"color: #333333;\">1715 mm<\/span><\/div>\n<\/td>\n<\/tr>\n<tr>\n<td class=\"n54117_item_a1\"><span class=\"n67256colon\" style=\"color: #333333;\">Leveys :<\/span><\/td>\n<td class=\"n54117_item_b1\">\n<div class=\"n54117_item_b_sub\"><span style=\"color: #333333;\">791 mm<\/span><\/div>\n<\/td>\n<\/tr>\n<tr>\n<td class=\"n54117_item_a2\"><span style=\"color: #333333;\">Syvyys :<\/span><\/td>\n<td class=\"n54117_item_b2\">\n<div class=\"n54117_item_b_sub\"><span style=\"color: #333333;\">625 mm<\/span><\/div>\n<\/td>\n<\/tr>\n<tr>\n<td class=\"n54117_item_a1\"><\/td>\n<td class=\"n54117_item_b1\">\n<div class=\"n54117_item_b_sub\"><\/div>\n<\/td>\n<\/tr>\n<tr>\n<td class=\"n54117_item_a2\"><span style=\"color: #333333;\">Paino :<\/span><\/td>\n<td class=\"n54117_item_b2\">\n<div class=\"n54117_item_b_sub\"><span style=\"color: #333333;\">46 kg<\/span><\/div>\n<\/td>\n<\/tr>\n<tr>\n<td class=\"n54117_item_a1\"><span style=\"color: #333333;\">CE-hyv\u00e4ksytty :<\/span><\/td>\n<td class=\"n54117_item_b1\">\n<div class=\"n54117_item_b_sub\"><span style=\"color: #333333;\">Kyll\u00e4<\/span><\/div>\n<\/td>\n<\/tr>\n<tr>\n<td class=\"n54117_item_a2\"><span class=\"n67256colon\" style=\"color: #333333;\">Takuu :<\/span><\/td>\n<td class=\"n54117_item_b2\">\n<div class=\"n54117_item_b_sub\"><span style=\"color: #333333;\">12 kuukautta<\/span><\/div>\n<\/td>\n<\/tr>\n<\/tbody>\n<\/table>\n","protected":false},"excerpt":{"rendered":"<p>Redats premium D-490<\/p>\n<p>Tehokas korjaamopesuri integroidulla 2000W l\u00e4mmittimell\u00e4, joka voi l\u00e4mmitt\u00e4\u00e4 puhdistusnesteen jopa 50\u00b0 asteeseen.<\/p>\n<p>Korjaamopesurissa on paineilmak\u00e4ytt\u00f6inen puhdistuspistooli ty\u00f6stett\u00e4v\u00e4n kappaleen tehokkaaseen ja nopeaan puhdistukseen sek\u00e4 integroitu valo- ja poistotuuletin.<\/p>\n<p>Digitaalinen s\u00e4\u00e4dett\u00e4v\u00e4 termostaatti ja paineens\u00e4\u00e4din koneen etuosassa, pesupaine 4,8 &#8211; 8,2 bar.<\/p>\n<p>&nbsp;<\/p>\n<p>Kaapin sis\u00e4mitat: 73,7 x 55,9 x 45,2 cm, vakiona my\u00f6s valaistus, poistopuhallin ja puhallushanskat.<\/p>\n<p>K\u00e4yt\u00e4 vain l\u00e4mm\u00f6nkest\u00e4v\u00e4 pesuaineita esim. <span style=\"background-color: #ebe6e6;\"><a style=\"background-color: #ebe6e6;\" href=\"https:\/\/toolhouse.fi\/produkt\/ultra-active\/\">Redats Ultra active.<\/a><\/span><\/p>\n<p>&nbsp;<\/p>\n<p>&nbsp;<\/p>\n<p>&nbsp;<\/p>\n","protected":false},"featured_media":15679,"template":"","meta":{"_acf_changed":false,"_seopress_robots_primary_cat":"","_seopress_titles_title":"","_seopress_titles_desc":"","_seopress_robots_index":""},"product_cat":[335,40],"product_tag":[543],"class_list":{"0":"post-15656","1":"product","2":"type-product","3":"status-publish","4":"has-post-thumbnail","6":"product_cat-osienpesu","7":"product_cat-korjaamolaitteet","8":"product_tag-75kg-2","9":"product_shipping_class-w-220-230-fi","11":"first","12":"instock","13":"sale","14":"taxable","15":"shipping-taxable","16":"purchasable","17":"product-type-simple","swatches":"rey-swatches","show_selected":""},"acf":[],"_links":{"self":[{"href":"https:\/\/toolhouse.fi\/fi\/wp-json\/wp\/v2\/product\/15656","targetHints":{"allow":["GET"]}}],"collection":[{"href":"https:\/\/toolhouse.fi\/fi\/wp-json\/wp\/v2\/product"}],"about":[{"href":"https:\/\/toolhouse.fi\/fi\/wp-json\/wp\/v2\/types\/product"}],"version-history":[{"count":0,"href":"https:\/\/toolhouse.fi\/fi\/wp-json\/wp\/v2\/product\/15656\/revisions"}],"wp:featuredmedia":[{"embeddable":true,"href":"https:\/\/toolhouse.fi\/fi\/wp-json\/wp\/v2\/media\/15679"}],"wp:attachment":[{"href":"https:\/\/toolhouse.fi\/fi\/wp-json\/wp\/v2\/media?parent=15656"}],"wp:term":[{"taxonomy":"product_cat","embeddable":true,"href":"https:\/\/toolhouse.fi\/fi\/wp-json\/wp\/v2\/product_cat?post=15656"},{"taxonomy":"product_tag","embeddable":true,"href":"https:\/\/toolhouse.fi\/fi\/wp-json\/wp\/v2\/product_tag?post=15656"}],"curies":[{"name":"wp","href":"https:\/\/api.w.org\/{rel}","templated":true}]}}