{"id":1736,"date":"2020-11-10T19:47:03","date_gmt":"2020-11-10T17:47:03","guid":{"rendered":"https:\/\/toolhouse.fi\/produkt\/palteenlukitsin-redats-professional\/"},"modified":"2026-04-17T11:09:11","modified_gmt":"2026-04-17T08:09:11","slug":"apukasi-professional","status":"publish","type":"product","link":"https:\/\/toolhouse.fi\/fi\/tuote\/apukasi-professional\/","title":{"rendered":"Apuk\u00e4si professional"},"content":{"rendered":"<p class=\"product-card-name\">Apuk\u00e4si helpotat ja nopeutat renkaan asennusta vanteelle.<\/p>\n<p class=\"product-card-name\">Pystyt lukitsemaan\u00a0 ty\u00f6kalulla renkaan asennuksen aikana vastakkaiselta puolelta. Ty\u00f6kalu est\u00e4\u00e4 rengasta nousemasta toiselta puolelta vanteelta pois, kun rengasta painetaan asennusp\u00e4\u00e4ll\u00e4 vanteelle.<\/p>\n<p class=\"product-card-name\">Nopeuttaa rengasasennusta merkitt\u00e4v\u00e4sti.<\/p>\n<p class=\"product-card-name\">Nopea ja helppo k\u00e4ytt\u00f6inen.<\/p>\n<p class=\"product-card-name\">Ty\u00f6kalun paikalleen asennus vie vain hetken, lyhent\u00e4\u00e4n renkaan asennusaikaa ja lis\u00e4\u00e4 ty\u00f6turvallisuutta, kun ei samaanaikaan tarvitse k\u00e4dell\u00e4 painaa rengasta vastapuolelta alas vanteelle.<\/p>\n<p>&nbsp;<\/p>\n<p>Valmistaja: Invento<\/p>\n","protected":false},"excerpt":{"rendered":"<p>Apuk\u00e4si helpotat ja nopeutat renkaan asennusta vanteelle. Pystyt lukitsemaan\u00a0 ty\u00f6kalulla renkaan asennuksen aikana vastakkaiselta puolelta. Ty\u00f6kalu est\u00e4\u00e4 rengasta nousemasta toiselta puolelta vanteelta pois, kun rengasta painetaan asennusp\u00e4\u00e4ll\u00e4 vanteelle. Nopeuttaa rengasasennusta merkitt\u00e4v\u00e4sti. Nopea ja helppo k\u00e4ytt\u00f6inen. Ty\u00f6kalun paikalleen asennus vie vain hetken, lyhent\u00e4\u00e4n renkaan asennusaikaa ja lis\u00e4\u00e4 ty\u00f6turvallisuutta, kun ei samaanaikaan tarvitse k\u00e4dell\u00e4 painaa rengasta vastapuolelta [&hellip;]<\/p>\n","protected":false},"featured_media":27227,"template":"","meta":{"_acf_changed":false,"_seopress_robots_primary_cat":"none","_seopress_titles_title":"","_seopress_titles_desc":"","_seopress_robots_index":""},"product_cat":[475,163,39],"product_tag":[],"class_list":{"0":"post-1736","1":"product","2":"type-product","3":"status-publish","4":"has-post-thumbnail","6":"product_cat-lisavarusteet-ja-varaosat","7":"product_cat-rengaskoneiden-tarvikkeet","8":"product_cat-rengastyo","9":"product_shipping_class-tillbehor-590e","11":"first","12":"instock","13":"sale","14":"taxable","15":"shipping-taxable","16":"purchasable","17":"product-type-simple","swatches":"rey-swatches","show_selected":""},"acf":[],"_links":{"self":[{"href":"https:\/\/toolhouse.fi\/fi\/wp-json\/wp\/v2\/product\/1736","targetHints":{"allow":["GET"]}}],"collection":[{"href":"https:\/\/toolhouse.fi\/fi\/wp-json\/wp\/v2\/product"}],"about":[{"href":"https:\/\/toolhouse.fi\/fi\/wp-json\/wp\/v2\/types\/product"}],"version-history":[{"count":1,"href":"https:\/\/toolhouse.fi\/fi\/wp-json\/wp\/v2\/product\/1736\/revisions"}],"predecessor-version":[{"id":27235,"href":"https:\/\/toolhouse.fi\/fi\/wp-json\/wp\/v2\/product\/1736\/revisions\/27235"}],"wp:featuredmedia":[{"embeddable":true,"href":"https:\/\/toolhouse.fi\/fi\/wp-json\/wp\/v2\/media\/27227"}],"wp:attachment":[{"href":"https:\/\/toolhouse.fi\/fi\/wp-json\/wp\/v2\/media?parent=1736"}],"wp:term":[{"taxonomy":"product_cat","embeddable":true,"href":"https:\/\/toolhouse.fi\/fi\/wp-json\/wp\/v2\/product_cat?post=1736"},{"taxonomy":"product_tag","embeddable":true,"href":"https:\/\/toolhouse.fi\/fi\/wp-json\/wp\/v2\/product_tag?post=1736"}],"curies":[{"name":"wp","href":"https:\/\/api.w.org\/{rel}","templated":true}]}}