{"id":1748,"date":"2020-11-12T13:28:10","date_gmt":"2020-11-12T11:28:10","guid":{"rendered":"https:\/\/toolhouse.fi\/produkt\/voimahylsysarja-1-2-pitkat\/"},"modified":"2025-11-08T18:35:17","modified_gmt":"2025-11-08T16:35:17","slug":"voimahylsysarja-1-2-pitkat","status":"publish","type":"product","link":"https:\/\/toolhouse.fi\/fi\/tuote\/voimahylsysarja-1-2-pitkat\/","title":{"rendered":"Voimahylsysarja 1\/2&#8243; pitk\u00e4t"},"content":{"rendered":"<p><strong>Redats pitk\u00e4t voimahylsyt konek\u00e4ytt\u00f6\u00f6n<\/strong><\/p>\n<p>&nbsp;<\/p>\n<p>Sis\u00e4lt\u00e4\u00e4 10 kpl voimahylsyj\u00e4 v\u00e4lilt\u00e4 13-26 mm.<\/p>\n<p>Konehylsysarja toimitetaan muovisalkussa.<\/p>\n","protected":false},"excerpt":{"rendered":"<p>Redats pitk\u00e4t voimahylsyt konek\u00e4ytt\u00f6\u00f6n &nbsp; Sis\u00e4lt\u00e4\u00e4 10 kpl voimahylsyj\u00e4 v\u00e4lilt\u00e4 13-26 mm. Konehylsysarja toimitetaan muovisalkussa.<\/p>\n","protected":false},"featured_media":7071,"template":"","meta":{"_acf_changed":false,"_seopress_robots_primary_cat":"","_seopress_titles_title":"","_seopress_titles_desc":"","_seopress_robots_index":""},"product_cat":[481,339,487,323,337,40],"product_tag":[],"class_list":{"0":"post-1748","1":"product","2":"type-product","3":"status-publish","4":"has-post-thumbnail","6":"product_cat-alusta-ja-voimansiirtotyokalut","7":"product_cat-autotyokalut","8":"product_cat-hylsytyokalut-vaantotyokalut","9":"product_cat-mutterinvaantimet","10":"product_cat-tyokalut","11":"product_cat-korjaamolaitteet","12":"product_shipping_class-tillbehor-590e","14":"first","15":"instock","16":"taxable","17":"shipping-taxable","18":"purchasable","19":"product-type-simple","swatches":"rey-swatches","show_selected":""},"acf":[],"_links":{"self":[{"href":"https:\/\/toolhouse.fi\/fi\/wp-json\/wp\/v2\/product\/1748","targetHints":{"allow":["GET"]}}],"collection":[{"href":"https:\/\/toolhouse.fi\/fi\/wp-json\/wp\/v2\/product"}],"about":[{"href":"https:\/\/toolhouse.fi\/fi\/wp-json\/wp\/v2\/types\/product"}],"version-history":[{"count":0,"href":"https:\/\/toolhouse.fi\/fi\/wp-json\/wp\/v2\/product\/1748\/revisions"}],"wp:featuredmedia":[{"embeddable":true,"href":"https:\/\/toolhouse.fi\/fi\/wp-json\/wp\/v2\/media\/7071"}],"wp:attachment":[{"href":"https:\/\/toolhouse.fi\/fi\/wp-json\/wp\/v2\/media?parent=1748"}],"wp:term":[{"taxonomy":"product_cat","embeddable":true,"href":"https:\/\/toolhouse.fi\/fi\/wp-json\/wp\/v2\/product_cat?post=1748"},{"taxonomy":"product_tag","embeddable":true,"href":"https:\/\/toolhouse.fi\/fi\/wp-json\/wp\/v2\/product_tag?post=1748"}],"curies":[{"name":"wp","href":"https:\/\/api.w.org\/{rel}","templated":true}]}}