{"id":1823,"date":"2020-11-17T13:49:45","date_gmt":"2020-11-17T11:49:45","guid":{"rendered":"https:\/\/toolhouse.fi\/produkt\/x-tra-seal-237ml\/"},"modified":"2025-08-03T12:20:41","modified_gmt":"2025-08-03T09:20:41","slug":"x-tra-seal-237ml","status":"publish","type":"product","link":"https:\/\/toolhouse.fi\/fi\/tuote\/x-tra-seal-237ml\/","title":{"rendered":"X-tra Seal 237ml"},"content":{"rendered":"","protected":false},"excerpt":{"rendered":"<p class=\"product_name__name m-0\">X-tra Seal\u00a0vulkanointiliimaa.<\/p>\n<p>Nopeasti kuivuva erikoisliima, k\u00e4ytet\u00e4\u00e4n mm. sienipaikkojen ja rengaspaikkojen liimaamiseen renkaan sis\u00e4pintaan.<\/p>\n<p>Rengasliikkeille tai kuluttajille sopiva tuote.<\/p>\n<p class=\"LC20lb DKV0Md\">Valmistettu USA:ssa.<\/p>\n<p class=\"product-title product_title entry-title\">Kansi harjalla.<\/p>\n<p>237ml.<\/p>\n","protected":false},"featured_media":1819,"template":"","meta":{"_acf_changed":false,"_seopress_robots_primary_cat":"","_seopress_titles_title":"","_seopress_titles_desc":"","_seopress_robots_index":""},"product_cat":[39,162],"product_tag":[],"class_list":{"0":"post-1823","1":"product","2":"type-product","3":"status-publish","4":"has-post-thumbnail","6":"product_cat-rengastyo","7":"product_cat-renkaan-paikkaus","8":"product_shipping_class-tillbehor-790e","10":"first","11":"outofstock","12":"taxable","13":"shipping-taxable","14":"purchasable","15":"product-type-simple","swatches":"rey-swatches","show_selected":""},"acf":[],"_links":{"self":[{"href":"https:\/\/toolhouse.fi\/fi\/wp-json\/wp\/v2\/product\/1823","targetHints":{"allow":["GET"]}}],"collection":[{"href":"https:\/\/toolhouse.fi\/fi\/wp-json\/wp\/v2\/product"}],"about":[{"href":"https:\/\/toolhouse.fi\/fi\/wp-json\/wp\/v2\/types\/product"}],"version-history":[{"count":1,"href":"https:\/\/toolhouse.fi\/fi\/wp-json\/wp\/v2\/product\/1823\/revisions"}],"predecessor-version":[{"id":18291,"href":"https:\/\/toolhouse.fi\/fi\/wp-json\/wp\/v2\/product\/1823\/revisions\/18291"}],"wp:featuredmedia":[{"embeddable":true,"href":"https:\/\/toolhouse.fi\/fi\/wp-json\/wp\/v2\/media\/1819"}],"wp:attachment":[{"href":"https:\/\/toolhouse.fi\/fi\/wp-json\/wp\/v2\/media?parent=1823"}],"wp:term":[{"taxonomy":"product_cat","embeddable":true,"href":"https:\/\/toolhouse.fi\/fi\/wp-json\/wp\/v2\/product_cat?post=1823"},{"taxonomy":"product_tag","embeddable":true,"href":"https:\/\/toolhouse.fi\/fi\/wp-json\/wp\/v2\/product_tag?post=1823"}],"curies":[{"name":"wp","href":"https:\/\/api.w.org\/{rel}","templated":true}]}}