{"id":1825,"date":"2020-11-17T14:01:39","date_gmt":"2020-11-17T12:01:39","guid":{"rendered":"https:\/\/toolhouse.fi\/produkt\/sienipaikka-6mm-10kpl\/"},"modified":"2026-03-07T13:27:30","modified_gmt":"2026-03-07T11:27:30","slug":"sienipaikka-6mm-10kpl","status":"publish","type":"product","link":"https:\/\/toolhouse.fi\/fi\/tuote\/sienipaikka-6mm-10kpl\/","title":{"rendered":"Sienipaikka 6mm, 10kpl"},"content":{"rendered":"","protected":false},"excerpt":{"rendered":"<p>Sienipaikka on rengasvalmistajien hyv\u00e4ksym\u00e4 paikkaustapa joka s\u00e4ilytt\u00e4\u00e4 renkaan takuun valmistevirheiden varalta. T\u00e4m\u00e4 paikkaustapa on my\u00f6s oikea tapa paikata rengas pysyv\u00e4sti. Paikkaus on kest\u00e4v\u00e4 ja todella tehokas kaikkiin vaurioihin. Oikean kokoinen paikka valitaan vaurion koon perusteella. Renkaan paikkaus k\u00e4ytt\u00e4en t\u00e4llaista sienipaikkaa on hiukan aikaa viev\u00e4\u00e4, mutta antaa oikeaoppisesti k\u00e4ytettyn\u00e4 joka kerta 100% korjaustuloksen.<\/p>\n<p>Sienipaikka on jokaisen itsens\u00e4 varteestiottavan rengasliikkeen tai -pajan vakiopalvelu renkaan korjaukseen. Renkaat tulisi aina joko paistokorjata tai k\u00e4ytt\u00e4\u00e4 sienipaikkaa.<\/p>\n<ul>\n<li>Pakkaus: 10kpl<\/li>\n<li>Valmistaja: Geko<\/li>\n<\/ul>\n","protected":false},"featured_media":26004,"template":"","meta":{"_acf_changed":false,"_seopress_robots_primary_cat":"none","_seopress_titles_title":"","_seopress_titles_desc":"","_seopress_robots_index":""},"product_cat":[39,162],"product_tag":[],"class_list":{"0":"post-1825","1":"product","2":"type-product","3":"status-publish","4":"has-post-thumbnail","6":"product_cat-rengastyo","7":"product_cat-renkaan-paikkaus","8":"product_shipping_class-tillbehor-590e","10":"first","11":"instock","12":"taxable","13":"shipping-taxable","14":"purchasable","15":"product-type-simple","swatches":"rey-swatches","show_selected":""},"acf":[],"_links":{"self":[{"href":"https:\/\/toolhouse.fi\/fi\/wp-json\/wp\/v2\/product\/1825","targetHints":{"allow":["GET"]}}],"collection":[{"href":"https:\/\/toolhouse.fi\/fi\/wp-json\/wp\/v2\/product"}],"about":[{"href":"https:\/\/toolhouse.fi\/fi\/wp-json\/wp\/v2\/types\/product"}],"version-history":[{"count":1,"href":"https:\/\/toolhouse.fi\/fi\/wp-json\/wp\/v2\/product\/1825\/revisions"}],"predecessor-version":[{"id":26008,"href":"https:\/\/toolhouse.fi\/fi\/wp-json\/wp\/v2\/product\/1825\/revisions\/26008"}],"wp:featuredmedia":[{"embeddable":true,"href":"https:\/\/toolhouse.fi\/fi\/wp-json\/wp\/v2\/media\/26004"}],"wp:attachment":[{"href":"https:\/\/toolhouse.fi\/fi\/wp-json\/wp\/v2\/media?parent=1825"}],"wp:term":[{"taxonomy":"product_cat","embeddable":true,"href":"https:\/\/toolhouse.fi\/fi\/wp-json\/wp\/v2\/product_cat?post=1825"},{"taxonomy":"product_tag","embeddable":true,"href":"https:\/\/toolhouse.fi\/fi\/wp-json\/wp\/v2\/product_tag?post=1825"}],"curies":[{"name":"wp","href":"https:\/\/api.w.org\/{rel}","templated":true}]}}