{"id":1859,"date":"2020-11-17T19:20:48","date_gmt":"2020-11-17T17:20:48","guid":{"rendered":"https:\/\/toolhouse.fi\/produkt\/tasapainotuspainot-alu-5-35g-650kpl-paketti\/"},"modified":"2026-03-29T22:19:50","modified_gmt":"2026-03-29T19:19:50","slug":"tasapainotuspainot-pelti-paketti","status":"publish","type":"product","link":"https:\/\/toolhouse.fi\/fi\/tuote\/tasapainotuspainot-pelti-paketti\/","title":{"rendered":"Tasapainotuspainot peltivanne Fe 5-40g \/ 700kpl"},"content":{"rendered":"","protected":false},"excerpt":{"rendered":"<h4><strong>Fivestars tasapainotuspainot peltivanteille.<\/strong><\/h4>\n<p>Materiaali: galvanoitu ter\u00e4s (Fe)<\/p>\n<p>&nbsp;<\/p>\n<p><strong>Paketti sis\u00e4lt\u00e4\u00e4\u00a0<\/strong><\/p>\n<ul>\n<li>5g\u00a0 \u00a0 100 kpl<\/li>\n<li>10g\u00a0 100 kpl<\/li>\n<li>15g\u00a0 100 kpl<\/li>\n<li>20g\u00a0 100 kpl<\/li>\n<li>25g\u00a0 100 kpl<\/li>\n<li>30g\u00a0 100 kpl<\/li>\n<li>35g\u00a0 \u00a0 50 kpl<\/li>\n<li>40g\u00a0 \u00a0 50 kpl<\/li>\n<\/ul>\n<p><strong>Yhteens\u00e4 700 kpl \/ 14,25 kg<\/strong><\/p>\n","protected":false},"featured_media":13539,"template":"","meta":{"_acf_changed":false,"_seopress_robots_primary_cat":"","_seopress_titles_title":"","_seopress_titles_desc":"","_seopress_robots_index":""},"product_cat":[297],"product_tag":[],"class_list":{"0":"post-1859","1":"product","2":"type-product","3":"status-publish","4":"has-post-thumbnail","6":"product_cat-lyontipaino-terasvanteelle","7":"product_shipping_class-tillbehor-790e","9":"first","10":"instock","11":"taxable","12":"shipping-taxable","13":"purchasable","14":"product-type-simple","swatches":"rey-swatches","show_selected":""},"acf":[],"_links":{"self":[{"href":"https:\/\/toolhouse.fi\/fi\/wp-json\/wp\/v2\/product\/1859","targetHints":{"allow":["GET"]}}],"collection":[{"href":"https:\/\/toolhouse.fi\/fi\/wp-json\/wp\/v2\/product"}],"about":[{"href":"https:\/\/toolhouse.fi\/fi\/wp-json\/wp\/v2\/types\/product"}],"version-history":[{"count":0,"href":"https:\/\/toolhouse.fi\/fi\/wp-json\/wp\/v2\/product\/1859\/revisions"}],"wp:featuredmedia":[{"embeddable":true,"href":"https:\/\/toolhouse.fi\/fi\/wp-json\/wp\/v2\/media\/13539"}],"wp:attachment":[{"href":"https:\/\/toolhouse.fi\/fi\/wp-json\/wp\/v2\/media?parent=1859"}],"wp:term":[{"taxonomy":"product_cat","embeddable":true,"href":"https:\/\/toolhouse.fi\/fi\/wp-json\/wp\/v2\/product_cat?post=1859"},{"taxonomy":"product_tag","embeddable":true,"href":"https:\/\/toolhouse.fi\/fi\/wp-json\/wp\/v2\/product_tag?post=1859"}],"curies":[{"name":"wp","href":"https:\/\/api.w.org\/{rel}","templated":true}]}}