{"id":1933,"date":"2020-11-26T20:21:58","date_gmt":"2020-11-26T18:21:58","guid":{"rendered":"https:\/\/toolhouse.fi\/produkt\/tr413-venttiili-100kpl\/"},"modified":"2026-04-29T18:17:30","modified_gmt":"2026-04-29T15:17:30","slug":"tr413-venttiili-100kpl","status":"publish","type":"product","link":"https:\/\/toolhouse.fi\/fi\/tuote\/tr413-venttiili-100kpl\/","title":{"rendered":"Kromiventtiili TR412 100kpl"},"content":{"rendered":"","protected":false},"excerpt":{"rendered":"<p><strong>Korkealaatuiset TR412 Kromiventtiilit.<\/strong><\/p>\n<ul>\n<li>Sopii useimpiin ter\u00e4s- ja kevytmetallivanteisiin<\/li>\n<li>Valmistettu EPDM-kumista ja messingist\u00e4 kest\u00e4vyyden takaamiseksi<\/li>\n<li>Kulutusta ja s\u00e4\u00e4olosuhteita kest\u00e4v\u00e4 materiaali<\/li>\n<li>Venttiili ja ydin messingist\u00e4<\/li>\n<li>Valmistettu Saksassa &amp; T\u00dcV-hyv\u00e4ksytty<\/li>\n<li>Vanteen rei\u00e4n halkaisija: 11,3 mm<\/li>\n<li>Kokonaispituus n. 35mm<\/li>\n<li>100 kpl<\/li>\n<li>\n<div class=\"woocommerce-product-details__short-description\">\n<p>Valmistaja<strong>:<\/strong>\u00a0Tip-Topol<\/p>\n<\/div>\n<\/li>\n<\/ul>\n","protected":false},"featured_media":25363,"template":"","meta":{"_acf_changed":false,"_seopress_robots_primary_cat":"none","_seopress_titles_title":"","_seopress_titles_desc":"","_seopress_robots_index":""},"product_cat":[39,298],"product_tag":[],"class_list":{"0":"post-1933","1":"product","2":"type-product","3":"status-publish","4":"has-post-thumbnail","6":"product_cat-rengastyo","7":"product_cat-rengasventtiilit","8":"product_shipping_class-tillbehor-490e","10":"first","11":"instock","12":"taxable","13":"shipping-taxable","14":"purchasable","15":"product-type-simple","swatches":"rey-swatches","show_selected":""},"acf":[],"_links":{"self":[{"href":"https:\/\/toolhouse.fi\/fi\/wp-json\/wp\/v2\/product\/1933","targetHints":{"allow":["GET"]}}],"collection":[{"href":"https:\/\/toolhouse.fi\/fi\/wp-json\/wp\/v2\/product"}],"about":[{"href":"https:\/\/toolhouse.fi\/fi\/wp-json\/wp\/v2\/types\/product"}],"version-history":[{"count":1,"href":"https:\/\/toolhouse.fi\/fi\/wp-json\/wp\/v2\/product\/1933\/revisions"}],"predecessor-version":[{"id":25368,"href":"https:\/\/toolhouse.fi\/fi\/wp-json\/wp\/v2\/product\/1933\/revisions\/25368"}],"wp:featuredmedia":[{"embeddable":true,"href":"https:\/\/toolhouse.fi\/fi\/wp-json\/wp\/v2\/media\/25363"}],"wp:attachment":[{"href":"https:\/\/toolhouse.fi\/fi\/wp-json\/wp\/v2\/media?parent=1933"}],"wp:term":[{"taxonomy":"product_cat","embeddable":true,"href":"https:\/\/toolhouse.fi\/fi\/wp-json\/wp\/v2\/product_cat?post=1933"},{"taxonomy":"product_tag","embeddable":true,"href":"https:\/\/toolhouse.fi\/fi\/wp-json\/wp\/v2\/product_tag?post=1933"}],"curies":[{"name":"wp","href":"https:\/\/api.w.org\/{rel}","templated":true}]}}