{"id":1943,"date":"2020-11-29T12:28:47","date_gmt":"2020-11-29T10:28:47","guid":{"rendered":"https:\/\/toolhouse.fi\/produkt\/tr-412-venttiili-100-kpl\/"},"modified":"2025-09-08T10:40:51","modified_gmt":"2025-09-08T07:40:51","slug":"tr-412-venttiili-100-kpl","status":"publish","type":"product","link":"https:\/\/toolhouse.fi\/fi\/tuote\/tr-412-venttiili-100-kpl\/","title":{"rendered":"Tr 412 venttiili 100 kpl"},"content":{"rendered":"","protected":false},"excerpt":{"rendered":"<p>&nbsp;<\/p>\n<h3>TR 412 \u2013 100 kpl EPDM\/Messinki<\/h3>\n<p>&nbsp;<\/p>\n<ul>\n<li>Sopii useimpiin ter\u00e4s- ja kevytmetallivanteisiin<\/li>\n<li>Valmistettu EPDM-kumista ja messingist\u00e4 kest\u00e4vyyden takaamiseksi<\/li>\n<li>Kulutusta ja s\u00e4\u00e4olosuhteita kest\u00e4v\u00e4 materiaali<\/li>\n<li>Venttiili ja ydin messingist\u00e4<\/li>\n<li>Valmistettu Saksassa &amp; T\u00dcV-hyv\u00e4ksytty<\/li>\n<li>Vanteen rei\u00e4n halkaisija: 11,3 mm<\/li>\n<li>Kokonaispituus n. 35mm<\/li>\n<li>100 kpl<\/li>\n<\/ul>\n<p>Valmistaja<strong>:<\/strong>\u00a0Tip-Topol<\/p>\n","protected":false},"featured_media":25331,"template":"","meta":{"_acf_changed":false,"_seopress_robots_primary_cat":"none","_seopress_titles_title":"","_seopress_titles_desc":"","_seopress_robots_index":""},"product_cat":[39,298],"product_tag":[],"class_list":{"0":"post-1943","1":"product","2":"type-product","3":"status-publish","4":"has-post-thumbnail","6":"product_cat-rengastyo","7":"product_cat-rengasventtiilit","8":"product_shipping_class-tillbehor-590e","10":"first","11":"outofstock","12":"taxable","13":"shipping-taxable","14":"purchasable","15":"product-type-simple","swatches":"rey-swatches","show_selected":""},"acf":[],"_links":{"self":[{"href":"https:\/\/toolhouse.fi\/fi\/wp-json\/wp\/v2\/product\/1943","targetHints":{"allow":["GET"]}}],"collection":[{"href":"https:\/\/toolhouse.fi\/fi\/wp-json\/wp\/v2\/product"}],"about":[{"href":"https:\/\/toolhouse.fi\/fi\/wp-json\/wp\/v2\/types\/product"}],"version-history":[{"count":1,"href":"https:\/\/toolhouse.fi\/fi\/wp-json\/wp\/v2\/product\/1943\/revisions"}],"predecessor-version":[{"id":25335,"href":"https:\/\/toolhouse.fi\/fi\/wp-json\/wp\/v2\/product\/1943\/revisions\/25335"}],"wp:featuredmedia":[{"embeddable":true,"href":"https:\/\/toolhouse.fi\/fi\/wp-json\/wp\/v2\/media\/25331"}],"wp:attachment":[{"href":"https:\/\/toolhouse.fi\/fi\/wp-json\/wp\/v2\/media?parent=1943"}],"wp:term":[{"taxonomy":"product_cat","embeddable":true,"href":"https:\/\/toolhouse.fi\/fi\/wp-json\/wp\/v2\/product_cat?post=1943"},{"taxonomy":"product_tag","embeddable":true,"href":"https:\/\/toolhouse.fi\/fi\/wp-json\/wp\/v2\/product_tag?post=1943"}],"curies":[{"name":"wp","href":"https:\/\/api.w.org\/{rel}","templated":true}]}}