{"id":1974,"date":"2020-11-29T13:45:31","date_gmt":"2020-11-29T11:45:31","guid":{"rendered":"https:\/\/toolhouse.fi\/produkt\/pylvasporakone-cormak-32\/"},"modified":"2026-03-10T05:47:54","modified_gmt":"2026-03-10T03:47:54","slug":"pylvasporakone-cormak-32","status":"publish","type":"product","link":"https:\/\/toolhouse.fi\/fi\/tuote\/pylvasporakone-cormak-32\/","title":{"rendered":"Pylv\u00e4sporakone Cormak 32"},"content":{"rendered":"<pre class=\"tw-data-text tw-text-large XcVN5d tw-ta\" dir=\"ltr\" data-placeholder=\"\u00d6vers\u00e4ttning\"><strong><em><span lang=\"fi\">Linkki tuotevideoon:\r\n\r\n<iframe title=\"Cormak 32 pylv\u00e4sporakone, kierteen teko.\" width=\"1410\" height=\"793\" src=\"https:\/\/www.youtube.com\/embed\/AqttsqFRUAU?feature=oembed\" frameborder=\"0\" allow=\"accelerometer; autoplay; clipboard-write; encrypted-media; gyroscope; picture-in-picture; web-share\" referrerpolicy=\"strict-origin-when-cross-origin\" allowfullscreen><\/iframe>\r\n\r\n\r\n\r\n\r\n<\/span><\/em><\/strong><\/pre>\n<pre id=\"tw-target-text\" class=\"tw-data-text tw-text-large XcVN5d tw-ta\" dir=\"ltr\" data-placeholder=\"\u00d6vers\u00e4ttning\"><strong><em><span lang=\"fi\">Linkki valmistajan tuotevideoon:<\/span><\/em><\/strong><\/pre>\n<p><a href=\"https:\/\/www.youtube.com\/watch?v=xyGtyIYV-TY\">https:\/\/www.youtube.com\/watch?v=xyGtyIYV-TY<\/a><\/p>\n<table border=\"1\" width=\"500\" cellspacing=\"0\" cellpadding=\"0\">\n<tbody>\n<tr>\n<td>Porausteho<\/td>\n<td>\n<p align=\"center\"><strong>32\u00a0mm<\/strong><\/p>\n<\/td>\n<\/tr>\n<tr>\n<td>Poraistukan koko<\/td>\n<td>\n<p align=\"center\"><strong>16 mm<\/strong><\/p>\n<\/td>\n<\/tr>\n<tr>\n<td>Morsekartio<\/td>\n<td>\n<p align=\"center\"><strong>MK4<\/strong><\/p>\n<\/td>\n<\/tr>\n<tr>\n<td>Et\u00e4isyys karasta pylv\u00e4\u00e4seen<\/td>\n<td>\n<p align=\"center\"><strong>254 mm<\/strong><\/p>\n<\/td>\n<\/tr>\n<tr>\n<td>Karan liike<\/td>\n<td>\n<p align=\"center\"><strong>120 mm<\/strong><\/p>\n<\/td>\n<\/tr>\n<tr>\n<td>Et\u00e4isyys karasta jalustaan<\/td>\n<td>\n<p align=\"center\"><strong>595\u00a0mm<\/strong><\/p>\n<\/td>\n<\/tr>\n<tr>\n<td>J\u00e4nnite<\/td>\n<td>\n<p align=\"center\"><strong>400v<\/strong><\/p>\n<\/td>\n<\/tr>\n<tr>\n<td>Et\u00e4isyys karasta jalustaan<\/td>\n<td>\n<p align=\"center\"><strong>1075 mm<\/strong><\/p>\n<\/td>\n<\/tr>\n<tr>\n<td>P\u00f6yd\u00e4n koko<\/td>\n<td>\n<p align=\"center\"><b>475\u00d7425 mm<\/b><\/p>\n<\/td>\n<\/tr>\n<tr>\n<td>Pylv\u00e4\u00e4n halkaisija<\/td>\n<td>\n<p align=\"center\"><strong>92 mm<\/strong><\/p>\n<\/td>\n<\/tr>\n<tr>\n<td>Moottoriteho<\/td>\n<td>\n<p align=\"center\"><strong>1.5 kW<\/strong><\/p>\n<\/td>\n<\/tr>\n<tr>\n<td>Mitat<\/td>\n<td>\n<p align=\"center\"><b>1670\u00d7760\u00d7475\u00a0mm<\/b><\/p>\n<\/td>\n<\/tr>\n<tr>\n<td>Paino<\/td>\n<td>\n<p align=\"center\"><strong>144 kg<\/strong><\/p>\n<\/td>\n<\/tr>\n<\/tbody>\n<\/table>\n<h3><\/h3>\n<table border=\"1\" cellpadding=\"4\">\n<tbody>\n<tr>\n<td>Moottorin nopeus<\/td>\n<td colspan=\"17\">Kierosluvut (min<sup>-1<\/sup>)<\/td>\n<\/tr>\n<tr>\n<td>1400 min<sup>-1<\/sup><\/td>\n<td>120<\/td>\n<td>200<\/td>\n<td>250<\/td>\n<td>360<\/td>\n<td>400<\/td>\n<td>450<\/td>\n<td>950<\/td>\n<td>1280<\/td>\n<td>1520<\/td>\n<td>1840<\/td>\n<td>2440<\/td>\n<td>3480<\/td>\n<\/tr>\n<tr>\n<td>700 min<sup>-1<\/sup><\/td>\n<td>60<\/td>\n<td>100<\/td>\n<td>120<\/td>\n<td>180<\/td>\n<td>200<\/td>\n<td>220<\/td>\n<td>470<\/td>\n<td>640<\/td>\n<td>760<\/td>\n<td>920<\/td>\n<td>1120<\/td>\n<td>1740<\/td>\n<\/tr>\n<\/tbody>\n<\/table>\n","protected":false},"excerpt":{"rendered":"<h2>Cormak 32<\/h2>\n<h3>Eritt\u00e4in tukeva kone laajalla kierronopeusalueella.<\/h3>\n<ul>\n<li>Laaja kierroslukualue\u00a0<strong>\u00a060 \u2013 3480 rpm!<\/strong><\/li>\n<li>Suunnanvaihto.<\/li>\n<li>Porauskapasiteetti 32 mm.<\/li>\n<li>Tarkka 16 mm pikaistukka vakio.<\/li>\n<li>Morsekartio\u00a0\u00a0<strong>MK<\/strong>\u00a0<strong>4<\/strong><\/li>\n<li>2-nopeuksinen moottori 1500W.<\/li>\n<li>Iso hiottu ty\u00f6p\u00f6yt\u00e4 T-urilla.<\/li>\n<li>Kalllistuva porap\u00f6yt\u00e4<\/li>\n<li>Valaistus.<\/li>\n<li>T-urat porakoneen jalustassa<\/li>\n<li>J\u00e4\u00e4hdytyslaite.<\/li>\n<li>H\u00e4t\u00e4seispainike.<\/li>\n<li>Valurauta hihnapy\u00f6r\u00e4t<\/li>\n<li>Ce hyv\u00e4ksytty<\/li>\n<\/ul>\n<ul>\n<li>Takuu 1 vuosi<\/li>\n<li>Valmistettu EU:ssa<\/li>\n<\/ul>\n","protected":false},"featured_media":6383,"template":"","meta":{"_acf_changed":false,"_seopress_robots_primary_cat":"","_seopress_titles_title":"","_seopress_titles_desc":"","_seopress_robots_index":""},"product_cat":[258],"product_tag":[],"class_list":{"0":"post-1974","1":"product","2":"type-product","3":"status-publish","4":"has-post-thumbnail","6":"product_cat-pylvasporakoneet","7":"product_shipping_class-w-220-230-fi","9":"first","10":"instock","11":"taxable","12":"shipping-taxable","13":"purchasable","14":"product-type-simple","swatches":"rey-swatches","show_selected":""},"acf":[],"_links":{"self":[{"href":"https:\/\/toolhouse.fi\/fi\/wp-json\/wp\/v2\/product\/1974","targetHints":{"allow":["GET"]}}],"collection":[{"href":"https:\/\/toolhouse.fi\/fi\/wp-json\/wp\/v2\/product"}],"about":[{"href":"https:\/\/toolhouse.fi\/fi\/wp-json\/wp\/v2\/types\/product"}],"version-history":[{"count":0,"href":"https:\/\/toolhouse.fi\/fi\/wp-json\/wp\/v2\/product\/1974\/revisions"}],"wp:featuredmedia":[{"embeddable":true,"href":"https:\/\/toolhouse.fi\/fi\/wp-json\/wp\/v2\/media\/6383"}],"wp:attachment":[{"href":"https:\/\/toolhouse.fi\/fi\/wp-json\/wp\/v2\/media?parent=1974"}],"wp:term":[{"taxonomy":"product_cat","embeddable":true,"href":"https:\/\/toolhouse.fi\/fi\/wp-json\/wp\/v2\/product_cat?post=1974"},{"taxonomy":"product_tag","embeddable":true,"href":"https:\/\/toolhouse.fi\/fi\/wp-json\/wp\/v2\/product_tag?post=1974"}],"curies":[{"name":"wp","href":"https:\/\/api.w.org\/{rel}","templated":true}]}}