{"id":19937,"date":"2024-09-10T15:31:16","date_gmt":"2024-09-10T12:31:16","guid":{"rendered":"https:\/\/toolhouse.fi\/?post_type=product&#038;p=19937"},"modified":"2025-02-04T19:58:41","modified_gmt":"2025-02-04T17:58:41","slug":"tasausvaijeri-pari-redats-l-200-l-220","status":"publish","type":"product","link":"https:\/\/toolhouse.fi\/fi\/tuote\/tasausvaijeri-pari-redats-l-200-l-220\/","title":{"rendered":"Tasausvaijeri pari Redats L-200 \/ L-220"},"content":{"rendered":"","protected":false},"excerpt":{"rendered":"<p>Tasausvaijerit Redats L-200 ja L-220.<\/p>\n<ul>\n<li>Kokonaispituus: 8750mm<\/li>\n<li>Halkaisija: 9,3mm<\/li>\n<li>Kierre: M16<\/li>\n<li>Pakkaus sis\u00e4lt\u00e4\u00e4 2 kpl vaijerit<\/li>\n<li>Ei sovi L-200R \/L-220R<\/li>\n<\/ul>\n","protected":false},"featured_media":18977,"template":"","meta":{"_acf_changed":false,"_seopress_robots_primary_cat":"","_seopress_titles_title":"","_seopress_titles_desc":"","_seopress_robots_index":""},"product_cat":[455,290],"product_tag":[],"class_list":{"0":"post-19937","1":"product","2":"type-product","3":"status-publish","4":"has-post-thumbnail","6":"product_cat-ajoneuvonostimet","7":"product_cat-varaosat-ja-tarvikkeet","8":"product_shipping_class-tillbehor-790e","10":"first","11":"instock","12":"taxable","13":"shipping-taxable","14":"purchasable","15":"product-type-simple","swatches":"rey-swatches","show_selected":""},"acf":[],"_links":{"self":[{"href":"https:\/\/toolhouse.fi\/fi\/wp-json\/wp\/v2\/product\/19937","targetHints":{"allow":["GET"]}}],"collection":[{"href":"https:\/\/toolhouse.fi\/fi\/wp-json\/wp\/v2\/product"}],"about":[{"href":"https:\/\/toolhouse.fi\/fi\/wp-json\/wp\/v2\/types\/product"}],"version-history":[{"count":1,"href":"https:\/\/toolhouse.fi\/fi\/wp-json\/wp\/v2\/product\/19937\/revisions"}],"predecessor-version":[{"id":19967,"href":"https:\/\/toolhouse.fi\/fi\/wp-json\/wp\/v2\/product\/19937\/revisions\/19967"}],"wp:featuredmedia":[{"embeddable":true,"href":"https:\/\/toolhouse.fi\/fi\/wp-json\/wp\/v2\/media\/18977"}],"wp:attachment":[{"href":"https:\/\/toolhouse.fi\/fi\/wp-json\/wp\/v2\/media?parent=19937"}],"wp:term":[{"taxonomy":"product_cat","embeddable":true,"href":"https:\/\/toolhouse.fi\/fi\/wp-json\/wp\/v2\/product_cat?post=19937"},{"taxonomy":"product_tag","embeddable":true,"href":"https:\/\/toolhouse.fi\/fi\/wp-json\/wp\/v2\/product_tag?post=19937"}],"curies":[{"name":"wp","href":"https:\/\/api.w.org\/{rel}","templated":true}]}}