{"id":19939,"date":"2024-09-10T15:31:16","date_gmt":"2024-09-10T12:31:16","guid":{"rendered":"https:\/\/toolhouse.fi\/?post_type=product&#038;p=19939"},"modified":"2026-03-25T14:34:04","modified_gmt":"2026-03-25T12:34:04","slug":"autonostimen-aikarele-h3y-2","status":"publish","type":"product","link":"https:\/\/toolhouse.fi\/fi\/tuote\/autonostimen-aikarele-h3y-2\/","title":{"rendered":"Autonostimen aikarele H3Y-2"},"content":{"rendered":"","protected":false},"excerpt":{"rendered":"<p>H3Y-2 \/ AT-6 \/ ST6P aikarele.<\/p>\n<p>Sopii ajoneuvonostimiin, joissa on 8-napainen rele.<\/p>\n<p>&nbsp;<\/p>\n<p>&nbsp;<\/p>\n<ul>\n<li>24V<\/li>\n<li>0-10 sekuntia<\/li>\n<\/ul>\n<p>&nbsp;<\/p>\n<p>Aikarele soveltuu autonostimiin, joissa on automaattinen lukitus. sen avulla s\u00e4\u00e4dell\u00e4\u00e4n aikaa, jonka nostin ensin nousee alas-nappia painettaessa.\u00a0 Kun nostin on hieman noussut, niin lukot saadaan auki ja nostin voi alkaa laskeutua alasp\u00e4in.<\/p>\n<p>Oletusasetus on 2,5 sekuntia. sitten arvoa voi k\u00e4yt\u00f6ss\u00e4 s\u00e4\u00e4t\u00e4\u00e4 pienemm\u00e4ksi tai isommaksi sen mukaan millaista autoa ollaan nostamassa. Painava auto ja isompi s\u00e4\u00e4t\u00f6arvo.<\/p>\n","protected":false},"featured_media":32300,"template":"","meta":{"_acf_changed":false,"_seopress_robots_primary_cat":"none","_seopress_titles_title":"","_seopress_titles_desc":"","_seopress_robots_index":""},"product_cat":[455,290],"product_tag":[],"class_list":{"0":"post-19939","1":"product","2":"type-product","3":"status-publish","4":"has-post-thumbnail","6":"product_cat-ajoneuvonostimet","7":"product_cat-varaosat-ja-tarvikkeet","8":"product_shipping_class-tillbehor-590e","10":"first","11":"instock","12":"taxable","13":"shipping-taxable","14":"purchasable","15":"product-type-simple","swatches":"rey-swatches","show_selected":""},"acf":[],"_links":{"self":[{"href":"https:\/\/toolhouse.fi\/fi\/wp-json\/wp\/v2\/product\/19939","targetHints":{"allow":["GET"]}}],"collection":[{"href":"https:\/\/toolhouse.fi\/fi\/wp-json\/wp\/v2\/product"}],"about":[{"href":"https:\/\/toolhouse.fi\/fi\/wp-json\/wp\/v2\/types\/product"}],"version-history":[{"count":2,"href":"https:\/\/toolhouse.fi\/fi\/wp-json\/wp\/v2\/product\/19939\/revisions"}],"predecessor-version":[{"id":32296,"href":"https:\/\/toolhouse.fi\/fi\/wp-json\/wp\/v2\/product\/19939\/revisions\/32296"}],"wp:featuredmedia":[{"embeddable":true,"href":"https:\/\/toolhouse.fi\/fi\/wp-json\/wp\/v2\/media\/32300"}],"wp:attachment":[{"href":"https:\/\/toolhouse.fi\/fi\/wp-json\/wp\/v2\/media?parent=19939"}],"wp:term":[{"taxonomy":"product_cat","embeddable":true,"href":"https:\/\/toolhouse.fi\/fi\/wp-json\/wp\/v2\/product_cat?post=19939"},{"taxonomy":"product_tag","embeddable":true,"href":"https:\/\/toolhouse.fi\/fi\/wp-json\/wp\/v2\/product_tag?post=19939"}],"curies":[{"name":"wp","href":"https:\/\/api.w.org\/{rel}","templated":true}]}}