{"id":19942,"date":"2024-09-10T15:31:16","date_gmt":"2024-09-10T12:31:16","guid":{"rendered":"https:\/\/toolhouse.fi\/?post_type=product&#038;p=19942"},"modified":"2025-08-31T21:57:54","modified_gmt":"2025-08-31T18:57:54","slug":"geko-kompressori-50l-410l-22kw-230v","status":"publish","type":"product","link":"https:\/\/toolhouse.fi\/fi\/tuote\/geko-kompressori-50l-410l-22kw-230v\/","title":{"rendered":"Geko kompressori 50L\/410L\/2,2Kw\/230V"},"content":{"rendered":"<table>\n<tbody>\n<tr>\n<td><strong><span class=\"\">Valmistaja<\/span><\/strong><\/td>\n<td><strong>Geko<\/strong><\/td>\n<\/tr>\n<tr>\n<td><strong>Malli<\/strong><\/td>\n<td><strong>Type V-twin 50L<\/strong><\/td>\n<\/tr>\n<tr>\n<td><strong>Imutuotto (L\/Min)<\/strong><\/td>\n<td><strong>410<\/strong><\/td>\n<\/tr>\n<tr>\n<td><strong>Painetuotto (L\/Min)<\/strong><\/td>\n<td><\/td>\n<\/tr>\n<tr>\n<td><strong>Paine (bar)<\/strong><\/td>\n<td><strong>8<\/strong><\/td>\n<\/tr>\n<tr>\n<td><strong>Teho (kW\/HP)<\/strong><\/td>\n<td><strong>2,2 \/ 3,0<\/strong><\/td>\n<\/tr>\n<tr>\n<td><strong>S\u00e4ili\u00f6n Tilavuus (L)<\/strong><\/td>\n<td><strong>50<\/strong><\/td>\n<\/tr>\n<tr>\n<td><strong>Sylinteri m\u00e4\u00e4r\u00e4<\/strong><\/td>\n<td><strong>2 kpl<\/strong><\/td>\n<\/tr>\n<tr>\n<td><\/td>\n<td><\/td>\n<\/tr>\n<tr>\n<td><strong>Leveys (mm)<\/strong><\/td>\n<td><\/td>\n<\/tr>\n<tr>\n<td><strong>Korkeus (mm)<\/strong><\/td>\n<td><\/td>\n<\/tr>\n<tr>\n<td><strong>Pituus (mm)<\/strong><\/td>\n<td><\/td>\n<\/tr>\n<\/tbody>\n<\/table>\n<table>\n<tbody>\n<tr>\n<td><strong>Paino (kg<\/strong><strong>)<\/strong><\/p>\n<p><strong>Melutaso (dB)\u00a0 \u00a0 \u00a0 \u00a0 \u00a0 \u00a0 \u00a0 \u00a0 \u00a0 \u00a0 \u00a0<\/strong><\/td>\n<td><strong>35\u00a0 \u00a0 \u00a0<\/strong><\/p>\n<p><strong>91\u00a0 \u00a0 \u00a0 \u00a0 \u00a0 \u00a0 \u00a0 \u00a0 \u00a0 \u00a0 \u00a0 \u00a0 \u00a0 \u00a0.<\/strong><\/td>\n<\/tr>\n<tr>\n<td><strong>J\u00e4nnite (V)<\/strong><\/td>\n<td><strong>230<\/strong><\/td>\n<\/tr>\n<tr>\n<td><\/td>\n<td><\/td>\n<\/tr>\n<tr>\n<td><strong>CE-hyv\u00e4ksytty<\/strong><\/td>\n<td><strong>Kyll\u00e4<\/strong><\/td>\n<\/tr>\n<tr>\n<td><strong>Takuu<\/strong><\/td>\n<td><strong>1 vuosi<\/strong><\/td>\n<\/tr>\n<\/tbody>\n<\/table>\n","protected":false},"excerpt":{"rendered":"<p><strong>Geko<\/strong> Type V-twin 50L on tehokas ja kest\u00e4v\u00e4 suoravetoinen kompressori, varustettu 3 hv \/ 2,2 kW, 230V moottorilla ja 50 litran s\u00e4ili\u00f6ll\u00e4.<\/p>\n<p>Suoravetoinen V-twin kompressori valurautaisilla sylintereill\u00e4 takaa pitk\u00e4n k\u00e4ytt\u00f6ajan.<\/p>\n<p>&nbsp;<\/p>\n<p>Kompressorissa on painekytkin, painemittari, paineens\u00e4\u00e4din, 2x pikaliittimet ja moottorisuoja.<\/p>\n<p>Geko Type V-twin 50L sopii k\u00e4ytett\u00e4v\u00e4ksi esimerkiksi rengaskoneiden sek\u00e4 paineilmaty\u00f6kalujen kanssa.<\/p>\n","protected":false},"featured_media":19024,"template":"","meta":{"_acf_changed":false,"_seopress_robots_primary_cat":"","_seopress_titles_title":"","_seopress_titles_desc":"","_seopress_robots_index":""},"product_cat":[217,322],"product_tag":[],"class_list":{"0":"post-19942","1":"product","2":"type-product","3":"status-publish","4":"has-post-thumbnail","6":"product_cat-kompressori-ja-paineilma","7":"product_cat-kompressorit","8":"product_shipping_class-frakt69e-fi","10":"first","11":"instock","12":"taxable","13":"shipping-taxable","14":"purchasable","15":"product-type-simple","swatches":"rey-swatches","show_selected":""},"acf":[],"_links":{"self":[{"href":"https:\/\/toolhouse.fi\/fi\/wp-json\/wp\/v2\/product\/19942","targetHints":{"allow":["GET"]}}],"collection":[{"href":"https:\/\/toolhouse.fi\/fi\/wp-json\/wp\/v2\/product"}],"about":[{"href":"https:\/\/toolhouse.fi\/fi\/wp-json\/wp\/v2\/types\/product"}],"version-history":[{"count":1,"href":"https:\/\/toolhouse.fi\/fi\/wp-json\/wp\/v2\/product\/19942\/revisions"}],"predecessor-version":[{"id":19972,"href":"https:\/\/toolhouse.fi\/fi\/wp-json\/wp\/v2\/product\/19942\/revisions\/19972"}],"wp:featuredmedia":[{"embeddable":true,"href":"https:\/\/toolhouse.fi\/fi\/wp-json\/wp\/v2\/media\/19024"}],"wp:attachment":[{"href":"https:\/\/toolhouse.fi\/fi\/wp-json\/wp\/v2\/media?parent=19942"}],"wp:term":[{"taxonomy":"product_cat","embeddable":true,"href":"https:\/\/toolhouse.fi\/fi\/wp-json\/wp\/v2\/product_cat?post=19942"},{"taxonomy":"product_tag","embeddable":true,"href":"https:\/\/toolhouse.fi\/fi\/wp-json\/wp\/v2\/product_tag?post=19942"}],"curies":[{"name":"wp","href":"https:\/\/api.w.org\/{rel}","templated":true}]}}