{"id":19944,"date":"2024-09-10T15:31:16","date_gmt":"2024-09-10T12:31:16","guid":{"rendered":"https:\/\/toolhouse.fi\/?post_type=product&#038;p=19944"},"modified":"2025-12-11T20:08:21","modified_gmt":"2025-12-11T18:08:21","slug":"tunkki-35t-paineilma-hydraulinen","status":"publish","type":"product","link":"https:\/\/toolhouse.fi\/fi\/tuote\/tunkki-35t-paineilma-hydraulinen\/","title":{"rendered":"Tunkki 35T paineilma \u2013 hydraulinen"},"content":{"rendered":"<table class=\"n54117_dictionary mce-item-table\">\n<tbody>\n<tr>\n<td class=\"n54117_item_a1\">\n<p><span style=\"color: #333333;\" data-mce-style=\"color: #333333;\"><strong>Valmistaja <span class=\"n67256colon\">:<\/span><\/strong><\/span><\/p>\n<p><span style=\"color: #333333;\" data-mce-style=\"color: #333333;\"><strong>Malli:<\/strong><\/span><\/p>\n<p><span style=\"color: #333333;\" data-mce-style=\"color: #333333;\"><strong>Nostokyky :<\/strong><\/span><\/p>\n<p><\/p>\n<\/td>\n<td class=\"n54117_item_b1\">\n<div class=\"n54117_item_b_sub\"><span style=\"color: #333333;\" data-mce-style=\"color: #333333;\"><strong>Geko<\/strong><\/span><\/div>\n<div><span style=\"color: #333333;\" data-mce-style=\"color: #333333;\"><strong>&nbsp;<\/strong><\/span><\/div>\n<div><span style=\"color: #333333;\" data-mce-style=\"color: #333333;\"><strong>Ilmahydraulinen hallitunkki 35000kg<\/strong><\/span><\/div>\n<div><\/div>\n<div><span style=\"color: #333333;\" data-mce-style=\"color: #333333;\"><strong>35T<\/strong><\/span><\/div>\n<\/td>\n<\/tr>\n<tr>\n<td class=\"n54117_item_a2\"><span style=\"color: #333333;\" data-mce-style=\"color: #333333;\"><strong>Alin korkeus <span class=\"n67256colon\">:<\/span><\/strong><\/span><\/td>\n<td class=\"n54117_item_b2\">\n<div class=\"n54117_item_b_sub\"><span style=\"color: #333333;\" data-mce-style=\"color: #333333;\"><strong>257+20 mm<\/strong><\/span><\/div>\n<\/td>\n<\/tr>\n<tr>\n<td class=\"n54117_item_a1\"><span style=\"color: #333333;\" data-mce-style=\"color: #333333;\"><strong><span class=\"n67256colon\">Ylin korkeus :<\/span><\/strong><\/span><\/td>\n<td class=\"n54117_item_b1\">\n<div class=\"n54117_item_b_sub\"><span style=\"color: #333333;\" data-mce-style=\"color: #333333;\"><strong>527+100 mm<\/strong><\/span><\/div>\n<\/td>\n<\/tr>\n<tr>\n<td class=\"n54117_item_a2\"><span style=\"color: #333333;\" data-mce-style=\"color: #333333;\"><strong>Nostoliike :<\/strong><\/span><\/td>\n<td class=\"n54117_item_b2\">\n<div class=\"n54117_item_b_sub\"><b>mm<\/b><\/div>\n<\/td>\n<\/tr>\n<tr>\n<td class=\"n54117_item_a1\"><span style=\"color: #333333;\" data-mce-style=\"color: #333333;\"><strong>Korotuspalat :<\/strong><\/span><\/td>\n<td class=\"n54117_item_b1\">\n<div class=\"n54117_item_b_sub\">\n<p class=\"n54117_item_b_sub\"><span style=\"color: #333333;\" data-mce-style=\"color: #333333;\"><strong>1x halkaisija 68 mm, korkeus 20 mm<\/strong><\/span><\/p>\n<p class=\"n54117_item_b_sub\"><span style=\"color: #333333;\" data-mce-style=\"color: #333333;\"><strong>3x halkaisija 48 mm, korkeus 20\/60\/100 mm<\/strong><\/span><\/p>\n<\/div>\n<\/td>\n<\/tr>\n<tr>\n<td class=\"n54117_item_a2\"><span style=\"color: #333333;\" data-mce-style=\"color: #333333;\"><strong>Kierrett\u00e4v\u00e4 s\u00e4\u00e4t\u00f6pala <span class=\"n67256colon\">:<\/span><\/strong><\/span><\/td>\n<td class=\"n54117_item_b2\">\n<div class=\"n54117_item_b_sub\"><span style=\"color: #333333;\" data-mce-style=\"color: #333333;\"><strong><span class=\"n67256colon\">&nbsp;mm<\/span><\/strong><\/span><\/div>\n<\/td>\n<\/tr>\n<tr>\n<td class=\"n54117_item_a1\"><span style=\"color: #333333;\" data-mce-style=\"color: #333333;\"><strong><span class=\"n67256colon\">Renkaan koko :<\/span><\/strong><\/span><\/td>\n<td class=\"n54117_item_b1\">\n<div class=\"n54117_item_b_sub\"><span style=\"color: #333333;\" data-mce-style=\"color: #333333;\"><strong><span class=\"n67256colon\">180 mm<\/span><\/strong><\/span><\/div>\n<\/td>\n<\/tr>\n<tr>\n<td class=\"n54117_item_a2\"><\/td>\n<td class=\"n54117_item_b2\"><\/td>\n<\/tr>\n<tr>\n<td class=\"n54117_item_a1\"><span style=\"color: #333333;\" data-mce-style=\"color: #333333;\"><strong>Paino <span class=\"n67256colon\">:<\/span><\/strong><\/span><\/td>\n<td class=\"n54117_item_b1\">\n<div class=\"n54117_item_b_sub\"><span style=\"color: #333333;\" data-mce-style=\"color: #333333;\"><strong>45 kg<\/strong><\/span><\/div>\n<\/td>\n<\/tr>\n<tr>\n<td class=\"n54117_item_a2\"><span style=\"color: #333333;\" data-mce-style=\"color: #333333;\"><strong>Kahvan pituus <span class=\"n67256colon\">:<\/span><\/strong><\/span><\/td>\n<td class=\"n54117_item_b2\">\n<div class=\"n54117_item_b_sub\"><span style=\"color: #333333;\" data-mce-style=\"color: #333333;\"><strong>116 cm<\/strong><\/span><\/div>\n<\/td>\n<\/tr>\n<tr>\n<td class=\"n54117_item_a1\"><span style=\"color: #333333;\" data-mce-style=\"color: #333333;\"><strong>Mitat (P x L x K) <span class=\"n67256colon\">:<\/span><\/strong><\/span><\/td>\n<td class=\"n54117_item_b1\">\n<div class=\"n54117_item_b_sub\"><\/div>\n<\/td>\n<\/tr>\n<tr>\n<td class=\"n54117_item_a2\">\n<p><span style=\"color: #333333;\" data-mce-style=\"color: #333333;\"><strong>Ty\u00f6skentelypaine :&nbsp;<\/strong><\/span><\/p>\n<p><span style=\"color: #333333;\" data-mce-style=\"color: #333333;\"><strong>Ilmankulutus :<\/strong><\/span><\/p>\n<\/td>\n<td class=\"n54117_item_b2\">\n<div class=\"n54117_item_b_sub\"><span style=\"color: #333333;\" data-mce-style=\"color: #333333;\"><strong>7,5 &#8211; 8,5 bar<\/strong><\/span><\/div>\n<div><span style=\"color: #333333;\" data-mce-style=\"color: #333333;\"><strong>maks 300 L\/min<\/strong><\/span><\/div>\n<\/td>\n<\/tr>\n<tr>\n<td class=\"n54117_item_a1\"><span style=\"color: #333333;\" data-mce-style=\"color: #333333;\"><strong>Kahvan pehmuste:<\/strong><\/span><\/td>\n<td class=\"n54117_item_b1\">\n<div class=\"n54117_item_b_sub\"><span style=\"color: #333333;\" data-mce-style=\"color: #333333;\"><strong>kyll\u00e4<\/strong><\/span><\/div>\n<\/td>\n<\/tr>\n<tr>\n<td class=\"n54117_item_a2\">\n<p><span style=\"color: #333333;\" data-mce-style=\"color: #333333;\"><strong> Takuu <span class=\"n67256colon\">:<\/span><\/strong><\/span><\/p>\n<p><span style=\"color: #333333;\" data-mce-style=\"color: #333333;\"><strong>CE-hyv\u00e4ksytty<\/strong><\/span><\/p>\n<\/td>\n<td class=\"n54117_item_b2\">\n<div class=\"n54117_item_b_sub\"><span style=\"color: #333333;\" data-mce-style=\"color: #333333;\"><strong>1 vuosi<\/strong><\/span><\/div>\n<div><span style=\"color: #333333;\" data-mce-style=\"color: #333333;\"><strong>Kyll\u00e4<\/strong><\/span><\/div>\n<\/td>\n<\/tr>\n<\/tbody>\n<\/table>\n","protected":false},"excerpt":{"rendered":"<p>Geko 35T imahydraulinen raskaansarjan tunkki, soveltuu kuorma-autoille maatalous- ja teollisuuskoneille.<\/p>\n<p>Kahva on pitk\u00e4 ja s\u00e4\u00e4dett\u00e4viss\u00e4 kolme eri asentoon, joten hallinostin on helppo sijoittaa esimerkiksi kuorma-auton akselin alle, isot kumipy\u00f6r\u00e4t tekev\u00e4t siirtelyst\u00e4 helpompaa.<\/p>\n<p>Mukana tulee nelj\u00e4 eri korotuspaloja(20 \u2013 100mm), lis\u00e4ksi sylinterin p\u00e4\u00e4ll\u00e4 on s\u00e4\u00e4t\u00f6pala jota s\u00e4\u00e4det\u00e4\u00e4n kiert\u00e4m\u00e4ll\u00e4.<\/p>\n","protected":false},"featured_media":19072,"template":"","meta":{"_acf_changed":false,"_seopress_robots_primary_cat":"","_seopress_titles_title":"","_seopress_titles_desc":"","_seopress_robots_index":""},"product_cat":[455,287],"product_tag":[],"class_list":{"0":"post-19944","1":"product","2":"type-product","3":"status-publish","4":"has-post-thumbnail","6":"product_cat-ajoneuvonostimet","7":"product_cat-tunkit-pukit","8":"product_shipping_class-frakt53e-fi","10":"first","11":"instock","12":"taxable","13":"shipping-taxable","14":"purchasable","15":"product-type-simple","swatches":"rey-swatches","show_selected":""},"acf":[],"_links":{"self":[{"href":"https:\/\/toolhouse.fi\/fi\/wp-json\/wp\/v2\/product\/19944","targetHints":{"allow":["GET"]}}],"collection":[{"href":"https:\/\/toolhouse.fi\/fi\/wp-json\/wp\/v2\/product"}],"about":[{"href":"https:\/\/toolhouse.fi\/fi\/wp-json\/wp\/v2\/types\/product"}],"version-history":[{"count":0,"href":"https:\/\/toolhouse.fi\/fi\/wp-json\/wp\/v2\/product\/19944\/revisions"}],"wp:featuredmedia":[{"embeddable":true,"href":"https:\/\/toolhouse.fi\/fi\/wp-json\/wp\/v2\/media\/19072"}],"wp:attachment":[{"href":"https:\/\/toolhouse.fi\/fi\/wp-json\/wp\/v2\/media?parent=19944"}],"wp:term":[{"taxonomy":"product_cat","embeddable":true,"href":"https:\/\/toolhouse.fi\/fi\/wp-json\/wp\/v2\/product_cat?post=19944"},{"taxonomy":"product_tag","embeddable":true,"href":"https:\/\/toolhouse.fi\/fi\/wp-json\/wp\/v2\/product_tag?post=19944"}],"curies":[{"name":"wp","href":"https:\/\/api.w.org\/{rel}","templated":true}]}}