{"id":19947,"date":"2024-09-10T15:31:16","date_gmt":"2024-09-10T12:31:16","guid":{"rendered":"https:\/\/toolhouse.fi\/?post_type=product&#038;p=19947"},"modified":"2026-03-08T14:47:06","modified_gmt":"2026-03-08T12:47:06","slug":"autoramppi-2kpl-2000kg","status":"publish","type":"product","link":"https:\/\/toolhouse.fi\/fi\/tuote\/autoramppi-2kpl-2000kg\/","title":{"rendered":"Autoramppi 2kpl 2000kg"},"content":{"rendered":"<table class=\"n54117_dictionary\">\n<tbody>\n<tr>\n<td class=\"n54117_item_a1\"><strong><span style=\"color: #333333;\">Valmistaja\u00a0<span class=\"n67256colon\">:<\/span><\/span><\/strong><\/td>\n<td class=\"n54117_item_b1\">\n<div class=\"n54117_item_b_sub\"><strong><span style=\"color: #333333;\">Geko<\/span><\/strong><\/div>\n<\/td>\n<\/tr>\n<tr>\n<td class=\"n54117_item_a2\"><strong><span style=\"color: #333333;\">Malli :<\/span><\/strong><\/td>\n<td class=\"n54117_item_b2\">\n<div class=\"n54117_item_b_sub\"><strong><span style=\"color: #333333;\">Huoltoramppi 2T<\/span><\/strong><\/div>\n<\/td>\n<\/tr>\n<tr>\n<td class=\"n54117_item_a1\"><\/td>\n<td class=\"n54117_item_b1\">\n<div class=\"n54117_item_b_sub\"><\/div>\n<\/td>\n<\/tr>\n<tr>\n<td class=\"n54117_item_a2\"><strong><span style=\"color: #333333;\">Nostotason korkeus <span class=\"n67256colon\">:<\/span><\/span><\/strong><\/td>\n<td class=\"n54117_item_b2\">\n<div class=\"n54117_item_b_sub\"><strong><span style=\"color: #333333;\">170 mm<\/span><\/strong><\/div>\n<\/td>\n<\/tr>\n<tr>\n<td class=\"n54117_item_a1\"><strong><span style=\"color: #333333;\">Nostotason koko :<\/span><\/strong><\/td>\n<td class=\"n54117_item_b1\">\n<div class=\"n54117_item_b_sub\">\n<p class=\"n54117_item_b_sub\"><strong><span style=\"color: #333333;\">260 x 290 mm<\/span><\/strong><\/p>\n<\/div>\n<\/td>\n<\/tr>\n<tr>\n<td class=\"n54117_item_a2\"><\/td>\n<td class=\"n54117_item_b2\">\n<div class=\"n54117_item_b_sub\"><strong><span class=\"n67256colon\" style=\"color: #333333;\">\u00a0<\/span><\/strong><\/div>\n<\/td>\n<\/tr>\n<tr>\n<td class=\"n54117_item_a1\"><strong><span style=\"color: #333333;\">Kuormitus<\/span><\/strong><\/td>\n<td class=\"n54117_item_b1\">\n<div class=\"n54117_item_b_sub\"><strong><span style=\"color: #333333;\">2000 kg \/ pari<\/span><\/strong><\/div>\n<\/td>\n<\/tr>\n<tr>\n<td class=\"n54117_item_a2\"><\/td>\n<td class=\"n54117_item_b2\"><\/td>\n<\/tr>\n<tr>\n<td class=\"n54117_item_a1\"><strong><span style=\"color: #333333;\">Paino\u00a0<span class=\"n67256colon\">:<\/span><\/span><\/strong><\/td>\n<td class=\"n54117_item_b1\">\n<div class=\"n54117_item_b_sub\"><strong><span style=\"color: #333333;\">9 kg<\/span><\/strong><\/div>\n<\/td>\n<\/tr>\n<tr>\n<td class=\"n54117_item_a2\"><\/td>\n<td class=\"n54117_item_b2\">\n<div class=\"n54117_item_b_sub\"><\/div>\n<\/td>\n<\/tr>\n<tr>\n<td class=\"n54117_item_a1\"><strong><span style=\"color: #333333;\">Mitat (P x L x K)\u00a0<span class=\"n67256colon\">:<\/span><\/span><\/strong><\/td>\n<td class=\"n54117_item_b1\">\n<div class=\"n54117_item_b_sub\"><strong><span style=\"color: #333333;\">900 x 330 x 220 mm<\/span><\/strong><\/div>\n<\/td>\n<\/tr>\n<tr>\n<td class=\"n54117_item_a2\"><strong><span style=\"color: #333333;\">Pakkaus sis\u00e4lt\u00e4\u00e4 :<\/span><\/strong><\/td>\n<td class=\"n54117_item_b2\"><strong><span style=\"color: #333333;\">2 kpl rampit<\/span><\/strong><\/td>\n<\/tr>\n<tr>\n<td class=\"n54117_item_a1\"><strong><span style=\"color: #333333;\">Takuu\u00a0<span class=\"n67256colon\">:<\/span><\/span><\/strong><\/td>\n<td class=\"n54117_item_b1\"><strong><span style=\"color: #333333;\">1 vuosi<\/span><\/strong><\/td>\n<\/tr>\n<tr>\n<td class=\"n54117_item_a2\"><strong><span style=\"color: #333333;\">CE-hyv\u00e4ksytty<\/span><\/strong><\/td>\n<td class=\"n54117_item_b2\">\n<div><strong><span style=\"color: #333333;\">Kyll\u00e4<\/span><\/strong><\/div>\n<\/td>\n<\/tr>\n<\/tbody>\n<\/table>\n","protected":false},"excerpt":{"rendered":"<p>Muovinen ajoramppipari \/ huoltoramppipari, 2000kg.<\/p>\n<p>Rampit nostaa ajoneuvoa 170 mm maasta.<\/p>\n<p>Voidaan pinota.<\/p>\n<p>Toimitetaan pareittain.<\/p>\n<p>&nbsp;<\/p>\n","protected":false},"featured_media":19135,"template":"","meta":{"_acf_changed":false,"_seopress_robots_primary_cat":"","_seopress_titles_title":"","_seopress_titles_desc":"","_seopress_robots_index":""},"product_cat":[455,287,290],"product_tag":[],"class_list":{"0":"post-19947","1":"product","2":"type-product","3":"status-publish","4":"has-post-thumbnail","6":"product_cat-ajoneuvonostimet","7":"product_cat-tunkit-pukit","8":"product_cat-varaosat-ja-tarvikkeet","9":"product_shipping_class-k-160-1090e","11":"first","12":"instock","13":"sale","14":"taxable","15":"shipping-taxable","16":"purchasable","17":"product-type-simple","swatches":"rey-swatches","show_selected":""},"acf":[],"_links":{"self":[{"href":"https:\/\/toolhouse.fi\/fi\/wp-json\/wp\/v2\/product\/19947","targetHints":{"allow":["GET"]}}],"collection":[{"href":"https:\/\/toolhouse.fi\/fi\/wp-json\/wp\/v2\/product"}],"about":[{"href":"https:\/\/toolhouse.fi\/fi\/wp-json\/wp\/v2\/types\/product"}],"version-history":[{"count":0,"href":"https:\/\/toolhouse.fi\/fi\/wp-json\/wp\/v2\/product\/19947\/revisions"}],"wp:featuredmedia":[{"embeddable":true,"href":"https:\/\/toolhouse.fi\/fi\/wp-json\/wp\/v2\/media\/19135"}],"wp:attachment":[{"href":"https:\/\/toolhouse.fi\/fi\/wp-json\/wp\/v2\/media?parent=19947"}],"wp:term":[{"taxonomy":"product_cat","embeddable":true,"href":"https:\/\/toolhouse.fi\/fi\/wp-json\/wp\/v2\/product_cat?post=19947"},{"taxonomy":"product_tag","embeddable":true,"href":"https:\/\/toolhouse.fi\/fi\/wp-json\/wp\/v2\/product_tag?post=19947"}],"curies":[{"name":"wp","href":"https:\/\/api.w.org\/{rel}","templated":true}]}}