{"id":19952,"date":"2024-09-10T15:31:17","date_gmt":"2024-09-10T12:38:13","guid":{"rendered":"https:\/\/toolhouse.fi\/?post_type=product&#038;p=19952"},"modified":"2025-07-01T00:00:01","modified_gmt":"2025-06-30T21:00:01","slug":"monitoimi-korjaamonostin-800kg","status":"publish","type":"product","link":"https:\/\/toolhouse.fi\/fi\/tuote\/monitoimi-korjaamonostin-800kg\/","title":{"rendered":"Monitoimi korjaamonostin 800kg"},"content":{"rendered":"","protected":false},"excerpt":{"rendered":"<p><strong>Geko Gk1800<\/strong><\/p>\n<p>&nbsp;<\/p>\n<p>K\u00e4tev\u00e4 ja monipuolinen nosturi joka nostaa 816kg ja 70-730 mm.<\/p>\n<p>Nostotoiminto on mekaaninen ja toimii kuten farmitunkki, eli se on sek\u00e4 kest\u00e4v\u00e4 ett\u00e4 luotettava.<\/p>\n<p>Nostohaarukka ja nostop\u00f6yt\u00e4 ovat vakiovarusteita.<\/p>\n<p>&nbsp;<\/p>\n<ul>\n<li>Valmistaja: Geko<\/li>\n<li>Malli: Gk1800<\/li>\n<li>Nostokyky: 816 kg<\/li>\n<li>Kokonais korkeus:<\/li>\n<li>Nostokorkeus: 70 &#8211; 730 mm<\/li>\n<li>Alustan korkeus: 85 mm<\/li>\n<li>Paino: 58 kg<\/li>\n<li>Ce-hyv\u00e4ksytty<\/li>\n<li>Takuu: 12 kuukautta<\/li>\n<\/ul>\n","protected":false},"featured_media":19212,"template":"","meta":{"_acf_changed":false,"_seopress_robots_primary_cat":"","_seopress_titles_title":"","_seopress_titles_desc":"","_seopress_robots_index":""},"product_cat":[455,288,287],"product_tag":[],"class_list":{"0":"post-19952","1":"product","2":"type-product","3":"status-publish","4":"has-post-thumbnail","6":"product_cat-ajoneuvonostimet","7":"product_cat-moottori-ja-vaihdelaatikkonostimet","8":"product_cat-tunkit-pukit","9":"product_shipping_class-frakt53e-fi","11":"first","12":"instock","13":"taxable","14":"shipping-taxable","15":"purchasable","16":"product-type-simple","swatches":"rey-swatches","show_selected":""},"acf":[],"_links":{"self":[{"href":"https:\/\/toolhouse.fi\/fi\/wp-json\/wp\/v2\/product\/19952","targetHints":{"allow":["GET"]}}],"collection":[{"href":"https:\/\/toolhouse.fi\/fi\/wp-json\/wp\/v2\/product"}],"about":[{"href":"https:\/\/toolhouse.fi\/fi\/wp-json\/wp\/v2\/types\/product"}],"version-history":[{"count":1,"href":"https:\/\/toolhouse.fi\/fi\/wp-json\/wp\/v2\/product\/19952\/revisions"}],"predecessor-version":[{"id":19982,"href":"https:\/\/toolhouse.fi\/fi\/wp-json\/wp\/v2\/product\/19952\/revisions\/19982"}],"wp:featuredmedia":[{"embeddable":true,"href":"https:\/\/toolhouse.fi\/fi\/wp-json\/wp\/v2\/media\/19212"}],"wp:attachment":[{"href":"https:\/\/toolhouse.fi\/fi\/wp-json\/wp\/v2\/media?parent=19952"}],"wp:term":[{"taxonomy":"product_cat","embeddable":true,"href":"https:\/\/toolhouse.fi\/fi\/wp-json\/wp\/v2\/product_cat?post=19952"},{"taxonomy":"product_tag","embeddable":true,"href":"https:\/\/toolhouse.fi\/fi\/wp-json\/wp\/v2\/product_tag?post=19952"}],"curies":[{"name":"wp","href":"https:\/\/api.w.org\/{rel}","templated":true}]}}