{"id":19953,"date":"2024-09-10T15:31:17","date_gmt":"2024-09-10T12:31:17","guid":{"rendered":"https:\/\/toolhouse.fi\/?post_type=product&#038;p=19953"},"modified":"2025-11-28T16:03:54","modified_gmt":"2025-11-28T14:03:54","slug":"atf-oljyjen-vaihtolaite-paineilma","status":"publish","type":"product","link":"https:\/\/toolhouse.fi\/fi\/tuote\/atf-oljyjen-vaihtolaite-paineilma\/","title":{"rendered":"ATF \u00f6ljyjen vaihtolaite paineilma"},"content":{"rendered":"","protected":false},"excerpt":{"rendered":"<p>Paineilmak\u00e4ytt\u00f6inen ATF-\u00f6ljyannostelijaa k\u00e4ytet\u00e4\u00e4n nesteen poistamiseen,<br \/>\nsiirt\u00e4miseen ja annostelemiseen.<\/p>\n<ul>\n<li>Ylipaineventiili<\/li>\n<li>Painemittari<\/li>\n<li>2-ties\u00e4\u00e4t\u00f6ventiili<\/li>\n<li>10 litran s\u00e4ili\u00f6 asteikolla.<\/li>\n<li>Valmistaja: Geko<\/li>\n<li>Paino: 4kg<\/li>\n<li>Takuu: 12kk<\/li>\n<\/ul>\n<p>&nbsp;<\/p>\n<p>Pakkaus sis\u00e4lt\u00e4\u00e4:<\/p>\n<ul>\n<li>100cm nylonletku 8x10mm pikaliit\u00e4nn\u00e4ll\u00e4.<\/li>\n<li>200 cm PU-letku \u00f6ljyn annosteluun pikaliit\u00e4nn\u00e4ll\u00e4.<\/li>\n<li>80 cm vahvistettu nylonletku pikaliit\u00e4nn\u00e4ll\u00e4.<\/li>\n<li>13 kpl adaptereita ATF-\u00f6ljyn kuljetukseen.<\/li>\n<\/ul>\n<p>Adapterit<\/p>\n<ul>\n<li>ATF-101 -1\/8&#8243; NPT Ford<\/li>\n<li>ATF-102 &#8211; BMW, Honda, Nissan jne.<\/li>\n<li>ATF-103 &#8211; VW, Audi, Skoda<\/li>\n<li>ATF-104 &#8211; VW, Audi, Porsche<\/li>\n<li>ATF-105 &#8211; M10x1.0 VW, Audi, Mini Cooper<\/li>\n<li>ATF-106 &#8211; M24x1.5 VAG\u00a0 DSG<\/li>\n<li>ATF-107 &#8211; M22x1.5 VAG\u00a0 CVT<\/li>\n<li>ATF-108\u00a0 &#8211; M18x1.5 Skoda, VW<\/li>\n<li>ATF-109\u00a0 &#8211; M12x1.5 Mercedes-Benz 7 Speed \u200b\u200b<\/li>\n<li>ATF-110\u00a0 &#8211; M30x1.5 Audi, VW, Skoda<\/li>\n<li>ATF-111 &#8211;\u00a0 joustava\u00a0300 mm Honda, Hyundai, Kia etc.<\/li>\n<li>ATF-112\u00a0 &#8211; M8x1 (5\/16-24 UNF) Nissan, Infinity, Volvo<\/li>\n<li>ATF-113 &#8211;\u00a0 M18x1.5 Toyota, Lexus,Bmw 7<\/li>\n<\/ul>\n","protected":false},"featured_media":19241,"template":"","meta":{"_acf_changed":false,"_seopress_robots_primary_cat":"","_seopress_titles_title":"","_seopress_titles_desc":"","_seopress_robots_index":""},"product_cat":[339,341],"product_tag":[],"class_list":{"0":"post-19953","1":"product","2":"type-product","3":"status-publish","4":"has-post-thumbnail","6":"product_cat-autotyokalut","7":"product_cat-oljynvaihto","8":"product_shipping_class-tillbehor-790e","10":"first","11":"instock","12":"taxable","13":"shipping-taxable","14":"purchasable","15":"product-type-simple","swatches":"rey-swatches","show_selected":""},"acf":[],"_links":{"self":[{"href":"https:\/\/toolhouse.fi\/fi\/wp-json\/wp\/v2\/product\/19953","targetHints":{"allow":["GET"]}}],"collection":[{"href":"https:\/\/toolhouse.fi\/fi\/wp-json\/wp\/v2\/product"}],"about":[{"href":"https:\/\/toolhouse.fi\/fi\/wp-json\/wp\/v2\/types\/product"}],"version-history":[{"count":1,"href":"https:\/\/toolhouse.fi\/fi\/wp-json\/wp\/v2\/product\/19953\/revisions"}],"predecessor-version":[{"id":19983,"href":"https:\/\/toolhouse.fi\/fi\/wp-json\/wp\/v2\/product\/19953\/revisions\/19983"}],"wp:featuredmedia":[{"embeddable":true,"href":"https:\/\/toolhouse.fi\/fi\/wp-json\/wp\/v2\/media\/19241"}],"wp:attachment":[{"href":"https:\/\/toolhouse.fi\/fi\/wp-json\/wp\/v2\/media?parent=19953"}],"wp:term":[{"taxonomy":"product_cat","embeddable":true,"href":"https:\/\/toolhouse.fi\/fi\/wp-json\/wp\/v2\/product_cat?post=19953"},{"taxonomy":"product_tag","embeddable":true,"href":"https:\/\/toolhouse.fi\/fi\/wp-json\/wp\/v2\/product_tag?post=19953"}],"curies":[{"name":"wp","href":"https:\/\/api.w.org\/{rel}","templated":true}]}}