{"id":19954,"date":"2024-09-10T15:31:17","date_gmt":"2024-09-10T12:31:17","guid":{"rendered":"https:\/\/toolhouse.fi\/?post_type=product&#038;p=19954"},"modified":"2025-11-04T15:50:29","modified_gmt":"2025-11-04T13:50:29","slug":"ladattava-led-konepeltivalaisin-1000-lumen","status":"publish","type":"product","link":"https:\/\/toolhouse.fi\/fi\/tuote\/ladattava-led-konepeltivalaisin-1000-lumen\/","title":{"rendered":"Ladattava led-konepeltivalaisin, 1000 Lumen"},"content":{"rendered":"","protected":false},"excerpt":{"rendered":"<p>Geko konepeltiin kiinnitett\u00e4v\u00e4 LED-valaisin tarjoaa kirkkaan kaksiasteisen valotehon joko 1000 tai 500 lumenin teholla.<\/p>\n<p>Valaisimella on k\u00e4ytt\u00f6aika jopa 4h korkealla ja 8h alhaisella asetuksella. Ty\u00f6valossa on jousikuormitteiset asennuskoukut naarmuuntimisen esto suojilla, joka ulottuvat 120 &#8211; 190cm v\u00e4lille. Valopalkin p\u00e4iss\u00e4 on integroidut ripustuskoukut ja magneettikiinnikkeet.<\/p>\n<p>Valaisimen runko on valmistettu kest\u00e4v\u00e4st\u00e4 alumiinista ja linssi iskunkest\u00e4v\u00e4st\u00e4 polykarbonaattista.<\/p>\n<p>&nbsp;<\/p>\n<ul>\n<li><span style=\"color: #282828; font-size: 100%;\">Valmistaja : Geko<\/span><\/li>\n<li><span style=\"color: #282828; font-size: 100%;\">120 kpl SMD LED<\/span><\/li>\n<li><span style=\"color: #282828; font-size: 100%;\">1000 \/ 500 Lumen<\/span><\/li>\n<li><span style=\"font-size: 100%; color: #282828;\">Ladattava 1800 mAh 7.2V Ni-MH akku<\/span><\/li>\n<li><span style=\"font-size: 100%; color: #282828;\">Latausaika n 4-5 h<\/span><\/li>\n<li><span style=\"color: #282828; font-size: 100%;\">Yht\u00e4jaksoinen toiminta-aika, 4h 1000lumen \/ 8h 500 lumen.<\/span><\/li>\n<li><span style=\"color: #282828; font-size: 100%;\">Puristin s\u00e4\u00e4dett\u00e4viss\u00e4 120 &#8211; 190cm<\/span><\/li>\n<li><span style=\"color: #282828; font-size: 100%;\">Ripostuskoukot<\/span><\/li>\n<li><span style=\"font-size: 100%; color: #282828;\">Magneettikiinnikkeet<\/span><\/li>\n<li><span style=\"font-size: 100%; color: #282828;\">Valmistettu ABS-muovista, polykarbonaatti ja alumiini<\/span><\/li>\n<li><span style=\"font-size: 100%; color: #282828;\">Virtakytkimet molemmissa p\u00e4iss\u00e4<\/span><\/li>\n<li><span style=\"color: #282828; font-size: 100%;\">Laturit 12V ja 230V\u00a0<\/span><\/li>\n<li><span style=\"color: #282828; font-size: 100%;\">Paino: 2kg<\/span><\/li>\n<li><span style=\"color: #282828; font-size: 100%;\">Takuu: 12 kuukautta<\/span><\/li>\n<\/ul>\n","protected":false},"featured_media":19256,"template":"","meta":{"_acf_changed":false,"_seopress_robots_primary_cat":"","_seopress_titles_title":"","_seopress_titles_desc":"","_seopress_robots_index":""},"product_cat":[339,350,337,40],"product_tag":[],"class_list":{"0":"post-19954","1":"product","2":"type-product","3":"status-publish","4":"has-post-thumbnail","6":"product_cat-autotyokalut","7":"product_cat-muut","8":"product_cat-tyokalut","9":"product_cat-korjaamolaitteet","10":"product_shipping_class-k-160-1090e","12":"first","13":"instock","14":"taxable","15":"shipping-taxable","16":"purchasable","17":"product-type-simple","swatches":"rey-swatches","show_selected":""},"acf":[],"_links":{"self":[{"href":"https:\/\/toolhouse.fi\/fi\/wp-json\/wp\/v2\/product\/19954","targetHints":{"allow":["GET"]}}],"collection":[{"href":"https:\/\/toolhouse.fi\/fi\/wp-json\/wp\/v2\/product"}],"about":[{"href":"https:\/\/toolhouse.fi\/fi\/wp-json\/wp\/v2\/types\/product"}],"version-history":[{"count":1,"href":"https:\/\/toolhouse.fi\/fi\/wp-json\/wp\/v2\/product\/19954\/revisions"}],"predecessor-version":[{"id":19984,"href":"https:\/\/toolhouse.fi\/fi\/wp-json\/wp\/v2\/product\/19954\/revisions\/19984"}],"wp:featuredmedia":[{"embeddable":true,"href":"https:\/\/toolhouse.fi\/fi\/wp-json\/wp\/v2\/media\/19256"}],"wp:attachment":[{"href":"https:\/\/toolhouse.fi\/fi\/wp-json\/wp\/v2\/media?parent=19954"}],"wp:term":[{"taxonomy":"product_cat","embeddable":true,"href":"https:\/\/toolhouse.fi\/fi\/wp-json\/wp\/v2\/product_cat?post=19954"},{"taxonomy":"product_tag","embeddable":true,"href":"https:\/\/toolhouse.fi\/fi\/wp-json\/wp\/v2\/product_tag?post=19954"}],"curies":[{"name":"wp","href":"https:\/\/api.w.org\/{rel}","templated":true}]}}