{"id":19988,"date":"2024-09-10T15:31:40","date_gmt":"2024-09-10T12:38:20","guid":{"rendered":"https:\/\/toolhouse.fi\/?post_type=product&#038;p=19988"},"modified":"2024-09-10T15:43:01","modified_gmt":"2024-09-10T12:43:01","slug":"hylsysarja-1-4-1-2-tvardy","status":"publish","type":"product","link":"https:\/\/toolhouse.fi\/fi\/tuote\/hylsysarja-1-4-1-2-tvardy\/","title":{"rendered":"Hylsysarja 1\/4&#8243;, 1\/2\u201d Tvardy"},"content":{"rendered":"","protected":false},"excerpt":{"rendered":"<div class=\"product-description-ui limited-container-ui product-description-lq\">\n<p>TVARDY Professional\u00a0 ty\u00f6kalusarja 1\/2&#8243; ja 1\/4&#8243; .Eritt\u00e4in laadukkas ammattik\u00e4ytt\u00f6\u00f6n soveltuva 72-osaisen hylsyavainsarja <strong>.<\/strong><\/p>\n<p>Ty\u00f6kalut on valmistettu kest\u00e4v\u00e4st\u00e4 CrV-ter\u00e4st\u00e4 CRV50BV30, ruuvik\u00e4rkien materiaali l\u00e4mp\u00f6k\u00e4sitelty S2-ter\u00e4s.<\/p>\n<p>Laadukkaat r\u00e4ikk\u00e4v\u00e4\u00e4ntimet 72-hampaisella mekanismilla ja Quick Release -toiminnolla, toimitetaan kest\u00e4v\u00e4ss\u00e4 salkussa.<\/p>\n<\/div>\n<div class=\"product-description-ui limited-container-ui product-description-lq\">\n<h4><strong>Sis\u00e4lt\u00f6:<\/strong><\/h4>\n<ul>\n<li>2x 1\/2&#8243; Jatkovarret 125 ja250 mm<\/li>\n<li>1x 1\/4&#8243; Jatkovarsi 100 mm<\/li>\n<li>1x T-v\u00e4\u00e4nt\u00f6kappale 1\/2&#8243;<\/li>\n<li>1x T-v\u00e4\u00e4nnin 1\/4&#8243;<\/li>\n<li>1x Nivel 1\/2&#8243;<\/li>\n<li>7x Kuusiokoloavaimia: \u00a01.27, 1.5, 2, 2.5, 3, 4, 5 mm<\/li>\n<li>1x Ruuvitaltta hylsyille\u00a0 1\/4&#8243;<\/li>\n<li>2x R\u00e4ikk\u00e4v\u00e4\u00e4nnin 1\/2&#8243; ja 1\/4&#8243;<\/li>\n<li>1x 1\/4&#8243; Bits sovitin<\/li>\n<li>1x 1\/2&#8243; Sytytystulppahylsy (65mm): 21mm<\/li>\n<li>16x 1\/2&#8243; Hylsyj\u00e4: 10, 11, 12, 13, 14, 15, 16, 17, 18, 19, 20, 21, 22, 24, 27 mm<\/li>\n<li>10x 1\/4&#8243; Hylsyj\u00e4: 4, 5, 6, 7, 8, 9, 10, 11, 12, 13 mm<\/li>\n<\/ul>\n<p>&nbsp;<\/p>\n<ul>\n<li><strong>Ruuvausk\u00e4rjet 1\/4&#8243;<\/strong>:\n<ul>\n<li>Kuusiokolo: 3, 4, 5, 6, 7, 8<\/li>\n<li>PH0, PH1, PH2, PH3<\/li>\n<li>Ura: 4, 5, 5.5, 6, 7 mm,<\/li>\n<li>PZ0, PZ1, PZ2, PZ3,<\/li>\n<li>Torx: T8, T9, T10, T15, T20, T25, T27, T30, T40,<\/li>\n<li>Square: S0, S1, S2, S3<\/li>\n<\/ul>\n<\/li>\n<\/ul>\n<\/div>\n<div class=\"product-attributes-ui clear-after-ui product-attributes-lq\">\n<p>Paino: 5 kg<\/p>\n<p>Materiaali: CRV50BV30, S2.<\/p>\n<p>&nbsp;<\/p>\n<\/div>\n","protected":false},"featured_media":19296,"template":"","meta":{"_acf_changed":false,"_seopress_robots_primary_cat":"","_seopress_titles_title":"","_seopress_titles_desc":"","_seopress_robots_index":""},"product_cat":[487,337,40],"product_tag":[],"class_list":{"0":"post-19988","1":"product","2":"type-product","3":"status-publish","4":"has-post-thumbnail","6":"product_cat-hylsytyokalut-vaantotyokalut","7":"product_cat-tyokalut","8":"product_cat-korjaamolaitteet","9":"product_shipping_class-tillbehor-790e","11":"first","12":"instock","13":"taxable","14":"shipping-taxable","15":"purchasable","16":"product-type-simple","swatches":"rey-swatches","show_selected":""},"acf":[],"_links":{"self":[{"href":"https:\/\/toolhouse.fi\/fi\/wp-json\/wp\/v2\/product\/19988","targetHints":{"allow":["GET"]}}],"collection":[{"href":"https:\/\/toolhouse.fi\/fi\/wp-json\/wp\/v2\/product"}],"about":[{"href":"https:\/\/toolhouse.fi\/fi\/wp-json\/wp\/v2\/types\/product"}],"version-history":[{"count":0,"href":"https:\/\/toolhouse.fi\/fi\/wp-json\/wp\/v2\/product\/19988\/revisions"}],"wp:featuredmedia":[{"embeddable":true,"href":"https:\/\/toolhouse.fi\/fi\/wp-json\/wp\/v2\/media\/19296"}],"wp:attachment":[{"href":"https:\/\/toolhouse.fi\/fi\/wp-json\/wp\/v2\/media?parent=19988"}],"wp:term":[{"taxonomy":"product_cat","embeddable":true,"href":"https:\/\/toolhouse.fi\/fi\/wp-json\/wp\/v2\/product_cat?post=19988"},{"taxonomy":"product_tag","embeddable":true,"href":"https:\/\/toolhouse.fi\/fi\/wp-json\/wp\/v2\/product_tag?post=19988"}],"curies":[{"name":"wp","href":"https:\/\/api.w.org\/{rel}","templated":true}]}}