{"id":19989,"date":"2024-09-10T15:31:40","date_gmt":"2024-09-10T12:31:40","guid":{"rendered":"https:\/\/toolhouse.fi\/?post_type=product&#038;p=19989"},"modified":"2026-01-26T13:11:28","modified_gmt":"2026-01-26T11:11:28","slug":"laakerin-asennustyokalusarja","status":"publish","type":"product","link":"https:\/\/toolhouse.fi\/fi\/tuote\/laakerin-asennustyokalusarja\/","title":{"rendered":"Laakerin asennusty\u00f6kalusarja"},"content":{"rendered":"","protected":false},"excerpt":{"rendered":"<p>Laakerin asennusty\u00f6kalu on suunniteltu laakerikeh\u00e4n ja stefan asennukseen aiheuttamatta vaurioita keh\u00e4lle ja akselikotelolle. Asennusty\u00f6kalu on hy\u00f6dyllinen my\u00f6s pienten puslien asennuksissa.<\/p>\n<p>Alumiinisovittimien halkaisijat:<\/p>\n<p>39.5 \/ 44.5 \/ 50 \/ 59 \/ 63 \/ 65 \/ 72 \/ 76 \/ 81 mm<\/p>\n<p>Sarja sis\u00e4lt\u00e4\u00e4 holkit useimpiin py\u00f6r\u00e4nlaakerikokoihin.<\/p>\n<p>Kest\u00e4v\u00e4 alumiinirakenne ei vahingoita laakeria.<\/p>\n<p>&nbsp;<\/p>\n<ul>\n<li>Paino: 1,6kg<\/li>\n<li>Valmistaja: Geko<\/li>\n<\/ul>\n","protected":false},"featured_media":19307,"template":"","meta":{"_acf_changed":false,"_seopress_robots_primary_cat":"","_seopress_titles_title":"","_seopress_titles_desc":"","_seopress_robots_index":""},"product_cat":[481,339,462],"product_tag":[],"class_list":{"0":"post-19989","1":"product","2":"type-product","3":"status-publish","4":"has-post-thumbnail","6":"product_cat-alusta-ja-voimansiirtotyokalut","7":"product_cat-autotyokalut","8":"product_cat-varaosat-ja-tarvikkeet-hydrauliprassit","9":"product_shipping_class-tillbehor-790e","11":"first","12":"instock","13":"taxable","14":"shipping-taxable","15":"purchasable","16":"product-type-simple","swatches":"rey-swatches","show_selected":""},"acf":[],"_links":{"self":[{"href":"https:\/\/toolhouse.fi\/fi\/wp-json\/wp\/v2\/product\/19989","targetHints":{"allow":["GET"]}}],"collection":[{"href":"https:\/\/toolhouse.fi\/fi\/wp-json\/wp\/v2\/product"}],"about":[{"href":"https:\/\/toolhouse.fi\/fi\/wp-json\/wp\/v2\/types\/product"}],"version-history":[{"count":0,"href":"https:\/\/toolhouse.fi\/fi\/wp-json\/wp\/v2\/product\/19989\/revisions"}],"wp:featuredmedia":[{"embeddable":true,"href":"https:\/\/toolhouse.fi\/fi\/wp-json\/wp\/v2\/media\/19307"}],"wp:attachment":[{"href":"https:\/\/toolhouse.fi\/fi\/wp-json\/wp\/v2\/media?parent=19989"}],"wp:term":[{"taxonomy":"product_cat","embeddable":true,"href":"https:\/\/toolhouse.fi\/fi\/wp-json\/wp\/v2\/product_cat?post=19989"},{"taxonomy":"product_tag","embeddable":true,"href":"https:\/\/toolhouse.fi\/fi\/wp-json\/wp\/v2\/product_tag?post=19989"}],"curies":[{"name":"wp","href":"https:\/\/api.w.org\/{rel}","templated":true}]}}