{"id":19990,"date":"2024-09-10T15:31:40","date_gmt":"2024-09-10T12:38:20","guid":{"rendered":"https:\/\/toolhouse.fi\/?post_type=product&#038;p=19990"},"modified":"2025-09-02T13:43:24","modified_gmt":"2025-09-02T10:43:24","slug":"kierretyokalusarja-metrinen-110-osaa","status":"publish","type":"product","link":"https:\/\/toolhouse.fi\/fi\/tuote\/kierretyokalusarja-metrinen-110-osaa\/","title":{"rendered":"Kierrety\u00f6kalusarja metrinen 110 osaa"},"content":{"rendered":"","protected":false},"excerpt":{"rendered":"<p><b>Geko <\/b>Kierrety\u00f6kalusarja metrinen 110 osaa<\/p>\n<p>Sis\u00e4lt\u00e4\u00e4 metriset,kierrepakat ja kierretapit, M2 &#8211; M18.<\/p>\n<p>&nbsp;<\/p>\n<ul>\n<li>Valmistaja: Geko<\/li>\n<li>110 osaa.<\/li>\n<li>Koko: 330 x 430 x 50mm.<\/li>\n<li>Materiaali: Hiiliter\u00e4s.<\/li>\n<\/ul>\n<p><strong>Sis\u00e4lt\u00f6:<\/strong><\/p>\n<ul>\n<li>2 kpl tapin v\u00e4\u00e4nnint\u00e4.<\/li>\n<li>2 kpl pakan v\u00e4\u00e4nnint\u00e4.<\/li>\n<li>1 kpl\u00a0 T \u2013 pidin.<\/li>\n<li>35 kpl kierrepakat.<\/li>\n<li>70 kpl kierretappia.<\/li>\n<\/ul>\n<p><strong>Kierrepakat<\/strong>.<\/p>\n<ul>\n<li>M2 x 0.4mm<\/li>\n<li>M3 x 0.5mm<\/li>\n<li>M4 x 0.7mm<\/li>\n<li>M5 x 0.8mm<\/li>\n<li>M6 x 0.75mm, M6 x 1.0mm<\/li>\n<li>M7 x 0.75mm, M7 x 1.0mm<\/li>\n<li>M8 x 0.75mm, M8 x 1.0mm, M8 x 1.25mm<\/li>\n<li>M9 x 0.75mm, M9 x 1.0mm, M9 x 1.25mm<\/li>\n<li>M10 x 0.75mm, M10 x 1.0mm, M10 x 1.25mm, M10 x 1.5mm<\/li>\n<li>M11 x 0.75mm, M11 x 1.0mm, M11 x 1.25mm, M11 x 1.5mm<\/li>\n<li>M12 x 0.75mm, M12 x 1.0mm, M12 x 1.25mm, M12 x 1.5mm, M12 x 1.75mm<\/li>\n<li>M14 x 1.0mm, M14 x 1.25mm, M14 x 1.5mm, M14 x 2.0mm<\/li>\n<li>M16 x 1.0mm, M16 x 1.5mm, M16 x 2.0mm<\/li>\n<li>M18 x 1.5mm<\/li>\n<\/ul>\n<p><strong>Kierretappia, (35kpl aloitus- ja 35kpl lopetustapit)<\/strong><\/p>\n<ul>\n<li>M2 x 0.4mm<\/li>\n<li>M3 x 0.5mm<\/li>\n<li>M4 x 0.7mm<\/li>\n<li>M5 x 0.8mm<\/li>\n<li>M6 x 0.75mm, M6 x 1.0mm<\/li>\n<li>M7 x 0.75mm, M7 x 1.0mm<\/li>\n<li>M8 x 0.75mm, M8 x 1.0mm, M8 x 1.25mm<\/li>\n<li>M9 x 0.75mm, M9 x 1.0mm, M9 x 1.25mm<\/li>\n<li>M10 x 0.75mm, M10 x 1.0mm, M10 x 1.25mm, M10 x 1.5mm<\/li>\n<li>M11 x 0.75mm, M11 x 1.0mm, M11 x 1.25mm, M11 x 1.5mm<\/li>\n<li>M12 x 0.75mm, M12 x 1.0mm, M12 x 1.25mm, M12 x 1.5mm, M12 x 1.75mm<\/li>\n<li>M14 x 1.0mm, M14 x 1.25mm, M14 x 1.5mm, M14 x 2.0mm<\/li>\n<li>M16 x 1.0mm, M16 x 1.5mm, M16 x 2.0mm<\/li>\n<li>M18 x 1.5mm<\/li>\n<\/ul>\n","protected":false},"featured_media":19316,"template":"","meta":{"_acf_changed":false,"_seopress_robots_primary_cat":"","_seopress_titles_title":"","_seopress_titles_desc":"","_seopress_robots_index":""},"product_cat":[489,337,40],"product_tag":[],"class_list":{"0":"post-19990","1":"product","2":"type-product","3":"status-publish","4":"has-post-thumbnail","6":"product_cat-kierretyokalut","7":"product_cat-tyokalut","8":"product_cat-korjaamolaitteet","9":"product_shipping_class-tillbehor-790e","11":"first","12":"instock","13":"taxable","14":"shipping-taxable","15":"purchasable","16":"product-type-simple","swatches":"rey-swatches","show_selected":""},"acf":[],"_links":{"self":[{"href":"https:\/\/toolhouse.fi\/fi\/wp-json\/wp\/v2\/product\/19990","targetHints":{"allow":["GET"]}}],"collection":[{"href":"https:\/\/toolhouse.fi\/fi\/wp-json\/wp\/v2\/product"}],"about":[{"href":"https:\/\/toolhouse.fi\/fi\/wp-json\/wp\/v2\/types\/product"}],"version-history":[{"count":1,"href":"https:\/\/toolhouse.fi\/fi\/wp-json\/wp\/v2\/product\/19990\/revisions"}],"predecessor-version":[{"id":20019,"href":"https:\/\/toolhouse.fi\/fi\/wp-json\/wp\/v2\/product\/19990\/revisions\/20019"}],"wp:featuredmedia":[{"embeddable":true,"href":"https:\/\/toolhouse.fi\/fi\/wp-json\/wp\/v2\/media\/19316"}],"wp:attachment":[{"href":"https:\/\/toolhouse.fi\/fi\/wp-json\/wp\/v2\/media?parent=19990"}],"wp:term":[{"taxonomy":"product_cat","embeddable":true,"href":"https:\/\/toolhouse.fi\/fi\/wp-json\/wp\/v2\/product_cat?post=19990"},{"taxonomy":"product_tag","embeddable":true,"href":"https:\/\/toolhouse.fi\/fi\/wp-json\/wp\/v2\/product_tag?post=19990"}],"curies":[{"name":"wp","href":"https:\/\/api.w.org\/{rel}","templated":true}]}}