{"id":19991,"date":"2024-09-10T15:31:40","date_gmt":"2024-09-10T12:31:40","guid":{"rendered":"https:\/\/toolhouse.fi\/?post_type=product&#038;p=19991"},"modified":"2026-05-06T13:15:43","modified_gmt":"2026-05-06T10:15:43","slug":"penkkihiomakone-200mm","status":"publish","type":"product","link":"https:\/\/toolhouse.fi\/fi\/tuote\/penkkihiomakone-200mm\/","title":{"rendered":"Penkkihiomakone 200mm"},"content":{"rendered":"<table>\n<tbody>\n<tr>\n<td><span style=\"color: #333333;\"><strong><span class=\"\">Valmistaja<\/span><\/strong><\/span><\/td>\n<td><span style=\"color: #333333;\"><strong>Geko<\/strong><\/span><\/td>\n<\/tr>\n<tr>\n<td><span style=\"color: #333333;\"><strong>Malli<\/strong><\/span><\/td>\n<td>\n<p class=\"page-title-ui page-title-ui-isk-fix page-title-lq \"><span style=\"color: #333333;\"><strong>\u00a0Md3220<\/strong><\/span><\/p>\n<\/td>\n<\/tr>\n<tr>\n<td><span style=\"color: #333333;\"><strong>J\u00e4nnite (V)<\/strong><\/span><\/td>\n<td><span style=\"color: #333333;\"><strong>230<\/strong><\/span><\/td>\n<\/tr>\n<tr>\n<td><span style=\"color: #333333;\"><strong>Teho (kW)<\/strong><\/span><\/td>\n<td><span style=\"color: #333333;\"><strong>0,35<\/strong><\/span><\/td>\n<\/tr>\n<tr>\n<td><span style=\"color: #333333;\"><strong>Py\u00f6rint\u00e4nopeus (rpm)<\/strong><\/span><\/td>\n<td><span style=\"color: #333333;\"><strong>2950<\/strong><\/span><\/td>\n<\/tr>\n<tr>\n<td><span style=\"color: #333333;\"><strong>Hiomakivet<\/strong><\/span><\/td>\n<td><span style=\"color: #333333;\"><strong>K36 \/ K60<\/strong><\/span><\/td>\n<\/tr>\n<tr>\n<td><span style=\"color: #333333;\"><strong>Hiomakivien koko (mm)<\/strong><\/span><\/td>\n<td><span style=\"color: #333333;\"><strong>200x20x16<\/strong><\/span><\/td>\n<\/tr>\n<tr>\n<td><span style=\"color: #333333;\"><strong>Virtajohdon pituus (mm)<\/strong><\/span><\/td>\n<td><span style=\"color: #333333;\"><strong>1600<\/strong><\/span><\/td>\n<\/tr>\n<tr>\n<td><\/td>\n<td><\/td>\n<\/tr>\n<tr>\n<td><span style=\"color: #333333;\"><strong>Leveys (mm)<\/strong><\/span><\/td>\n<td><span style=\"color: #333333;\"><strong>345<\/strong><\/span><\/td>\n<\/tr>\n<tr>\n<td><span style=\"color: #333333;\"><strong>Korkeus (mm)<\/strong><\/span><\/td>\n<td><span style=\"color: #333333;\"><strong>280<\/strong><\/span><\/td>\n<\/tr>\n<tr>\n<td><span style=\"color: #333333;\"><strong>Pituus(mm)<\/strong><\/span><\/td>\n<td><span style=\"color: #333333;\"><strong>260<\/strong><\/span><\/td>\n<\/tr>\n<\/tbody>\n<\/table>\n<table>\n<tbody>\n<tr>\n<td><span style=\"color: #333333;\"><strong>Paino (kg)\u00a0 \u00a0 \u00a0<\/strong><\/span><\/td>\n<td><span style=\"color: #333333;\"><strong>9\u00a0 \u00a0 \u00a0 \u00a0 \u00a0 \u00a0 \u00a0 \u00a0 \u00a0 \u00a0<\/strong><\/span><\/td>\n<\/tr>\n<tr>\n<td><span style=\"color: #333333;\"><strong>Materiaali<\/strong><\/span><\/td>\n<td><span style=\"color: #333333;\"><strong>Alumiinni\u00a0 \u00a0\u00a0<\/strong><\/span><\/td>\n<\/tr>\n<tr>\n<td><span style=\"color: #333333;\"><strong>Kipin\u00e4suoja<\/strong><\/span><\/p>\n<p><span style=\"color: #333333;\"><strong>Hiomatuki<\/strong><\/span><\/td>\n<td><span style=\"color: #333333;\"><strong>Kyll\u00e4<\/strong><\/span><\/p>\n<p><span style=\"color: #333333;\"><strong>Kyll\u00e4<\/strong><\/span><\/td>\n<\/tr>\n<tr>\n<td><span style=\"color: #333333;\"><strong>CE-hyv\u00e4ksytty<\/strong><\/span><\/td>\n<td><span style=\"color: #333333;\"><strong>Kyll\u00e4<\/strong><\/span><\/td>\n<\/tr>\n<tr>\n<td><span style=\"color: #333333;\"><strong>Takuu<\/strong><\/span><\/td>\n<td><span style=\"color: #333333;\"><strong>12 kuukautta<\/strong><\/span><\/td>\n<\/tr>\n<\/tbody>\n<\/table>\n","protected":false},"excerpt":{"rendered":"<p>Geko penkkihiomakone 350W moottorilla. Koneessa on karkea (K36) &#8211; ja hienohiontalaikka (K60), halkaisija 200 mm.<\/p>\n<p>Alustan kumijalat ja asennusrei\u00e4t varmistavat vakaat ty\u00f6skentelyolosuhteet.<\/p>\n<p>&nbsp;<\/p>\n<p>&nbsp;<\/p>\n<h3>Kaupan p\u00e4\u00e4lle saat hiomakiven oikaisuty\u00f6kalu ja suojalasit.<\/h3>\n<p class=\"page-title\"><a href=\"https:\/\/toolhouse.fi\/fi\/tuote\/hiomakiven-oikaisutyokalu\/\"><span class=\"base\" data-ui-id=\"page-title-wrapper\">Hiomakiven oikaisuty\u00f6kalu <\/span>Tuotetunnus: T78289<\/a><\/p>\n<p class=\"page-title\"><a href=\"https:\/\/toolhouse.fi\/fi\/tuote\/suojalasit-saadettavat\/\">Suojalasit Tuotetunnus: <span class=\"sku_wrapper\"><span class=\"sku\">T90021<\/span><\/span><\/a><\/p>\n<p>&nbsp;<\/p>\n","protected":false},"featured_media":19335,"template":"","meta":{"_acf_changed":false,"_seopress_robots_primary_cat":"","_seopress_titles_title":"","_seopress_titles_desc":"","_seopress_robots_index":"","_seopress_analysis_target_kw":""},"product_cat":[262,307],"product_tag":[],"class_list":{"0":"post-19991","1":"product","2":"type-product","3":"status-publish","4":"has-post-thumbnail","6":"product_cat-hitsaus-metallityo","7":"product_cat-nauhahiomakoneet","8":"product_shipping_class-tillbehor-790e","10":"first","11":"instock","12":"taxable","13":"shipping-taxable","14":"purchasable","15":"product-type-simple","swatches":"rey-swatches","show_selected":""},"acf":[],"_links":{"self":[{"href":"https:\/\/toolhouse.fi\/fi\/wp-json\/wp\/v2\/product\/19991","targetHints":{"allow":["GET"]}}],"collection":[{"href":"https:\/\/toolhouse.fi\/fi\/wp-json\/wp\/v2\/product"}],"about":[{"href":"https:\/\/toolhouse.fi\/fi\/wp-json\/wp\/v2\/types\/product"}],"version-history":[{"count":0,"href":"https:\/\/toolhouse.fi\/fi\/wp-json\/wp\/v2\/product\/19991\/revisions"}],"wp:featuredmedia":[{"embeddable":true,"href":"https:\/\/toolhouse.fi\/fi\/wp-json\/wp\/v2\/media\/19335"}],"wp:attachment":[{"href":"https:\/\/toolhouse.fi\/fi\/wp-json\/wp\/v2\/media?parent=19991"}],"wp:term":[{"taxonomy":"product_cat","embeddable":true,"href":"https:\/\/toolhouse.fi\/fi\/wp-json\/wp\/v2\/product_cat?post=19991"},{"taxonomy":"product_tag","embeddable":true,"href":"https:\/\/toolhouse.fi\/fi\/wp-json\/wp\/v2\/product_tag?post=19991"}],"curies":[{"name":"wp","href":"https:\/\/api.w.org\/{rel}","templated":true}]}}